{"id":11,"date":"2025-08-18T21:32:17","date_gmt":"2025-08-18T21:32:17","guid":{"rendered":"https:\/\/meridiens.org\/meridienjmstephf\/?page_id=11"},"modified":"2026-01-28T17:35:29","modified_gmt":"2026-01-28T17:35:29","slug":"a-propos-de","status":"publish","type":"page","link":"https:\/\/meridiens.org\/meridienjmstephf\/?page_id=11","title":{"rendered":"\u00c0 propos"},"content":{"rendered":"\n<p><strong>&nbsp;Fonctions actuelles<\/strong><\/p>\n\n\n\n<p><strong>Dr Jean-Marc St\u00e9phan<\/strong> [contact :&nbsp;jm.stephan@gmail.com]<\/p>\n\n\n\n<p>Docteur en M\u00e9decine (MD) (1984)<\/p>\n\n\n\n<p>M\u00e9decin acupuncteur lib\u00e9ral en secteur 2 (1984 \u20132024)<\/p>\n\n\n\n<p>M\u00e9decin acupuncteur lib\u00e9ral en secteur 3 (2025 &#8211;<\/p>\n\n\n\n<p>ORCID : 0000-0002-3377-2280<\/p>\n\n\n\n<p><strong><u> Dipl\u00f4mes.<\/u><\/strong><\/p>\n\n\n\n<p>Ann\u00e9e et lieu de Th\u00e8se en m\u00e9decine : 1984 \u00e0 Lille<\/p>\n\n\n\n<p>Dipl\u00f4me(s) d&rsquo;acupuncture et ann\u00e9e : DU d&rsquo;Acupuncture 1987 Lille<\/p>\n\n\n\n<p><strong>Autres dipl\u00f4mes :<\/strong><\/p>\n\n\n\n<p>Attestation d&rsquo;\u00e9tudes compl\u00e9mentaires option lecture et interpr\u00e9tation d&rsquo;un \u00e9lectrocardiogramme : 1990&nbsp; Lille<\/p>\n\n\n\n<p>Attestation d&rsquo;\u00e9tudes compl\u00e9mentaires option p\u00e9diatrie pratique : 1991 Lille<\/p>\n\n\n\n<p>Attestation d&rsquo;\u00e9tudes compl\u00e9mentaires option g\u00e9riatrie : 1994 Lille<\/p>\n\n\n\n<p><strong><u>Fonctions<\/u><\/strong><\/p>\n\n\n\n<p><strong>Directeur de la revue \u00ab&nbsp;Acupuncture &amp; Moxibustion&nbsp;\u00bb&nbsp;: mai 2004-<\/strong> <\/p>\n\n\n\n<p>Pr\u00e9sident de l&rsquo;association \u00ab\u00a0Acupuncture &amp; Moxibustion\u00a0\u00bb (2006 &#8211;<\/p>\n\n\n\n<p>Secr\u00e9taire-G\u00e9n\u00e9ral de l\u2019Association Scientifique des M\u00e9decins Acupuncteurs de France \/ \u00c9cole Fran\u00e7aise d\u2019Acupuncture (ASMAF-EFA [contact :&nbsp;jm.stephan@meridiens.org] (sept 2006-<\/p>\n\n\n\n<p>Pr\u00e9sident du SNMAF (Syndicat National des M\u00e9decins Acupuncteurs de France)&nbsp;: novembre 2013-<\/p>\n\n\n\n<p>Membre du Conseil d\u2019administration du SML (Syndicat des M\u00e9decins Lib\u00e9raux)&nbsp;: septembre 2022-<\/p>\n\n\n\n<p>Membre du R\u00e9seau R\u00e9gional de Canc\u00e9rologie ONCO NPDC puis HAUTS-DE-France depuis 2014-<\/p>\n\n\n\n<p>Membre du Conseil National Professionnel de l\u2019Acupuncture en France (depuis 2013-<\/p>\n\n\n\n<p>Membre titulaire du C.F.A-MTC (Coll\u00e8ge Fran\u00e7ais d\u2019Acupuncture et de MTC) depuis 20 avril 2013-<\/p>\n\n\n\n<p>Webmaster du site \u00ab&nbsp;\u00ab&nbsp;Acupuncture &amp; Moxibustion&nbsp;\u00bb (revue m\u00e9dicale d&rsquo;acupuncture et de m\u00e9decine traditionnelle chinoise) : 2002-<\/p>\n\n\n\n<p>Membre d\u2019honneur de la soci\u00e9t\u00e9 roumaine de MTC (2010-)<\/p>\n\n\n\n<p>Webmaster du site \u00ab&nbsp;M\u00e9ridiens version internet&nbsp;\u00bb (revue m\u00e9dicale d&rsquo;acupuncture et de m\u00e9decine traditionnelle chinoise) : <a href=\"http:\/\/www.meridiens.org\">www.meridiens.org<\/a>&nbsp;: 25 janvier 2000-<\/p>\n\n\n\n<p>Webmaster du site \u00ab&nbsp;Acupuncture &amp; moxibustion&nbsp;\u00bb (revue m\u00e9dicale d\u2019acupuncture et de m\u00e9decine traditionnelle chinoise) : <a href=\"http:\/\/www.acupuncture-moxibustion.org\">http:\/\/www.acupuncture-moxibustion.org<\/a><\/p>\n\n\n\n<p><strong><u> Fonctions \u00e9chues<\/u><\/strong><\/p>\n\n\n\n<div class=\"wp-block-group\"><div class=\"wp-block-group__inner-container is-layout-constrained wp-block-group-is-layout-constrained\">\n<p>Activit\u00e9 professionnelle hospitali\u00e8re&nbsp;: Consultations externes Centre Hospitalier de DENAIN 59220 (depuis juin 2005- avril 2024)<\/p>\n\n\n\n<p>Coordinateur du DIU acupuncture obst\u00e9tricale \u2013 Universit\u00e9 de Lille-Facult\u00e9 de M\u00e9decine (2010-d\u00e9cembre 2025)<\/p>\n\n\n\n<p>Membre du Coll\u00e8ge des Enseignants Francophones d\u2019Acupuncture M\u00e9dicale ( C.E.F.A.M.) depuis la cr\u00e9ation janvier 2018- D\u00e9cembre 2025<\/p>\n\n\n\n<p>Coordinateur module \u00ab&nbsp;\u00e9lectroacupuncture&nbsp;\u00bb du Master of Research in Acupuncture (Acupuncture Research Master Degree) de l\u2019Universit\u00e9 Unicamillus de Rome &#8211; Italie (<a href=\"https:\/\/www.unicamillus.org\"><strong>https:\/\/www.unicamillus.org<\/strong><\/a>). Niveau 7 du cadre europ\u00e9en de certification (2023-2024)<\/p>\n\n\n\n<p>Organisateur du voyage d\u2019\u00e9tude ASMAF-EFA \u00e0 Taichung (Ta\u00efwan) du7 f\u00e9vrier au 23 f\u00e9vrier 2020<\/p>\n\n\n\n<p>Organisateur du voyage d\u2019\u00e9tude ASMAF-EFA \u00e0 Shanghai (Chine) du 23 f\u00e9vrier au 9 mars 2019<\/p>\n\n\n\n<p>Organisateur du voyage d\u2019\u00e9tude ASMAF-EFA \u00e0 Shanghai (Chine) du 14 au 28 avril 2018<\/p>\n\n\n\n<p>Pr\u00e9sident de l&rsquo;association Organisatrice du Congr\u00e8s National d\u2019Acupuncture (OCNA) Bruxelles Lille 2019 : 2017- 2020<\/p>\n\n\n\n<p>Charg\u00e9 d\u2019Enseignement \u00e0 l\u2019Universit\u00e9 \u00e0 la facult\u00e9 de M\u00e9decine de Rouen \u2013 DIU acupuncture m\u00e9dicale (2009&#8230;avril 2024)<\/p>\n\n\n\n<p>Vice-Pr\u00e9sident de la commission Internet de la FAFORMEC (f\u00e9d\u00e9ration des acupuncteurs pour leur formation m\u00e9dicale)<\/p>\n\n\n\n<p>Pr\u00e9sident de l&rsquo;Ecole Fran\u00e7aise d&rsquo;Acupuncture et de l&rsquo;Association Scientifique des M\u00e9decins Acupuncteurs de France (ASMAF-EFA) \u00e0 Paris&nbsp;: 25 septembre 2003 \u2013 septembre 2006<\/p>\n\n\n\n<p>Pr\u00e9sident de l&rsquo;association Organisatrice du Congr\u00e8s National d\u2019Acupuncture (OCNA) Lille 2009 : 2007-2010<\/p>\n\n\n\n<p>Membre titulaire du C.F.A-MTC (Coll\u00e8ge Fran\u00e7ais d\u2019Acupuncture et de MTC) depuis 28 novembre 2002. D\u00e9mission 28 f\u00e9vrier 2009<\/p>\n\n\n\n<p>Membre du Conseil d\u2019Administration du CFA-MTC \u00e9lu le 17 avril 2004- avril 2008 (d\u00e9mission)<\/p>\n\n\n\n<p>Vice-Pr\u00e9sident de l&rsquo;Ecole Fran\u00e7aise d&rsquo;Acupuncture et de l&rsquo;Association Scientifique des M\u00e9decins Acupuncteurs de France (EFA-ASMAF) \u00e0 Paris de 1998 \u00e0 2003<\/p>\n\n\n\n<p><strong>&nbsp;<\/strong>Vice-pr\u00e9sident du SNMAF (Syndicat National des M\u00e9decins Acupuncteurs Fran\u00e7ais)&nbsp;: avril 2011- novembre 2013<\/p>\n\n\n\n<p>Webmaster du site \u00ab&nbsp;ACUDOC2&nbsp;\u00bb (base de donn\u00e9es consacr\u00e9e \u00e0 l\u2019acupuncture et la m\u00e9decine traditionnelle chinoise) : <a href=\"http:\/\/www.acudoc2.com\">http:\/\/www.acudoc2.com<\/a> (28\/08\/2004 -01\/09\/2018)<\/p>\n\n\n\n<p>Webmaster du site \u00ab&nbsp;ACUPUNCTURE-EBM&nbsp;\u00bb (\u00e9manation internet du groupe \u00e9valuation et lecture critique en acupuncture) : <a href=\"http:\/\/www.meridiens.org\/ECR\/ecr.html\">http:\/\/www.meridiens.org\/ECR\/ecr.html<\/a> (28\/08\/2004 -01\/09\/2018)<\/p>\n\n\n\n<p>Membre du Conseil de coordination de l\u2019enseignement universitaire du DIU d\u2019acupuncture obst\u00e9tricale et de la capacit\u00e9 d\u2019acupuncture (2006-2018)<\/p>\n\n\n\n<p>Charg\u00e9 d\u2019Enseignement \u00e0 la facult\u00e9 de M\u00e9decine de Paris Sud XI (DU acupuncture Scientifique) (2009\u20262013)&nbsp;; co-fondateur du DU acupuncture scientifique avec le Dr Nadia Volf et le P<sup>r<\/sup> Dan Benhamou<\/p>\n\n\n\n<p>Charg\u00e9 d\u2019Enseignement \u00e0 la facult\u00e9 de M\u00e9decine de Lille (AUEC acupuncture obst\u00e9trique) (2006..2010) ; (DU douleur aigu\u00eb&nbsp;: 2008.., DIU Acupuncture obst\u00e9tricale&nbsp;: 2009.<\/p>\n\n\n\n<p>Membre du Conseil de coordination de l\u2019enseignement universitaire du DIU d\u2019acupuncture obst\u00e9tricale et de la capacit\u00e9 d\u2019acupuncture (2006-2018)<\/p>\n\n\n\n<p>Membre du Conseil National Professionnel des M\u00e9decins \u00e0 Expertise particuli\u00e8re sections acupuncture<\/p>\n\n\n\n<p>Membre de l\u2019Union MEP SML<\/p>\n\n\n\n<p>&nbsp;Membre d\u2019honneur de la soci\u00e9t\u00e9 roumaine de MTC<\/p>\n<\/div><\/div>\n","protected":false},"excerpt":{"rendered":"<p>&nbsp;Fonctions actuelles Dr Jean-Marc St\u00e9phan [contact :&nbsp;jm.stephan@gmail.com] Docteur en M\u00e9decine (MD) (1984) M\u00e9decin acupuncteur lib\u00e9ral en secteur 2 (1984 \u20132024) M\u00e9decin acupuncteur lib\u00e9ral en secteur 3 (2025 &#8211; ORCID : 0000-0002-3377-2280 Dipl\u00f4mes. Ann\u00e9e et lieu de Th\u00e8se en m\u00e9decine : 1984 \u00e0 Lille Dipl\u00f4me(s) d&rsquo;acupuncture et ann\u00e9e : DU d&rsquo;Acupuncture 1987 Lille Autres dipl\u00f4mes : [&hellip;]<\/p>\n","protected":false},"author":1,"featured_media":0,"parent":0,"menu_order":0,"comment_status":"closed","ping_status":"closed","template":"","meta":{"footnotes":""},"class_list":["post-11","page","type-page","status-publish","hentry"],"_links":{"self":[{"href":"https:\/\/meridiens.org\/meridienjmstephf\/index.php?rest_route=\/wp\/v2\/pages\/11","targetHints":{"allow":["GET"]}}],"collection":[{"href":"https:\/\/meridiens.org\/meridienjmstephf\/index.php?rest_route=\/wp\/v2\/pages"}],"about":[{"href":"https:\/\/meridiens.org\/meridienjmstephf\/index.php?rest_route=\/wp\/v2\/types\/page"}],"author":[{"embeddable":true,"href":"https:\/\/meridiens.org\/meridienjmstephf\/index.php?rest_route=\/wp\/v2\/users\/1"}],"replies":[{"embeddable":true,"href":"https:\/\/meridiens.org\/meridienjmstephf\/index.php?rest_route=%2Fwp%2Fv2%2Fcomments&post=11"}],"version-history":[{"count":13,"href":"https:\/\/meridiens.org\/meridienjmstephf\/index.php?rest_route=\/wp\/v2\/pages\/11\/revisions"}],"predecessor-version":[{"id":3696,"href":"https:\/\/meridiens.org\/meridienjmstephf\/index.php?rest_route=\/wp\/v2\/pages\/11\/revisions\/3696"}],"wp:attachment":[{"href":"https:\/\/meridiens.org\/meridienjmstephf\/index.php?rest_route=%2Fwp%2Fv2%2Fmedia&parent=11"}],"curies":[{"name":"wp","href":"https:\/\/api.w.org\/{rel}","templated":true}]}}