{"id":1706,"date":"2025-09-09T21:20:57","date_gmt":"2025-09-09T21:20:57","guid":{"rendered":"https:\/\/meridiens.org\/meridienjmstephf\/?page_id=1706"},"modified":"2025-09-13T15:30:26","modified_gmt":"2025-09-13T15:30:26","slug":"histoire-et-textes","status":"publish","type":"page","link":"https:\/\/meridiens.org\/meridienjmstephf\/?page_id=1706","title":{"rendered":"Histoire et Textes"},"content":{"rendered":"<div class=\"wp-block-image\">\n<figure class=\"aligncenter size-full is-resized\"><img loading=\"lazy\" decoding=\"async\" width=\"1800\" height=\"1168\" src=\"https:\/\/meridiens.org\/meridienjmstephf\/wp-content\/uploads\/2025\/09\/Pyramides-du-plateau-de-Gizeh-Egypte-2670-a-2450-AEC.jpg\" alt=\"Pyramides du plateau de Gizeh (Egypte) -2670 \u00e0 -2450 AEC\" class=\"wp-image-1846\" style=\"width:900px\" srcset=\"https:\/\/meridiens.org\/meridienjmstephf\/wp-content\/uploads\/2025\/09\/Pyramides-du-plateau-de-Gizeh-Egypte-2670-a-2450-AEC.jpg 1800w, https:\/\/meridiens.org\/meridienjmstephf\/wp-content\/uploads\/2025\/09\/Pyramides-du-plateau-de-Gizeh-Egypte-2670-a-2450-AEC-300x195.jpg 300w, https:\/\/meridiens.org\/meridienjmstephf\/wp-content\/uploads\/2025\/09\/Pyramides-du-plateau-de-Gizeh-Egypte-2670-a-2450-AEC-1024x664.jpg 1024w, https:\/\/meridiens.org\/meridienjmstephf\/wp-content\/uploads\/2025\/09\/Pyramides-du-plateau-de-Gizeh-Egypte-2670-a-2450-AEC-768x498.jpg 768w, https:\/\/meridiens.org\/meridienjmstephf\/wp-content\/uploads\/2025\/09\/Pyramides-du-plateau-de-Gizeh-Egypte-2670-a-2450-AEC-1536x997.jpg 1536w, https:\/\/meridiens.org\/meridienjmstephf\/wp-content\/uploads\/2025\/09\/Pyramides-du-plateau-de-Gizeh-Egypte-2670-a-2450-AEC-624x405.jpg 624w\" sizes=\"auto, (max-width: 1800px) 100vw, 1800px\" \/><figcaption class=\"wp-element-caption\">Pyramides du plateau de Gizeh (Egypte) -2670 \u00e0 -2450 AEC<\/figcaption><\/figure>\n<\/div>\n\n\n<p class=\"has-background has-small-font-size\" style=\"background:linear-gradient(135deg,rgb(255,245,203) 0%,rgb(182,227,212) 94%,rgb(51,167,181) 100%)\">Les pyramides du plateau de Gizeh, en \u00c9gypte, sont un ensemble architectural embl\u00e9matique datant de -2670 \u00e0 -2450 av. J.-C. Elles sont compos\u00e9es de trois grandes pyramides, celle de Kh\u00e9ops, celle de Kh\u00e9phren et celle de Myk\u00e9rinos, ainsi que de plusieurs petites pyramides et structures associ\u00e9es. Ces constructions monumentales ont \u00e9t\u00e9 \u00e9rig\u00e9es comme tombeaux pour les pharaons de l\u2019Ancien Empire \u00e9gyptien. Elles t\u00e9moignent de l\u2019ing\u00e9niosit\u00e9 et de l\u2019importance de la civilisation \u00e9gyptienne de l\u2019\u00e9poque.<\/p>\n\n\n\n<hr class=\"wp-block-separator has-alpha-channel-opacity\"\/>\n\n\n\n<div class=\"wp-block-columns is-layout-flex wp-container-core-columns-is-layout-9d6595d7 wp-block-columns-is-layout-flex\">\n<div class=\"wp-block-column is-layout-flow wp-block-column-is-layout-flow\">\n<h2 class=\"wp-block-heading\"><a href=\"https:\/\/meridiens.org\/meridienjmstephf\/?p=1872\">\u00c9lectroacupuncture&nbsp;: \u00e9pist\u00e9mologie historique<\/a><\/h2>\n\n\n\n<figure class=\"wp-block-image size-large\"><a href=\"https:\/\/meridiens.org\/meridienjmstephf\/?p=1872\"><img loading=\"lazy\" decoding=\"async\" width=\"1024\" height=\"677\" src=\"https:\/\/meridiens.org\/meridienjmstephf\/wp-content\/uploads\/2025\/09\/Le-char-de-pierre-Ratha-temple-de-Vittala-XVe-vestige-de-lempire-Vijayanagara-Patrimoine-Unesco-2012-Karnataka-Inde-1024x677.jpg\" alt=\"Le char de pierre (R\u00e2tha) \u2013 temple de Vittala ( XVe) vestige de l\u2019empire Vijayanagara \u2013 Patrimoine Unesco 2012 \u2013 Karnataka \u2013 Inde\" class=\"wp-image-1850\" srcset=\"https:\/\/meridiens.org\/meridienjmstephf\/wp-content\/uploads\/2025\/09\/Le-char-de-pierre-Ratha-temple-de-Vittala-XVe-vestige-de-lempire-Vijayanagara-Patrimoine-Unesco-2012-Karnataka-Inde-1024x677.jpg 1024w, https:\/\/meridiens.org\/meridienjmstephf\/wp-content\/uploads\/2025\/09\/Le-char-de-pierre-Ratha-temple-de-Vittala-XVe-vestige-de-lempire-Vijayanagara-Patrimoine-Unesco-2012-Karnataka-Inde-300x198.jpg 300w, https:\/\/meridiens.org\/meridienjmstephf\/wp-content\/uploads\/2025\/09\/Le-char-de-pierre-Ratha-temple-de-Vittala-XVe-vestige-de-lempire-Vijayanagara-Patrimoine-Unesco-2012-Karnataka-Inde-768x507.jpg 768w, https:\/\/meridiens.org\/meridienjmstephf\/wp-content\/uploads\/2025\/09\/Le-char-de-pierre-Ratha-temple-de-Vittala-XVe-vestige-de-lempire-Vijayanagara-Patrimoine-Unesco-2012-Karnataka-Inde-624x412.jpg 624w, https:\/\/meridiens.org\/meridienjmstephf\/wp-content\/uploads\/2025\/09\/Le-char-de-pierre-Ratha-temple-de-Vittala-XVe-vestige-de-lempire-Vijayanagara-Patrimoine-Unesco-2012-Karnataka-Inde.jpg 1506w\" sizes=\"auto, (max-width: 1024px) 100vw, 1024px\" \/><\/a><figcaption class=\"wp-element-caption\">Le char de pierre (R\u00e2tha) \u2013 temple de Vittala ( XVe) vestige de l\u2019empire Vijayanagara \u2013 Patrimoine Unesco 2012 \u2013 Karnataka \u2013 Inde<\/figcaption><\/figure>\n\n\n\n<p class=\"has-small-font-size\"><strong>R\u00e9sum\u00e9.&nbsp;<\/strong>La plus ancienne utilisation th\u00e9rapeutique de l\u2019\u00e9lectricit\u00e9 semble \u00eatre celle du poisson-chat \u00e9lectrique durant la V<sup>e<\/sup>&nbsp;dynastie \u00e9gyptienne de l\u2019Ancien Empire (vers 2500 ans AEC). Pline, Plutarque puis Galien au 2<sup>e<\/sup>&nbsp;si\u00e8cle de notre \u00e8re en parle aussi dans leurs \u00e9crits. Mais il faudra attendre le Chevalier Jean-Baptiste Sarlandi\u00e8re en 1825, puis Edmond Hermel et Guillaume-Benjamin Duchenne de Boulogne pour conna\u00eetre davantage ce qu\u2019on appelait \u00e0 l\u2019\u00e9poque \u00e9lectropuncture, une th\u00e9rapeutique en rapport avec le galvanisme, puis la faradisation. <\/p>\n\n\n\n<p class=\"has-small-font-size\">Le XX<sup>e&nbsp;<\/sup>si\u00e8cle verra appara\u00eetre v\u00e9ritablement l\u2019\u00e9lectroacupuncture (EA) avec De la Fu\u00ffe et Reinhold Voll mais une EA entach\u00e9e de paradigmes sujets \u00e0 caution, comme l\u2019hom\u00e9osiniatrie diathermique ou l\u2019\u00e9lectroacupuncture selon Voll (EAV). L\u2019EA \u00e0 la d\u00e9marche scientifique ne fera r\u00e9ellement son apparition qu\u2019\u00e0 partir de 1965 avec Han Ji Sheng, Cheng et Pomeranz, etc., qui objectiv\u00e8rent l\u2019intervention des r\u00e9cepteurs endorphiniques. A partir de ce moment, l\u2019int\u00e9r\u00eat pour l\u2019EA ne fl\u00e9chit pas et le nombre d\u2019essais comparatifs randomis\u00e9s (ECR) et d\u2019\u00e9tudes animales exp\u00e9rimentales ne cesse d\u2019augmenter chaque ann\u00e9e pour en faire une composante majeure de l\u2019acupuncture et des techniques associ\u00e9es.<\/p>\n\n\n<div class=\"wp-block-image\">\n<figure class=\"aligncenter size-full\"><a href=\"https:\/\/meridiens.org\/meridienjmstephf\/?p=1872\"><img decoding=\"async\" src=\"https:\/\/meridiens.org\/meridienjmstephf\/wp-content\/uploads\/2025\/09\/Palais-de-Mysore-1897-1912-Salle-daudience-architecture-anglo-indienne-Mysore-Karnataka-Inde.jpg\" alt=\"Palais de Mysore (1897-1912) \u2013 Salle d\u2019audience \u2013 architecture anglo-indienne \u2013 Mysore \u2013 Karnataka \u2013 Inde\" class=\"wp-image-1854\"\/><\/a><figcaption class=\"wp-element-caption\">Palais de Mysore (1897-1912) \u2013 Salle d\u2019audience \u2013 architecture anglo-indienne \u2013 Mysore \u2013 Karnataka \u2013 Inde<\/figcaption><\/figure>\n<\/div>\n\n\n<p><\/p>\n<\/div>\n\n\n\n<div class=\"wp-block-column is-layout-flow wp-block-column-is-layout-flow\">\n<h2 class=\"wp-block-heading\"><strong><a href=\"https:\/\/meridiens.org\/meridienjmstephf\/?p=1922\">Abr\u00e9g\u00e9 de l\u2019histoire de la m\u00e9decine chinoise<\/a><\/strong><\/h2>\n\n\n\n<p><strong>OBJECTIF<\/strong> : Conna\u00eetre l\u2019essentiel de l\u2019histoire de la m\u00e9decine chinoise, des civilisations protohistoriques \u00e0 nos jours.<\/p>\n\n\n<div class=\"wp-block-image\">\n<figure class=\"aligncenter size-full\"><a href=\"https:\/\/meridiens.org\/meridienjmstephf\/?p=1922\"><img loading=\"lazy\" decoding=\"async\" width=\"1574\" height=\"1049\" src=\"https:\/\/meridiens.org\/meridienjmstephf\/wp-content\/uploads\/2025\/09\/Petra-Jordanie-La-Khazneh-1siecleAEC.jpg\" alt=\"P\u00e9tra \u2013 cit\u00e9 nabat\u00e9enne \u2013 La Khazneh (1si\u00e8cle AEC) \u2013 patrimoine mondial de l\u2019UNESCO (1985) \u2013 Jordanie\" class=\"wp-image-1856\" srcset=\"https:\/\/meridiens.org\/meridienjmstephf\/wp-content\/uploads\/2025\/09\/Petra-Jordanie-La-Khazneh-1siecleAEC.jpg 1574w, https:\/\/meridiens.org\/meridienjmstephf\/wp-content\/uploads\/2025\/09\/Petra-Jordanie-La-Khazneh-1siecleAEC-300x200.jpg 300w, https:\/\/meridiens.org\/meridienjmstephf\/wp-content\/uploads\/2025\/09\/Petra-Jordanie-La-Khazneh-1siecleAEC-1024x682.jpg 1024w, https:\/\/meridiens.org\/meridienjmstephf\/wp-content\/uploads\/2025\/09\/Petra-Jordanie-La-Khazneh-1siecleAEC-768x512.jpg 768w, https:\/\/meridiens.org\/meridienjmstephf\/wp-content\/uploads\/2025\/09\/Petra-Jordanie-La-Khazneh-1siecleAEC-1536x1024.jpg 1536w, https:\/\/meridiens.org\/meridienjmstephf\/wp-content\/uploads\/2025\/09\/Petra-Jordanie-La-Khazneh-1siecleAEC-624x416.jpg 624w\" sizes=\"auto, (max-width: 1574px) 100vw, 1574px\" \/><\/a><figcaption class=\"wp-element-caption\">P\u00e9tra \u2013 cit\u00e9 nabat\u00e9enne \u2013 La Khazneh (1si\u00e8cle AEC) \u2013 patrimoine mondial de l\u2019UNESCO (1985) \u2013 Jordanie<\/figcaption><\/figure>\n<\/div>\n\n\n<p class=\"has-small-font-size\">Tradition invent\u00e9e ou m\u00e9decine int\u00e9grative&nbsp;? De la naissance de l\u2019acupuncture au cours des dynasties Xia, Shang et Zhou au 16 novembre 2010, date de l\u2019inscription de l\u2019acupuncture \u2013 moxibustion au&nbsp;patrimoine culturel immat\u00e9riel de l\u2019humanit\u00e9 de l\u2019UNESCO, un abr\u00e9g\u00e9 de l\u2019histoire de la m\u00e9decine vous propose de comprendre son \u00e9volution au cours des si\u00e8cles.<\/p>\n\n\n\n<h2 class=\"wp-block-heading\"><a href=\"https:\/\/meridiens.org\/meridienjmstephf\/?p=1816\">Les Textes Classiques : Yijing,&nbsp;Neijing,&nbsp;Nanjing,&nbsp;Shanghanlun,&nbsp;Jiayijing,&nbsp;Dacheng<\/a><\/h2>\n\n\n\n<div class=\"wp-block-group\"><div class=\"wp-block-group__inner-container is-layout-constrained wp-block-group-is-layout-constrained\">\n<p class=\"has-small-font-size\"><strong>OBJECTIF<\/strong> : Conna\u00eetre l\u2019essentiel des Textes classiques et leur importance pour le praticien acupuncteur.<\/p>\n\n\n\n<p class=\"has-small-font-size\">L\u2019influence du tao\u00efsme, de l\u2019\u00e9cole naturaliste et de l\u2019\u00e9cole confuc\u00e9enne est manifeste dans l\u2019\u00e9laboration de la M\u00e9decine Traditionnelle Chinoise. Tout acupuncteur d\u00e9sirant approfondir ses connaissances devra aborder les principaux textes que sont le&nbsp;Yijing, le&nbsp;Neijing, le&nbsp;Nanjing, le&nbsp;Shanghanlun, le&nbsp;Jiayijing&nbsp;et le&nbsp;Dacheng, tout en prenant conscience de la probl\u00e9matique des d\u00e9couvertes arch\u00e9ologiques r\u00e9centes et des traductions du chinois vers les langues occidentales.<\/p>\n\n\n<div class=\"wp-block-image\">\n<figure class=\"aligncenter size-large\"><a href=\"https:\/\/meridiens.org\/meridienjmstephf\/?p=1816\"><img loading=\"lazy\" decoding=\"async\" width=\"1024\" height=\"687\" src=\"https:\/\/meridiens.org\/meridienjmstephf\/wp-content\/uploads\/2025\/09\/Bibliotheque-de-Celsus-117-EC-Selcuk-Izmir-Turquie-1-1024x687.jpg\" alt=\"Biblioth\u00e8que de Celsus (117 EC) Sel\u00e7uk \u2013 \u0130zmir \u2013 Turquie\" class=\"wp-image-1860\" srcset=\"https:\/\/meridiens.org\/meridienjmstephf\/wp-content\/uploads\/2025\/09\/Bibliotheque-de-Celsus-117-EC-Selcuk-Izmir-Turquie-1-1024x687.jpg 1024w, https:\/\/meridiens.org\/meridienjmstephf\/wp-content\/uploads\/2025\/09\/Bibliotheque-de-Celsus-117-EC-Selcuk-Izmir-Turquie-1-300x201.jpg 300w, https:\/\/meridiens.org\/meridienjmstephf\/wp-content\/uploads\/2025\/09\/Bibliotheque-de-Celsus-117-EC-Selcuk-Izmir-Turquie-1-768x515.jpg 768w, https:\/\/meridiens.org\/meridienjmstephf\/wp-content\/uploads\/2025\/09\/Bibliotheque-de-Celsus-117-EC-Selcuk-Izmir-Turquie-1-624x418.jpg 624w, https:\/\/meridiens.org\/meridienjmstephf\/wp-content\/uploads\/2025\/09\/Bibliotheque-de-Celsus-117-EC-Selcuk-Izmir-Turquie-1.jpg 1399w\" sizes=\"auto, (max-width: 1024px) 100vw, 1024px\" \/><\/a><figcaption class=\"wp-element-caption\">Biblioth\u00e8que de Celsus (117 EC) Sel\u00e7uk \u2013 \u0130zmir \u2013 Turquie<\/figcaption><\/figure>\n<\/div><\/div><\/div>\n<\/div>\n<\/div>\n\n\n\n<p class=\"has-background has-small-font-size\" style=\"background:linear-gradient(135deg,rgb(255,245,203) 0%,rgb(182,227,212) 84%,rgb(51,167,181) 100%)\">Petra est une cit\u00e9 antique situ\u00e9e au sud de la Jordanie. Elle a \u00e9t\u00e9 construite par les Nabat\u00e9ens, un peuple arabe nomade qui a marqu\u00e9 l\u2019histoire de la Jordanie et de l\u2019Antiquit\u00e9. Petra est c\u00e9l\u00e8bre pour ses b\u00e2timents taill\u00e9s dans la roche, notamment le Khazneh, un temple fun\u00e9raire orn\u00e9 de colonnes et d\u2019un fronton sculpt\u00e9. La ville est \u00e9galement connue pour son syst\u00e8me hydraulique sophistiqu\u00e9, qui a permis de fournir de l\u2019eau \u00e0 la population et aux jardins environnants.<\/p>\n\n\n\n<hr class=\"wp-block-separator has-alpha-channel-opacity\"\/>\n\n\n\n<p><\/p>\n","protected":false},"excerpt":{"rendered":"<p>Les pyramides du plateau de Gizeh, en \u00c9gypte, sont un ensemble architectural embl\u00e9matique datant de -2670 \u00e0 -2450 av. J.-C. Elles sont compos\u00e9es de trois grandes pyramides, celle de Kh\u00e9ops, celle de Kh\u00e9phren et celle de Myk\u00e9rinos, ainsi que de plusieurs petites pyramides et structures associ\u00e9es. Ces constructions monumentales ont \u00e9t\u00e9 \u00e9rig\u00e9es comme tombeaux pour [&hellip;]<\/p>\n","protected":false},"author":1,"featured_media":0,"parent":0,"menu_order":0,"comment_status":"closed","ping_status":"closed","template":"","meta":{"footnotes":""},"class_list":["post-1706","page","type-page","status-publish","hentry"],"_links":{"self":[{"href":"https:\/\/meridiens.org\/meridienjmstephf\/index.php?rest_route=\/wp\/v2\/pages\/1706","targetHints":{"allow":["GET"]}}],"collection":[{"href":"https:\/\/meridiens.org\/meridienjmstephf\/index.php?rest_route=\/wp\/v2\/pages"}],"about":[{"href":"https:\/\/meridiens.org\/meridienjmstephf\/index.php?rest_route=\/wp\/v2\/types\/page"}],"author":[{"embeddable":true,"href":"https:\/\/meridiens.org\/meridienjmstephf\/index.php?rest_route=\/wp\/v2\/users\/1"}],"replies":[{"embeddable":true,"href":"https:\/\/meridiens.org\/meridienjmstephf\/index.php?rest_route=%2Fwp%2Fv2%2Fcomments&post=1706"}],"version-history":[{"count":16,"href":"https:\/\/meridiens.org\/meridienjmstephf\/index.php?rest_route=\/wp\/v2\/pages\/1706\/revisions"}],"predecessor-version":[{"id":1986,"href":"https:\/\/meridiens.org\/meridienjmstephf\/index.php?rest_route=\/wp\/v2\/pages\/1706\/revisions\/1986"}],"wp:attachment":[{"href":"https:\/\/meridiens.org\/meridienjmstephf\/index.php?rest_route=%2Fwp%2Fv2%2Fmedia&parent=1706"}],"curies":[{"name":"wp","href":"https:\/\/api.w.org\/{rel}","templated":true}]}}