{"id":1713,"date":"2025-12-21T17:35:11","date_gmt":"2025-12-21T17:35:11","guid":{"rendered":"https:\/\/meridiens.org\/meridienjmstephf\/?page_id=1713"},"modified":"2025-12-23T22:39:11","modified_gmt":"2025-12-23T22:39:11","slug":"tradition","status":"publish","type":"page","link":"https:\/\/meridiens.org\/meridienjmstephf\/?page_id=1713","title":{"rendered":"Tradition"},"content":{"rendered":"<div class=\"wp-block-image\">\n<figure class=\"aligncenter size-full is-resized\"><img loading=\"lazy\" decoding=\"async\" width=\"1588\" height=\"936\" src=\"https:\/\/meridiens.org\/meridienjmstephf\/wp-content\/uploads\/2025\/12\/Danses-traditionnelles-Banjul-Gambie.jpg\" alt=\"Danse et chant traditionnel \u00e0 Banjul, Gambie\" class=\"wp-image-3308\" style=\"width:900px\" srcset=\"https:\/\/meridiens.org\/meridienjmstephf\/wp-content\/uploads\/2025\/12\/Danses-traditionnelles-Banjul-Gambie.jpg 1588w, https:\/\/meridiens.org\/meridienjmstephf\/wp-content\/uploads\/2025\/12\/Danses-traditionnelles-Banjul-Gambie-300x177.jpg 300w, https:\/\/meridiens.org\/meridienjmstephf\/wp-content\/uploads\/2025\/12\/Danses-traditionnelles-Banjul-Gambie-1024x604.jpg 1024w, https:\/\/meridiens.org\/meridienjmstephf\/wp-content\/uploads\/2025\/12\/Danses-traditionnelles-Banjul-Gambie-768x453.jpg 768w, https:\/\/meridiens.org\/meridienjmstephf\/wp-content\/uploads\/2025\/12\/Danses-traditionnelles-Banjul-Gambie-1536x905.jpg 1536w, https:\/\/meridiens.org\/meridienjmstephf\/wp-content\/uploads\/2025\/12\/Danses-traditionnelles-Banjul-Gambie-624x368.jpg 624w\" sizes=\"auto, (max-width: 1588px) 100vw, 1588px\" \/><figcaption class=\"wp-element-caption\">Danse et chant traditionnel \u00e0 Banjul, Gambie<\/figcaption><\/figure>\n<\/div>\n\n\n<div class=\"wp-block-group\"><div class=\"wp-block-group__inner-container is-layout-constrained wp-block-group-is-layout-constrained\">\n<div class=\"wp-block-columns is-layout-flex wp-container-core-columns-is-layout-9d6595d7 wp-block-columns-is-layout-flex\">\n<div class=\"wp-block-column is-layout-flow wp-block-column-is-layout-flow\">\n<h2 class=\"wp-block-heading\"><a href=\"https:\/\/meridiens.org\/meridienjmstephf\/?p=3329\">Les&nbsp;<em>luomai<\/em>&nbsp;\u7d61\u8109&nbsp;[\u7edc\u8109]&nbsp;ou Vaisseaux&nbsp;<em>luo<\/em><\/a><\/h2>\n\n\n\n<p>Les&nbsp;<em>luomai<\/em>&nbsp;sont des Vaisseaux Secondaires comme les&nbsp;<em>jingjin&nbsp;<\/em>et les<em>&nbsp;jingbie<\/em>. Il s\u2019agit de comprendre leur apparition dans la M\u00e9decine Traditionnelle Chinoise de mani\u00e8re \u00e9pist\u00e9mologique, de conna\u00eetre leur trajet ainsi que la symptomatologie occasionn\u00e9e par leur atteinte et de savoir les utiliser dans des pathologies courantes.<\/p>\n\n\n\n<div class=\"wp-block-group\"><div class=\"wp-block-group__inner-container is-layout-constrained wp-block-group-is-layout-constrained\">\n<div class=\"wp-block-media-text is-stacked-on-mobile\"><figure class=\"wp-block-media-text__media\"><video controls src=\"https:\/\/meridiens.org\/meridienjmstephf\/wp-content\/uploads\/2025\/12\/MVI_0238.mov\"><\/video><\/figure><div class=\"wp-block-media-text__content\">\n<p class=\"has-small-font-size\">Danses traditionnelles \u2013 Lijiang \u2013 Yunnan -Chine<\/p>\n<\/div><\/div>\n<\/div><\/div>\n<\/div>\n\n\n\n<div class=\"wp-block-column is-layout-flow wp-block-column-is-layout-flow\">\n<h2 class=\"wp-block-heading\"><a href=\"https:\/\/meridiens.org\/meridienjmstephf\/?p=3331\">Les&nbsp;<em>jingbie&nbsp;<\/em>ou M\u00e9ridiens Distincts<\/a><\/h2>\n\n\n\n<p class=\"has-small-font-size\"><strong>OBJECTIF<\/strong>&nbsp;: Conna\u00eetre \u00e0 la lumi\u00e8re des traductions fran\u00e7aises des Textes classiques le trajet, la structure et l\u2019utilisation th\u00e9rapeutique des&nbsp;<em>jingbie.<\/em><\/p>\n\n\n\n<p class=\"has-small-font-size\">Les&nbsp;<em>jingbie<\/em>&nbsp;sont des Vaisseaux Secondaires comme les<em>&nbsp;jingjin.<\/em>&nbsp;Il s\u2019agit de comprendre leur apparition dans la M\u00e9decine Traditionnelle Chinoise de mani\u00e8re \u00e9pist\u00e9mologique, de conna\u00eetre leur trajet ainsi que la symptomatologie occasionn\u00e9e par leur atteinte&nbsp;; enfin de savoir les utiliser dans des pathologies courantes.<\/p>\n\n\n\n<div class=\"wp-block-media-text is-stacked-on-mobile\"><figure class=\"wp-block-media-text__media\"><video controls src=\"https:\/\/meridiens.org\/meridienjmstephf\/wp-content\/uploads\/2025\/12\/MVI_8586.mov\"><\/video><\/figure><div class=\"wp-block-media-text__content\">\n<p class=\"has-small-font-size\">Danse traditionnelle \u2013 \u010cilipi, Comitat de Dubrovnik-Neretva, Croatie<\/p>\n<\/div><\/div>\n<\/div>\n\n\n\n<div class=\"wp-block-column is-layout-flow wp-block-column-is-layout-flow\">\n<h2 class=\"wp-block-heading\"><a href=\"https:\/\/meridiens.org\/meridienjmstephf\/?p=3333\">Les jingjin \u7d93\u7b4b, M\u00e9ridiens Tendino-Musculaires ou Muscles des M\u00e9ridiens&nbsp;<\/a><\/h2>\n\n\n\n<p><strong>OBJECTIF :&nbsp;<\/strong>Conna\u00eetre \u00e0 la lumi\u00e8re des Textes classiques le trajet, la structure et l\u2019utilisation th\u00e9rapeutique des&nbsp;<em>jingjin.<\/em><\/p>\n\n\n\n<div class=\"wp-block-media-text is-stacked-on-mobile\"><figure class=\"wp-block-media-text__media\"><video controls src=\"https:\/\/meridiens.org\/meridienjmstephf\/wp-content\/uploads\/2025\/12\/MVI_7307.mov\"><\/video><\/figure><div class=\"wp-block-media-text__content\">\n<p>Apprentissage danse folklorique Khm\u00e8re \u2013 Phnom Penh \u2013 Cambodge<\/p>\n<\/div><\/div>\n\n\n\n<p class=\"has-small-font-size\">Les&nbsp;<em>jingjin<\/em>&nbsp;[\u7ecf\u7b4b] font partie des Vaisseaux Secondaires. Il s\u2019agit de comprendre leur apparition dans la M\u00e9decine Traditionnelle Chinoise de mani\u00e8re \u00e9pist\u00e9mologique&nbsp;; de conna\u00eetre leur trajet ainsi que la symptomatologie occasionn\u00e9e par leur atteinte&nbsp;; enfin de savoir les utiliser dans des pathologies courantes.<\/p>\n<\/div>\n<\/div>\n<\/div><\/div>\n\n\n\n<p><\/p>\n","protected":false},"excerpt":{"rendered":"<p>Les&nbsp;luomai&nbsp;\u7d61\u8109&nbsp;[\u7edc\u8109]&nbsp;ou Vaisseaux&nbsp;luo Les&nbsp;luomai&nbsp;sont des Vaisseaux Secondaires comme les&nbsp;jingjin&nbsp;et les&nbsp;jingbie. Il s\u2019agit de comprendre leur apparition dans la M\u00e9decine Traditionnelle Chinoise de mani\u00e8re \u00e9pist\u00e9mologique, de conna\u00eetre leur trajet ainsi que la symptomatologie occasionn\u00e9e par leur atteinte et de savoir les utiliser dans des pathologies courantes. Danses traditionnelles \u2013 Lijiang \u2013 Yunnan -Chine Les&nbsp;jingbie&nbsp;ou M\u00e9ridiens Distincts OBJECTIF&nbsp;: [&hellip;]<\/p>\n","protected":false},"author":1,"featured_media":0,"parent":0,"menu_order":0,"comment_status":"closed","ping_status":"closed","template":"","meta":{"footnotes":""},"class_list":["post-1713","page","type-page","status-publish","hentry"],"_links":{"self":[{"href":"https:\/\/meridiens.org\/meridienjmstephf\/index.php?rest_route=\/wp\/v2\/pages\/1713","targetHints":{"allow":["GET"]}}],"collection":[{"href":"https:\/\/meridiens.org\/meridienjmstephf\/index.php?rest_route=\/wp\/v2\/pages"}],"about":[{"href":"https:\/\/meridiens.org\/meridienjmstephf\/index.php?rest_route=\/wp\/v2\/types\/page"}],"author":[{"embeddable":true,"href":"https:\/\/meridiens.org\/meridienjmstephf\/index.php?rest_route=\/wp\/v2\/users\/1"}],"replies":[{"embeddable":true,"href":"https:\/\/meridiens.org\/meridienjmstephf\/index.php?rest_route=%2Fwp%2Fv2%2Fcomments&post=1713"}],"version-history":[{"count":16,"href":"https:\/\/meridiens.org\/meridienjmstephf\/index.php?rest_route=\/wp\/v2\/pages\/1713\/revisions"}],"predecessor-version":[{"id":3432,"href":"https:\/\/meridiens.org\/meridienjmstephf\/index.php?rest_route=\/wp\/v2\/pages\/1713\/revisions\/3432"}],"wp:attachment":[{"href":"https:\/\/meridiens.org\/meridienjmstephf\/index.php?rest_route=%2Fwp%2Fv2%2Fmedia&parent=1713"}],"curies":[{"name":"wp","href":"https:\/\/api.w.org\/{rel}","templated":true}]}}