{"id":1727,"date":"2025-09-10T03:48:21","date_gmt":"2025-09-10T03:48:21","guid":{"rendered":"https:\/\/meridiens.org\/meridienjmstephf\/?page_id=1727"},"modified":"2026-03-01T22:40:17","modified_gmt":"2026-03-01T22:40:17","slug":"addictions","status":"publish","type":"page","link":"https:\/\/meridiens.org\/meridienjmstephf\/?page_id=1727","title":{"rendered":"Addictions"},"content":{"rendered":"<div class=\"wp-block-image\">\n<figure class=\"aligncenter size-full is-resized\"><img loading=\"lazy\" decoding=\"async\" width=\"1344\" height=\"954\" src=\"https:\/\/meridiens.org\/meridienjmstephf\/wp-content\/uploads\/2025\/12\/addiction-au-marche-de-Yuanyang-dans-le-Yunnan-Chine.jpg\" alt=\"addiction au march\u00e9 de Yuanyang dans le Yunnan (Chine)\" class=\"wp-image-3162\" style=\"width:900px\" srcset=\"https:\/\/meridiens.org\/meridienjmstephf\/wp-content\/uploads\/2025\/12\/addiction-au-marche-de-Yuanyang-dans-le-Yunnan-Chine.jpg 1344w, https:\/\/meridiens.org\/meridienjmstephf\/wp-content\/uploads\/2025\/12\/addiction-au-marche-de-Yuanyang-dans-le-Yunnan-Chine-300x213.jpg 300w, https:\/\/meridiens.org\/meridienjmstephf\/wp-content\/uploads\/2025\/12\/addiction-au-marche-de-Yuanyang-dans-le-Yunnan-Chine-1024x727.jpg 1024w, https:\/\/meridiens.org\/meridienjmstephf\/wp-content\/uploads\/2025\/12\/addiction-au-marche-de-Yuanyang-dans-le-Yunnan-Chine-768x545.jpg 768w, https:\/\/meridiens.org\/meridienjmstephf\/wp-content\/uploads\/2025\/12\/addiction-au-marche-de-Yuanyang-dans-le-Yunnan-Chine-624x443.jpg 624w\" sizes=\"auto, (max-width: 1344px) 100vw, 1344px\" \/><figcaption class=\"wp-element-caption\">addiction au march\u00e9 de Yuanyang dans le Yunnan (Chine)<\/figcaption><\/figure>\n<\/div>\n\n\n<div class=\"wp-block-columns is-layout-flex wp-container-core-columns-is-layout-9d6595d7 wp-block-columns-is-layout-flex\">\n<div class=\"wp-block-column is-layout-flow wp-block-column-is-layout-flow\">\n<h2 class=\"wp-block-heading\"><a href=\"https:\/\/meridiens.org\/meridienjmstephf\/?p=3169\">Tabagisme De La Femme Enceinte Et Acupuncture<\/a><\/h2>\n\n\n<div class=\"wp-block-image\">\n<figure class=\"aligncenter size-full is-resized\"><a href=\"https:\/\/meridiens.org\/meridienjmstephf\/?p=3169\"><img loading=\"lazy\" decoding=\"async\" width=\"1800\" height=\"1200\" src=\"https:\/\/meridiens.org\/meridienjmstephf\/wp-content\/uploads\/2025\/12\/birmane-et-cigare.jpg\" alt=\"Femme de l\u2019ethnie Pa\u2019O fumant cigare vert Cheroot \u00e0 Inn Thein pr\u00e8s du lac Inle au Myanmar (Birmanie)\" class=\"wp-image-3189\" style=\"width:800px\" srcset=\"https:\/\/meridiens.org\/meridienjmstephf\/wp-content\/uploads\/2025\/12\/birmane-et-cigare.jpg 1800w, https:\/\/meridiens.org\/meridienjmstephf\/wp-content\/uploads\/2025\/12\/birmane-et-cigare-300x200.jpg 300w, https:\/\/meridiens.org\/meridienjmstephf\/wp-content\/uploads\/2025\/12\/birmane-et-cigare-1024x683.jpg 1024w, https:\/\/meridiens.org\/meridienjmstephf\/wp-content\/uploads\/2025\/12\/birmane-et-cigare-768x512.jpg 768w, https:\/\/meridiens.org\/meridienjmstephf\/wp-content\/uploads\/2025\/12\/birmane-et-cigare-1536x1024.jpg 1536w, https:\/\/meridiens.org\/meridienjmstephf\/wp-content\/uploads\/2025\/12\/birmane-et-cigare-624x416.jpg 624w\" sizes=\"auto, (max-width: 1800px) 100vw, 1800px\" \/><\/a><figcaption class=\"wp-element-caption\">Femme de l\u2019ethnie Pa\u2019O fumant cigare vert Cheroot \u00e0 Inn Thein pr\u00e8s du lac Inle au Myanmar (Birmanie)<\/figcaption><\/figure>\n<\/div>\n\n\n<p class=\"has-small-font-size\">Les recommandations de l\u2019Anaes (Agence nationale d\u2019accr\u00e9ditation et d\u2019\u00e9valuation en sant\u00e9)&nbsp;concernant le tabagisme en cas de grossesse ont \u00e9t\u00e9 publi\u00e9es ce 30 novembre 2004. Comme on pouvait s\u2019y attendre, elles occultent l\u2019int\u00e9r\u00eat de l\u2019acupuncture et la placent au m\u00eame niveau que l\u2019hypnoth\u00e9rapie.<\/p>\n\n\n\n<p class=\"has-small-font-size\">\u00ab\u00a0Les r\u00e9sultats sur l\u2019efficacit\u00e9 de l\u2019acupuncture dans la population g\u00e9n\u00e9rale sont contradictoires selon les \u00e9tudes : un effet sp\u00e9cifique, diff\u00e9rent de l\u2019effet placebo, n\u2019est pas clairement d\u00e9montr\u00e9. Il n\u2019y a pas d\u2019\u00e9tudes sp\u00e9cifiques \u00e0 la femme enceinte pour l\u2019hypnoth\u00e9rapie et l\u2019acupuncture, ni d\u2019accord professionnel pour les recommander.\u00a0\u00bb<\/p>\n<\/div>\n\n\n\n<div class=\"wp-block-column is-layout-flow wp-block-column-is-layout-flow\">\n<h2 class=\"wp-block-heading\"><a href=\"https:\/\/meridiens.org\/meridienjmstephf\/?p=3166\">Electroacupuncture, Addiction \u00c0 L\u2019h\u00e9ro\u00efne Et Endorphines<\/a><\/h2>\n\n\n<div class=\"wp-block-image\">\n<figure class=\"aligncenter size-full is-resized\"><a href=\"https:\/\/meridiens.org\/meridienjmstephf\/?p=3166\"><img loading=\"lazy\" decoding=\"async\" width=\"1188\" height=\"792\" src=\"https:\/\/meridiens.org\/meridienjmstephf\/wp-content\/uploads\/2025\/12\/chanvre-nepal.jpg\" alt=\"Chanvre indien (Cannabis sativa) : N\u00e9pal : sentier entre Telkot et Changu Narayan \u00e0 1650m d\u2019altitude\" class=\"wp-image-3192\" style=\"width:700px\" srcset=\"https:\/\/meridiens.org\/meridienjmstephf\/wp-content\/uploads\/2025\/12\/chanvre-nepal.jpg 1188w, https:\/\/meridiens.org\/meridienjmstephf\/wp-content\/uploads\/2025\/12\/chanvre-nepal-300x200.jpg 300w, https:\/\/meridiens.org\/meridienjmstephf\/wp-content\/uploads\/2025\/12\/chanvre-nepal-1024x683.jpg 1024w, https:\/\/meridiens.org\/meridienjmstephf\/wp-content\/uploads\/2025\/12\/chanvre-nepal-768x512.jpg 768w, https:\/\/meridiens.org\/meridienjmstephf\/wp-content\/uploads\/2025\/12\/chanvre-nepal-624x416.jpg 624w\" sizes=\"auto, (max-width: 1188px) 100vw, 1188px\" \/><\/a><figcaption class=\"wp-element-caption\">Chanvre indien (Cannabis sativa) : N\u00e9pal : sentier entre Telkot et Changu Narayan \u00e0 1650m d\u2019altitude<\/figcaption><\/figure>\n<\/div>\n\n\n<p class=\"has-small-font-size\">Le protocole de sevrage des addictions \u00e0 l\u2019h\u00e9ro\u00efne du&nbsp;professeur Nguyen Tai Thu&nbsp;d\u00e9crit dans le num\u00e9ro pr\u00e9c\u00e9dent par Pierre Moal, s\u2019appuie sur l\u2019int\u00e9r\u00eat de l\u2019utilisation des dosages des b\u00eata-endorphines comme moyen de suivi ou de gu\u00e9rison de la toxico-d\u00e9pendance [1]. Quelle en est la probl\u00e9matique&nbsp;?<\/p>\n\n\n<div class=\"wp-block-image\">\n<figure class=\"aligncenter size-large\"><a href=\"https:\/\/meridiens.org\/meridienjmstephf\/?p=3166\"><img decoding=\"async\" src=\"https:\/\/www.meridiens.org\/acuMoxi\/STEPHAN-HEROINE2_fichiers\/image001.png\" alt=\"\"\/><\/a><figcaption class=\"wp-element-caption\">Fleur de pavot rose (papaver orientalis rose)<\/figcaption><\/figure>\n<\/div><\/div>\n<\/div>\n\n\n\n<h2 class=\"wp-block-heading has-text-align-center\"><a href=\"https:\/\/meridiens.org\/meridienjmstephf\/?p=3171\">Comment traiter la boulimie par acupuncture<\/a><\/h2>\n\n\n<div class=\"wp-block-image\">\n<figure class=\"aligncenter size-full is-resized\"><a href=\"https:\/\/meridiens.org\/meridienjmstephf\/?p=3171\"><img loading=\"lazy\" decoding=\"async\" width=\"1748\" height=\"1161\" src=\"https:\/\/meridiens.org\/meridienjmstephf\/wp-content\/uploads\/2025\/12\/Patisseries-offrandes-pour-la-ceremonie-de-cremation-Ubud-Bali.jpg\" alt=\"P\u00e2tisseries \u2013 offrandes pour la c\u00e9r\u00e9monie de cr\u00e9mation \u2013 Ubud \u2013 Bali \u2013 Indon\u00e9sie\" class=\"wp-image-3198\" style=\"width:800px\" srcset=\"https:\/\/meridiens.org\/meridienjmstephf\/wp-content\/uploads\/2025\/12\/Patisseries-offrandes-pour-la-ceremonie-de-cremation-Ubud-Bali.jpg 1748w, https:\/\/meridiens.org\/meridienjmstephf\/wp-content\/uploads\/2025\/12\/Patisseries-offrandes-pour-la-ceremonie-de-cremation-Ubud-Bali-300x199.jpg 300w, https:\/\/meridiens.org\/meridienjmstephf\/wp-content\/uploads\/2025\/12\/Patisseries-offrandes-pour-la-ceremonie-de-cremation-Ubud-Bali-1024x680.jpg 1024w, https:\/\/meridiens.org\/meridienjmstephf\/wp-content\/uploads\/2025\/12\/Patisseries-offrandes-pour-la-ceremonie-de-cremation-Ubud-Bali-768x510.jpg 768w, https:\/\/meridiens.org\/meridienjmstephf\/wp-content\/uploads\/2025\/12\/Patisseries-offrandes-pour-la-ceremonie-de-cremation-Ubud-Bali-1536x1020.jpg 1536w, https:\/\/meridiens.org\/meridienjmstephf\/wp-content\/uploads\/2025\/12\/Patisseries-offrandes-pour-la-ceremonie-de-cremation-Ubud-Bali-624x414.jpg 624w\" sizes=\"auto, (max-width: 1748px) 100vw, 1748px\" \/><\/a><figcaption class=\"wp-element-caption\">P\u00e2tisseries \u2013 offrandes pour la c\u00e9r\u00e9monie de cr\u00e9mation \u2013 Ubud \u2013 Bali \u2013 Indon\u00e9sie<\/figcaption><\/figure>\n<\/div>\n\n\n<p class=\"has-small-font-size\"><strong>R\u00e9sum\u00e9 :<\/strong>&nbsp;Encore inconnue il y a 30 ans, la boulimie ne cesse d\u2019\u00e9tendre ses ravages. Elle touche environ 3% des femmes jeunes et est 4 fois plus fr\u00e9quente que l\u2019anorexie mentale. La boulimie consiste en un besoin impulsif et violent de manger, qui peut \u00eatre ind\u00e9pendant de toute faim v\u00e9ritable et que la sati\u00e9t\u00e9 ne calme pas. Apr\u00e8s l\u2019absorption rapide et sans plaisir d\u2019une quantit\u00e9 parfois \u00e9norme de nourriture, les boulimiques tentent de l\u2019\u00e9liminer en vomissant, en prenant des diur\u00e9tiques voire des laxatifs, le plus souvent en cachette, dans la honte et la culpabilit\u00e9.&nbsp;En M\u00e9decine Traditionnelle Chinoise, la boulimie trouve son origine dans la perturbation de la loge Terre, mais surtout dans l\u2019atteinte des entit\u00e9s visc\u00e9rales, en particulier celle du C\u0153ur : le Shen. Le traitement va donc consister \u00e0 r\u00e9\u00e9quilibrer le couple Rate-Pancr\u00e9as, Estomac ainsi qu\u2019\u00e0 r\u00e9gulariser l\u2019intrication des troubles des \u00e2mes visc\u00e9rales : Shen, Zhi, Po, Yi et Hun.<\/p>\n\n\n<div class=\"wp-block-image\">\n<figure class=\"aligncenter size-full is-resized\"><a href=\"https:\/\/meridiens.org\/meridienjmstephf\/?p=3171\"><img loading=\"lazy\" decoding=\"async\" width=\"1228\" height=\"955\" src=\"https:\/\/meridiens.org\/meridienjmstephf\/wp-content\/uploads\/2025\/12\/Hellado-de-Roman-2018-La-Carihuela-Espagne.jpg\" alt=\"Hellado de Roman (2018) -La Carihuela \u2013 Espagne\" class=\"wp-image-3199\" style=\"width:700px\" srcset=\"https:\/\/meridiens.org\/meridienjmstephf\/wp-content\/uploads\/2025\/12\/Hellado-de-Roman-2018-La-Carihuela-Espagne.jpg 1228w, https:\/\/meridiens.org\/meridienjmstephf\/wp-content\/uploads\/2025\/12\/Hellado-de-Roman-2018-La-Carihuela-Espagne-300x233.jpg 300w, https:\/\/meridiens.org\/meridienjmstephf\/wp-content\/uploads\/2025\/12\/Hellado-de-Roman-2018-La-Carihuela-Espagne-1024x796.jpg 1024w, https:\/\/meridiens.org\/meridienjmstephf\/wp-content\/uploads\/2025\/12\/Hellado-de-Roman-2018-La-Carihuela-Espagne-768x597.jpg 768w, https:\/\/meridiens.org\/meridienjmstephf\/wp-content\/uploads\/2025\/12\/Hellado-de-Roman-2018-La-Carihuela-Espagne-624x485.jpg 624w\" sizes=\"auto, (max-width: 1228px) 100vw, 1228px\" \/><\/a><figcaption class=\"wp-element-caption\">Hellado de Roman (2018) &#8211; La Carihuela \u2013 Espagne<\/figcaption><\/figure>\n<\/div>\n\n\n<p class=\"has-small-font-size\">Une explication de la boulimie selon la nosologie chinoise permet de choisir les points suivants : E 36&nbsp;<em>(Zusanli<\/em>), RP 6 (<em>Sanyinjiao<\/em>), E 40 (<em>Fenglong<\/em>), RP 3 (<em>Taibai<\/em>), RP 2 (<em>Dadu<\/em>), VG 20 (<em>Baihui<\/em>), MC 6 (<em>Neijuan<\/em>), C 7 (S<em>henmen<\/em>), E 45 (<em>Lidui<\/em>), P 1 (<em>Zhongfu<\/em>), V 42 (<em>Pohu<\/em>), VC 17 (<em>Shanzhong<\/em>), VC 14 (<em>Jujue<\/em>), V 44 (<em>Shentang<\/em>), F 13 (<em>Zhangmen<\/em>), V 49 (<em>Yishe)<\/em>, F 14 (<em>Qimen<\/em>), V 47 (<em>Hunmen)<\/em>, VB 25 (<em>Jingmen<\/em>) et V 52 (<em>Zhishi<\/em>) utilis\u00e9s tous ou en partie, en fonction de la d\u00e9termination de l\u2019organe atteint.&nbsp;<\/p>\n\n\n<div class=\"wp-block-image\">\n<figure class=\"aligncenter size-full is-resized\"><a href=\"https:\/\/meridiens.org\/meridienjmstephf\/?p=3171\"><img loading=\"lazy\" decoding=\"async\" width=\"1399\" height=\"740\" src=\"https:\/\/meridiens.org\/meridienjmstephf\/wp-content\/uploads\/2025\/12\/addiction.jpg\" alt=\"Rotterdam : Markthal (march\u00e9 couvert) architecte Winy Maas (2014) \u2013 Pays Bas\" class=\"wp-image-3201\" style=\"width:600px\" srcset=\"https:\/\/meridiens.org\/meridienjmstephf\/wp-content\/uploads\/2025\/12\/addiction.jpg 1399w, https:\/\/meridiens.org\/meridienjmstephf\/wp-content\/uploads\/2025\/12\/addiction-300x159.jpg 300w, https:\/\/meridiens.org\/meridienjmstephf\/wp-content\/uploads\/2025\/12\/addiction-1024x542.jpg 1024w, https:\/\/meridiens.org\/meridienjmstephf\/wp-content\/uploads\/2025\/12\/addiction-768x406.jpg 768w, https:\/\/meridiens.org\/meridienjmstephf\/wp-content\/uploads\/2025\/12\/addiction-624x330.jpg 624w\" sizes=\"auto, (max-width: 1399px) 100vw, 1399px\" \/><\/a><figcaption class=\"wp-element-caption\">Rotterdam : Markthal (march\u00e9 couvert) architecte Winy Maas (2014) \u2013 Pays Bas<\/figcaption><\/figure>\n<\/div>","protected":false},"excerpt":{"rendered":"<p>Tabagisme De La Femme Enceinte Et Acupuncture Les recommandations de l\u2019Anaes (Agence nationale d\u2019accr\u00e9ditation et d\u2019\u00e9valuation en sant\u00e9)&nbsp;concernant le tabagisme en cas de grossesse ont \u00e9t\u00e9 publi\u00e9es ce 30 novembre 2004. Comme on pouvait s\u2019y attendre, elles occultent l\u2019int\u00e9r\u00eat de l\u2019acupuncture et la placent au m\u00eame niveau que l\u2019hypnoth\u00e9rapie. \u00ab\u00a0Les r\u00e9sultats sur l\u2019efficacit\u00e9 de l\u2019acupuncture [&hellip;]<\/p>\n","protected":false},"author":1,"featured_media":0,"parent":0,"menu_order":0,"comment_status":"closed","ping_status":"closed","template":"","meta":{"footnotes":""},"class_list":["post-1727","page","type-page","status-publish","hentry"],"_links":{"self":[{"href":"https:\/\/meridiens.org\/meridienjmstephf\/index.php?rest_route=\/wp\/v2\/pages\/1727","targetHints":{"allow":["GET"]}}],"collection":[{"href":"https:\/\/meridiens.org\/meridienjmstephf\/index.php?rest_route=\/wp\/v2\/pages"}],"about":[{"href":"https:\/\/meridiens.org\/meridienjmstephf\/index.php?rest_route=\/wp\/v2\/types\/page"}],"author":[{"embeddable":true,"href":"https:\/\/meridiens.org\/meridienjmstephf\/index.php?rest_route=\/wp\/v2\/users\/1"}],"replies":[{"embeddable":true,"href":"https:\/\/meridiens.org\/meridienjmstephf\/index.php?rest_route=%2Fwp%2Fv2%2Fcomments&post=1727"}],"version-history":[{"count":20,"href":"https:\/\/meridiens.org\/meridienjmstephf\/index.php?rest_route=\/wp\/v2\/pages\/1727\/revisions"}],"predecessor-version":[{"id":3764,"href":"https:\/\/meridiens.org\/meridienjmstephf\/index.php?rest_route=\/wp\/v2\/pages\/1727\/revisions\/3764"}],"wp:attachment":[{"href":"https:\/\/meridiens.org\/meridienjmstephf\/index.php?rest_route=%2Fwp%2Fv2%2Fmedia&parent=1727"}],"curies":[{"name":"wp","href":"https:\/\/api.w.org\/{rel}","templated":true}]}}