{"id":1732,"date":"2025-09-10T10:52:45","date_gmt":"2025-09-10T10:52:45","guid":{"rendered":"https:\/\/meridiens.org\/meridienjmstephf\/?page_id=1732"},"modified":"2026-03-04T17:56:29","modified_gmt":"2026-03-04T17:56:29","slug":"rhumatologie","status":"publish","type":"page","link":"https:\/\/meridiens.org\/meridienjmstephf\/?page_id=1732","title":{"rendered":"Rhumatologie"},"content":{"rendered":"<div class=\"wp-block-image\">\n<figure class=\"aligncenter size-full is-resized\"><img loading=\"lazy\" decoding=\"async\" width=\"1573\" height=\"893\" src=\"https:\/\/meridiens.org\/meridienjmstephf\/wp-content\/uploads\/2026\/03\/Paysans-dans-les-rizieres-dHalebid-Karnataka-Inde.jpg\" alt=\"Paysans dans les rizi\u00e8res d\u2019Halebid \u2013 Karnataka \u2013 Inde\" class=\"wp-image-3704\" style=\"width:1000px\" srcset=\"https:\/\/meridiens.org\/meridienjmstephf\/wp-content\/uploads\/2026\/03\/Paysans-dans-les-rizieres-dHalebid-Karnataka-Inde.jpg 1573w, https:\/\/meridiens.org\/meridienjmstephf\/wp-content\/uploads\/2026\/03\/Paysans-dans-les-rizieres-dHalebid-Karnataka-Inde-300x170.jpg 300w, https:\/\/meridiens.org\/meridienjmstephf\/wp-content\/uploads\/2026\/03\/Paysans-dans-les-rizieres-dHalebid-Karnataka-Inde-1024x581.jpg 1024w, https:\/\/meridiens.org\/meridienjmstephf\/wp-content\/uploads\/2026\/03\/Paysans-dans-les-rizieres-dHalebid-Karnataka-Inde-768x436.jpg 768w, https:\/\/meridiens.org\/meridienjmstephf\/wp-content\/uploads\/2026\/03\/Paysans-dans-les-rizieres-dHalebid-Karnataka-Inde-1536x872.jpg 1536w, https:\/\/meridiens.org\/meridienjmstephf\/wp-content\/uploads\/2026\/03\/Paysans-dans-les-rizieres-dHalebid-Karnataka-Inde-624x354.jpg 624w\" sizes=\"auto, (max-width: 1573px) 100vw, 1573px\" \/><figcaption class=\"wp-element-caption\">Paysans dans les rizi\u00e8res d\u2019Halebid \u2013 Karnataka \u2013 Inde<\/figcaption><\/figure>\n<\/div>\n\n\n<div class=\"wp-block-columns is-layout-flex wp-container-core-columns-is-layout-9d6595d7 wp-block-columns-is-layout-flex\">\n<div class=\"wp-block-column is-layout-flow wp-block-column-is-layout-flow\">\n<h2 class=\"wp-block-heading\">Le m\u00e9decin de terrain face aux choix th\u00e9rapeutiques. Rapport b\u00e9n\u00e9fice\/risque : application aux lombalgies chroniques communes&nbsp;<\/h2>\n\n\n<div class=\"wp-block-image\">\n<figure class=\"aligncenter size-full is-resized\"><img loading=\"lazy\" decoding=\"async\" width=\"1388\" height=\"981\" src=\"https:\/\/meridiens.org\/meridienjmstephf\/wp-content\/uploads\/2026\/03\/Sanctuaire-hindou-grottes-de-Batu-Batu-Caves-Selangor-Malaisie.jpg\" alt=\"Sanctuaire hindouiste de Sri Murugan devant les grottes de Batu \u2013 Batu Caves \u2013 Selangor \u2013 Malaisie\" class=\"wp-image-3706\" style=\"width:1000px\" srcset=\"https:\/\/meridiens.org\/meridienjmstephf\/wp-content\/uploads\/2026\/03\/Sanctuaire-hindou-grottes-de-Batu-Batu-Caves-Selangor-Malaisie.jpg 1388w, https:\/\/meridiens.org\/meridienjmstephf\/wp-content\/uploads\/2026\/03\/Sanctuaire-hindou-grottes-de-Batu-Batu-Caves-Selangor-Malaisie-300x212.jpg 300w, https:\/\/meridiens.org\/meridienjmstephf\/wp-content\/uploads\/2026\/03\/Sanctuaire-hindou-grottes-de-Batu-Batu-Caves-Selangor-Malaisie-1024x724.jpg 1024w, https:\/\/meridiens.org\/meridienjmstephf\/wp-content\/uploads\/2026\/03\/Sanctuaire-hindou-grottes-de-Batu-Batu-Caves-Selangor-Malaisie-768x543.jpg 768w, https:\/\/meridiens.org\/meridienjmstephf\/wp-content\/uploads\/2026\/03\/Sanctuaire-hindou-grottes-de-Batu-Batu-Caves-Selangor-Malaisie-624x441.jpg 624w\" sizes=\"auto, (max-width: 1388px) 100vw, 1388px\" \/><figcaption class=\"wp-element-caption\">Sanctuaire hindouiste de Sri Murugan devant les grottes de Batu \u2013 Batu Caves \u2013 Selangor \u2013 Malaisie<\/figcaption><\/figure>\n<\/div>\n\n\n<p><strong>R\u00e9sum\u00e9&nbsp;:&nbsp;<\/strong>La lombalgie chronique commune (LCC) est d\u00e9finie par une douleur habituelle de la r\u00e9gion lombaire \u00e9voluant depuis plus de trois mois. La prise en charge th\u00e9rapeutique conventionnelle fait appel au parac\u00e9tamol et\/ou anti-inflammatoires non st\u00e9ro\u00efdiens (AINS), au tramadol, aux antalgiques de niveaux III (opio\u00efdes forts), aux myorelaxants et antid\u00e9presseurs tricycliques. Cependant on constate que, selon les recommandations de la Haute Autorit\u00e9 de Sant\u00e9 (HAS) fran\u00e7aise, le niveau de preuve ne d\u00e9passe pas le grade B avec des effets ind\u00e9sirables non n\u00e9gligeables. Il est d\u00e9montr\u00e9 que les m\u00e9decines \u00e0 expertise particuli\u00e8re font aussi bien, voire mieux en soulageant la douleur et la fonction des lombalgiques chroniques, sans tous les effets secondaires et \u00e0 un co\u00fbt nettement moindre. Il est important que les pouvoirs publics prennent conscience des \u00e9conomies possibles et int\u00e8grent davantage ces m\u00e9decines dans le panel de soins de sant\u00e9.&nbsp;<\/p>\n<\/div>\n\n\n\n<div class=\"wp-block-column is-layout-flow wp-block-column-is-layout-flow\">\n<h2 class=\"wp-block-heading\"><strong><a href=\"https:\/\/meridiens.org\/meridienjmstephf\/?p=3782\">Les effets imm\u00e9diats de la puncture du&nbsp;<em>tiaokou<\/em>&nbsp;ES38 dans l\u2019\u00e9paule douloureuse et l\u2019importance du&nbsp;<em>deqi<\/em><\/a><\/strong><\/h2>\n\n\n<div class=\"wp-block-image\">\n<figure class=\"aligncenter size-full is-resized\"><a href=\"https:\/\/meridiens.org\/meridienjmstephf\/?p=3782\"><img loading=\"lazy\" decoding=\"async\" width=\"1475\" height=\"983\" src=\"https:\/\/meridiens.org\/meridienjmstephf\/wp-content\/uploads\/2026\/03\/Statue-du-celebre-champion-du-bodybuilding-Datuk-Wira-Gan-Boon-Leong-a-Melaka-Malaisie.jpg\" alt=\"Statue du c\u00e9l\u00e8bre champion du bodybuilding Datuk Wira Gan Boon Leong \u00e0 Melaka \u2013 Malaisie\" class=\"wp-image-3707\" style=\"width:1000px\" srcset=\"https:\/\/meridiens.org\/meridienjmstephf\/wp-content\/uploads\/2026\/03\/Statue-du-celebre-champion-du-bodybuilding-Datuk-Wira-Gan-Boon-Leong-a-Melaka-Malaisie.jpg 1475w, https:\/\/meridiens.org\/meridienjmstephf\/wp-content\/uploads\/2026\/03\/Statue-du-celebre-champion-du-bodybuilding-Datuk-Wira-Gan-Boon-Leong-a-Melaka-Malaisie-300x200.jpg 300w, https:\/\/meridiens.org\/meridienjmstephf\/wp-content\/uploads\/2026\/03\/Statue-du-celebre-champion-du-bodybuilding-Datuk-Wira-Gan-Boon-Leong-a-Melaka-Malaisie-1024x682.jpg 1024w, https:\/\/meridiens.org\/meridienjmstephf\/wp-content\/uploads\/2026\/03\/Statue-du-celebre-champion-du-bodybuilding-Datuk-Wira-Gan-Boon-Leong-a-Melaka-Malaisie-768x512.jpg 768w, https:\/\/meridiens.org\/meridienjmstephf\/wp-content\/uploads\/2026\/03\/Statue-du-celebre-champion-du-bodybuilding-Datuk-Wira-Gan-Boon-Leong-a-Melaka-Malaisie-624x416.jpg 624w\" sizes=\"auto, (max-width: 1475px) 100vw, 1475px\" \/><\/a><figcaption class=\"wp-element-caption\">Statue du c\u00e9l\u00e8bre champion du bodybuilding Datuk Wira Gan Boon Leong \u00e0 Melaka \u2013 Malaisie<\/figcaption><\/figure>\n<\/div>\n\n\n<p><strong>R\u00e9sum\u00e9&nbsp;:<\/strong>&nbsp;l\u2019\u00e9paule douloureuse est une des affections les plus courantes de l\u2019appareil locomoteur, entra\u00eenant de fr\u00e9quentes consultations autant en soins primaires que sp\u00e9cialis\u00e9s. Peu de preuves existent pour appuyer ou r\u00e9futer l\u2019efficacit\u00e9 des interventions les plus communes dans le traitement de l\u2019\u00e9paule douloureuse. Il n\u2019existe pas de revue bibliographique qui objective l\u2019efficacit\u00e9 de l\u2019acupuncture dans le traitement de cette pathologie mais ces derni\u00e8res ann\u00e9es sont apparues des \u00e9tudes contr\u00f4l\u00e9es randomis\u00e9es qui incitent \u00e0 l\u2019utilisation de l\u2019acupuncture dans le traitement des p\u00e9riarthrites scapulo-hum\u00e9rales. L\u2019\u00e9tude pr\u00e9sente a pour objectif dans la tendinite du sus-\u00e9pineux, d\u2019\u00e9valuer la r\u00e9ponse imm\u00e9diate \u00e0 la piq\u00fbre du&nbsp;<em>tiaokou&nbsp;<\/em>(ES38),dans la r\u00e9duction de la douleur et dans l\u2019augmentation du degr\u00e9 d\u2019abduction, quand on y associe une puncture transfixiante vers le&nbsp;<em>chengshan<\/em>&nbsp;(VE57)avec obtention du&nbsp;<em>deqi<\/em>&nbsp;et manipulation active. 107 patients ont \u00e9t\u00e9 randomis\u00e9s en deux groupes, avec un groupe contr\u00f4le b\u00e9n\u00e9ficiant d\u2019une puncture neutre sur le m\u00eame point. Le groupe exp\u00e9rimental a obtenu une am\u00e9lioration significativement sup\u00e9rieure au groupe contr\u00f4le tant dans l\u2019am\u00e9lioration de douleur (absolue et relative) que dans le b\u00e9n\u00e9fice des degr\u00e9s d\u2019abduction (absolus et relatifs).&nbsp;<\/p>\n<\/div>\n\n\n\n<div class=\"wp-block-column is-layout-flow wp-block-column-is-layout-flow\">\n<h2 class=\"wp-block-heading\"><a href=\"https:\/\/meridiens.org\/meridienjmstephf\/?p=3778\">Algodystrophie du genou<\/a><\/h2>\n\n\n<div class=\"wp-block-image\">\n<figure class=\"aligncenter size-large\"><img decoding=\"async\" src=\"https:\/\/www.meridiens.org\/acuMoxi\/STEPHAN-AFROID_fichiers\/image002.jpg?w=580\" alt=\"\"\/><\/figure>\n<\/div>\n\n\n<p><strong><em>Question&nbsp;:<\/em><\/strong>&nbsp;J\u2019aimerais conna\u00eetre le traitement des algodystrophies du genou post-traumatiques ou post-chirurgicales. Pour ma part, je la traite comme une vari\u00e9t\u00e9 d\u2019ost\u00e9oporose avec des moxas sur tous les points&nbsp;<em>King&nbsp;<\/em>des m\u00e9ridiens&nbsp;<em>Yin<\/em>&nbsp;du membre inf\u00e9rieur et tonification \u00e0 l\u2019aiguille du 11V, 39VB et 23V. Qu\u2019en pensez vous ?&nbsp;&nbsp;<em>(SL.., Argentine)<\/em><\/p>\n\n\n<div class=\"wp-block-image\">\n<figure class=\"aligncenter size-full is-resized\"><a href=\"https:\/\/meridiens.org\/meridienjmstephf\/?p=3778\"><img loading=\"lazy\" decoding=\"async\" width=\"1443\" height=\"982\" src=\"https:\/\/meridiens.org\/meridienjmstephf\/wp-content\/uploads\/2026\/03\/Statue-dAchille-a-Corfou-Grece.jpg\" alt=\"Statue d\u2019Achille \u00e0 Corfou \u2013 Gr\u00e8ce\" class=\"wp-image-3708\" style=\"width:1000px\" srcset=\"https:\/\/meridiens.org\/meridienjmstephf\/wp-content\/uploads\/2026\/03\/Statue-dAchille-a-Corfou-Grece.jpg 1443w, https:\/\/meridiens.org\/meridienjmstephf\/wp-content\/uploads\/2026\/03\/Statue-dAchille-a-Corfou-Grece-300x204.jpg 300w, https:\/\/meridiens.org\/meridienjmstephf\/wp-content\/uploads\/2026\/03\/Statue-dAchille-a-Corfou-Grece-1024x697.jpg 1024w, https:\/\/meridiens.org\/meridienjmstephf\/wp-content\/uploads\/2026\/03\/Statue-dAchille-a-Corfou-Grece-768x523.jpg 768w, https:\/\/meridiens.org\/meridienjmstephf\/wp-content\/uploads\/2026\/03\/Statue-dAchille-a-Corfou-Grece-624x425.jpg 624w\" sizes=\"auto, (max-width: 1443px) 100vw, 1443px\" \/><\/a><figcaption class=\"wp-element-caption\">Statue d\u2019Achille \u00e0 Corfou \u2013 Gr\u00e8ce<\/figcaption><\/figure>\n<\/div>\n\n\n<p><strong>R\u00e9ponse 1 :<\/strong>&nbsp;Toute algodystrophie post-traumatique ou post-chirugicale doit \u00eatre consid\u00e9r\u00e9e \u00e0 mon sens comme une p\u00e9n\u00e9tration d\u2019\u00e9nergie perverse \u00ab&nbsp;<em>Xi\u00e9<\/em>&nbsp;\u00bb et \u00eatre trait\u00e9e comme telle. A noter que le Su Wen sp\u00e9cifie que si l\u2019homme subit les attaques de&nbsp;<em>Xi\u00e9<\/em>, c\u2019est parce que son \u00e9nergie essentielle \u00ab&nbsp;<em>jingqi<\/em>&nbsp;\u00bb est d\u00e9j\u00e0 affaiblie. Ensuite, il est \u00e9vident que le&nbsp;<em>Xi\u00e9<\/em>&nbsp;ayant p\u00e9n\u00e9tr\u00e9, il va s\u2019installer dans une des couches des Grands M\u00e9ridiens et entra\u00eener un&nbsp;<em>Bi<\/em>&nbsp;avec perturbation de la circulation de l\u2019\u00e9nergie \u00ab&nbsp;<em>rong<\/em>&nbsp;\u00bb (\u00e9nergie nourrici\u00e8re) et de l\u2019\u00e9nergie&nbsp;<em>We<\/em>i (d\u00e9fensive).<\/p>\n<\/div>\n<\/div>\n\n\n\n<p><\/p>\n\n\n\n<div class=\"wp-block-columns is-layout-flex wp-container-core-columns-is-layout-9d6595d7 wp-block-columns-is-layout-flex\">\n<div class=\"wp-block-column is-layout-flow wp-block-column-is-layout-flow\">\n<h2 class=\"wp-block-heading\"><a href=\"https:\/\/meridiens.org\/meridienjmstephf\/?p=3774\">Int\u00e9r\u00eat du traitement acupunctural du jing jin de\u00a0<em>Shouyangming<\/em>\u00a0dans la p\u00e9riarthrite scapulo-hum\u00e9rale<\/a><\/h2>\n\n\n<div class=\"wp-block-image\">\n<figure class=\"aligncenter size-full is-resized\"><a href=\"https:\/\/meridiens.org\/meridienjmstephf\/?p=3774\"><img loading=\"lazy\" decoding=\"async\" width=\"1567\" height=\"919\" src=\"https:\/\/meridiens.org\/meridienjmstephf\/wp-content\/uploads\/2026\/03\/epaule-Battambang-Cambodge.jpg\" alt=\"Battambang \u2013 Cambodge\" class=\"wp-image-3709\" style=\"width:500px\" srcset=\"https:\/\/meridiens.org\/meridienjmstephf\/wp-content\/uploads\/2026\/03\/epaule-Battambang-Cambodge.jpg 1567w, https:\/\/meridiens.org\/meridienjmstephf\/wp-content\/uploads\/2026\/03\/epaule-Battambang-Cambodge-300x176.jpg 300w, https:\/\/meridiens.org\/meridienjmstephf\/wp-content\/uploads\/2026\/03\/epaule-Battambang-Cambodge-1024x601.jpg 1024w, https:\/\/meridiens.org\/meridienjmstephf\/wp-content\/uploads\/2026\/03\/epaule-Battambang-Cambodge-768x450.jpg 768w, https:\/\/meridiens.org\/meridienjmstephf\/wp-content\/uploads\/2026\/03\/epaule-Battambang-Cambodge-1536x901.jpg 1536w, https:\/\/meridiens.org\/meridienjmstephf\/wp-content\/uploads\/2026\/03\/epaule-Battambang-Cambodge-624x366.jpg 624w\" sizes=\"auto, (max-width: 1567px) 100vw, 1567px\" \/><\/a><figcaption class=\"wp-element-caption\">Battambang \u2013 Cambodge<\/figcaption><\/figure>\n<\/div>\n\n\n<p class=\"has-small-font-size\"><strong>R\u00e9sum\u00e9:&nbsp;<\/strong>Une am\u00e9lioration \u00e0 85% de la douleur dans une s\u00e9rie de 17 p\u00e9riarthrites scapulo-hum\u00e9rales a \u00e9t\u00e9 objectiv\u00e9e lors de ce travail. Un seul \u00e9chec fut constat\u00e9 o\u00f9 le soulagement de la douleur n\u2019atteignit que de 10% !<br>Apr\u00e8s un rappel de d\u00e9finition de l\u2019\u00e9paule douloureuse selon la nosologie occidentale, puis selon la m\u00e9decine traditionnelle chinoise, une th\u00e9rapeutique associant \u00e9lectro-acupuncture et moxibustion est propos\u00e9e en fonction du vide ou de la pl\u00e9nitude de la zone tendino-musculaire (Jing Jin) du m\u00e9ridien de Gros Intestin (Shou Yang Ming). Au travers de l\u2019\u00e9tude de la litt\u00e9rature internationale, une explication de ce sch\u00e9ma acupunctural est donn\u00e9e.<br>Enfin, une analyse de diff\u00e9rents crit\u00e8res ach\u00e8ve cet article en mettant en exergue les points essentiels du traitement, telles les notions de douleur Yang ou Yin, de vide ou pl\u00e9nitude, les notions de temps, de traitement informatique chrono-acupunctural, et celles de points \u00ab&nbsp;Ahshi&nbsp;\u00bb.&nbsp;<\/p>\n\n\n<div class=\"wp-block-image\">\n<figure class=\"aligncenter size-full is-resized\"><a href=\"https:\/\/meridiens.org\/meridienjmstephf\/?p=3774\"><img loading=\"lazy\" decoding=\"async\" width=\"1375\" height=\"850\" src=\"https:\/\/meridiens.org\/meridienjmstephf\/wp-content\/uploads\/2026\/03\/temple-dAngkor-Vat-Siem-Reap-Cambodge-1.jpg\" alt=\"Temple d\u2019Angkor Vat \u2013 Siem Reap \u2013 Cambodge\" class=\"wp-image-3711\" style=\"width:500px\" srcset=\"https:\/\/meridiens.org\/meridienjmstephf\/wp-content\/uploads\/2026\/03\/temple-dAngkor-Vat-Siem-Reap-Cambodge-1.jpg 1375w, https:\/\/meridiens.org\/meridienjmstephf\/wp-content\/uploads\/2026\/03\/temple-dAngkor-Vat-Siem-Reap-Cambodge-1-300x185.jpg 300w, https:\/\/meridiens.org\/meridienjmstephf\/wp-content\/uploads\/2026\/03\/temple-dAngkor-Vat-Siem-Reap-Cambodge-1-1024x633.jpg 1024w, https:\/\/meridiens.org\/meridienjmstephf\/wp-content\/uploads\/2026\/03\/temple-dAngkor-Vat-Siem-Reap-Cambodge-1-768x475.jpg 768w, https:\/\/meridiens.org\/meridienjmstephf\/wp-content\/uploads\/2026\/03\/temple-dAngkor-Vat-Siem-Reap-Cambodge-1-624x386.jpg 624w\" sizes=\"auto, (max-width: 1375px) 100vw, 1375px\" \/><\/a><figcaption class=\"wp-element-caption\">Temple d\u2019Angkor Vat \u2013 Siem Reap \u2013 Cambodge<\/figcaption><\/figure>\n<\/div><\/div>\n\n\n\n<div class=\"wp-block-column is-layout-flow wp-block-column-is-layout-flow\">\n<h2 class=\"wp-block-heading\"><a href=\"https:\/\/meridiens.org\/meridienjmstephf\/?p=3727\">\u00ab&nbsp;Chevaucher les Merveilleux vaisseaux et pourfendre le Xie \u00ab&nbsp;. \u00c9tude d\u2019un protocole de traitement acupunctural des algies rhumatologiques en pratique de ville<\/a><\/h2>\n\n\n<div class=\"wp-block-image\">\n<figure class=\"aligncenter size-full is-resized\"><a href=\"https:\/\/meridiens.org\/meridienjmstephf\/?p=3727\"><img loading=\"lazy\" decoding=\"async\" width=\"1475\" height=\"983\" src=\"https:\/\/meridiens.org\/meridienjmstephf\/wp-content\/uploads\/2026\/03\/Saint-Georges-et-le-Dragon-Cathedrale-Storkyrkan-Stockholm-Suede-2.jpg\" alt=\"Saint Georges et le Dragon \u2013 Cath\u00e9drale Storkyrkan \u2013 Stockholm \u2013 Su\u00e8de\" class=\"wp-image-3713\" style=\"width:1000px\" srcset=\"https:\/\/meridiens.org\/meridienjmstephf\/wp-content\/uploads\/2026\/03\/Saint-Georges-et-le-Dragon-Cathedrale-Storkyrkan-Stockholm-Suede-2.jpg 1475w, https:\/\/meridiens.org\/meridienjmstephf\/wp-content\/uploads\/2026\/03\/Saint-Georges-et-le-Dragon-Cathedrale-Storkyrkan-Stockholm-Suede-2-300x200.jpg 300w, https:\/\/meridiens.org\/meridienjmstephf\/wp-content\/uploads\/2026\/03\/Saint-Georges-et-le-Dragon-Cathedrale-Storkyrkan-Stockholm-Suede-2-1024x682.jpg 1024w, https:\/\/meridiens.org\/meridienjmstephf\/wp-content\/uploads\/2026\/03\/Saint-Georges-et-le-Dragon-Cathedrale-Storkyrkan-Stockholm-Suede-2-768x512.jpg 768w, https:\/\/meridiens.org\/meridienjmstephf\/wp-content\/uploads\/2026\/03\/Saint-Georges-et-le-Dragon-Cathedrale-Storkyrkan-Stockholm-Suede-2-624x416.jpg 624w\" sizes=\"auto, (max-width: 1475px) 100vw, 1475px\" \/><\/a><figcaption class=\"wp-element-caption\">Saint Georges et le Dragon \u2013 Cath\u00e9drale Storkyrkan \u2013 Stockholm \u2013 Su\u00e8de<\/figcaption><\/figure>\n<\/div>\n\n\n<p><strong>R\u00e9sum\u00e9-<\/strong>&nbsp;La douleur rhumatologique est un motif tr\u00e8s fr\u00e9quent des consultations d\u2019acu\u00adpuncture. Cette \u00e9tude a pour int\u00e9r\u00eat d\u2019\u00e9tudier un protocole standard, applicable \u00e0 la majorit\u00e9 des patients. Les points ont \u00e9t\u00e9 choisis soigneusement selon l\u2019enseignement issu des Textes. Il s\u2019agit du&nbsp;<em>Shenmai&nbsp;<\/em>(V 62),&nbsp;<em>Houxi&nbsp;<\/em>(IG 3),&nbsp;<em>Waiguan (TR5),Zulinqi&nbsp;<\/em>(VB4I),&nbsp;<em>Yanglingquan&nbsp;<\/em>(VB34),&nbsp;<em>Xuanzhong&nbsp;<\/em>(VB39) et les&nbsp;<em>Huatuojiaji&nbsp;<\/em>(HM21). Au pr\u00e9alable, le sympt\u00f4me \u00ab&nbsp;douleur&nbsp;\u00bb est analys\u00e9 dans le contexte de la M\u00e9decine tradition\u00adnelle chinoise, en int\u00e9grant les notions d\u2019\u00e9nergies perverses&nbsp;<em>(Xi\u00e9)&nbsp;<\/em>et d\u2019\u00e9nergie d\u00e9fensive&nbsp;<em>(Wei)&nbsp;<\/em>au concept des niveaux \u00e9nerg\u00e9tiques&nbsp;<em>Yang&nbsp;<\/em>des Grands M\u00e9ridiens. Soixante-dix-sept observations, concernant les algies les plus souvent rencontr\u00e9es en prati\u00adque de ville, ont permis d\u2019\u00e9valuer l\u2019efficacit\u00e9 du traitement. Les r\u00e9sultats objectivent un \u00e9chec total du protocole dans seulement 10 % des cas.<\/p>\n<\/div>\n<\/div>\n\n\n\n<p><\/p>\n","protected":false},"excerpt":{"rendered":"<p>Le m\u00e9decin de terrain face aux choix th\u00e9rapeutiques. Rapport b\u00e9n\u00e9fice\/risque : application aux lombalgies chroniques communes&nbsp; R\u00e9sum\u00e9&nbsp;:&nbsp;La lombalgie chronique commune (LCC) est d\u00e9finie par une douleur habituelle de la r\u00e9gion lombaire \u00e9voluant depuis plus de trois mois. La prise en charge th\u00e9rapeutique conventionnelle fait appel au parac\u00e9tamol et\/ou anti-inflammatoires non st\u00e9ro\u00efdiens (AINS), au tramadol, aux [&hellip;]<\/p>\n","protected":false},"author":1,"featured_media":0,"parent":0,"menu_order":0,"comment_status":"closed","ping_status":"closed","template":"","meta":{"footnotes":""},"class_list":["post-1732","page","type-page","status-publish","hentry"],"_links":{"self":[{"href":"https:\/\/meridiens.org\/meridienjmstephf\/index.php?rest_route=\/wp\/v2\/pages\/1732","targetHints":{"allow":["GET"]}}],"collection":[{"href":"https:\/\/meridiens.org\/meridienjmstephf\/index.php?rest_route=\/wp\/v2\/pages"}],"about":[{"href":"https:\/\/meridiens.org\/meridienjmstephf\/index.php?rest_route=\/wp\/v2\/types\/page"}],"author":[{"embeddable":true,"href":"https:\/\/meridiens.org\/meridienjmstephf\/index.php?rest_route=\/wp\/v2\/users\/1"}],"replies":[{"embeddable":true,"href":"https:\/\/meridiens.org\/meridienjmstephf\/index.php?rest_route=%2Fwp%2Fv2%2Fcomments&post=1732"}],"version-history":[{"count":15,"href":"https:\/\/meridiens.org\/meridienjmstephf\/index.php?rest_route=\/wp\/v2\/pages\/1732\/revisions"}],"predecessor-version":[{"id":3819,"href":"https:\/\/meridiens.org\/meridienjmstephf\/index.php?rest_route=\/wp\/v2\/pages\/1732\/revisions\/3819"}],"wp:attachment":[{"href":"https:\/\/meridiens.org\/meridienjmstephf\/index.php?rest_route=%2Fwp%2Fv2%2Fmedia&parent=1732"}],"curies":[{"name":"wp","href":"https:\/\/api.w.org\/{rel}","templated":true}]}}