{"id":1741,"date":"2025-09-11T15:01:53","date_gmt":"2025-09-11T15:01:53","guid":{"rendered":"https:\/\/meridiens.org\/meridienjmstephf\/?page_id=1741"},"modified":"2025-09-15T02:39:27","modified_gmt":"2025-09-15T02:39:27","slug":"dermatologie","status":"publish","type":"page","link":"https:\/\/meridiens.org\/meridienjmstephf\/?page_id=1741","title":{"rendered":"Dermatologie"},"content":{"rendered":"<div class=\"wp-block-image\">\n<figure class=\"aligncenter size-full is-resized\"><img loading=\"lazy\" decoding=\"async\" width=\"1420\" height=\"1200\" src=\"https:\/\/meridiens.org\/meridienjmstephf\/wp-content\/uploads\/2025\/09\/Seoul-Coree-du-Sud-Tatouage.jpg\" alt=\"S\u00e9oul \u2013 Cor\u00e9e : Bras tatou\u00e9\" class=\"wp-image-2010\" style=\"width:700px\" srcset=\"https:\/\/meridiens.org\/meridienjmstephf\/wp-content\/uploads\/2025\/09\/Seoul-Coree-du-Sud-Tatouage.jpg 1420w, https:\/\/meridiens.org\/meridienjmstephf\/wp-content\/uploads\/2025\/09\/Seoul-Coree-du-Sud-Tatouage-300x254.jpg 300w, https:\/\/meridiens.org\/meridienjmstephf\/wp-content\/uploads\/2025\/09\/Seoul-Coree-du-Sud-Tatouage-1024x865.jpg 1024w, https:\/\/meridiens.org\/meridienjmstephf\/wp-content\/uploads\/2025\/09\/Seoul-Coree-du-Sud-Tatouage-768x649.jpg 768w, https:\/\/meridiens.org\/meridienjmstephf\/wp-content\/uploads\/2025\/09\/Seoul-Coree-du-Sud-Tatouage-624x527.jpg 624w\" sizes=\"auto, (max-width: 1420px) 100vw, 1420px\" \/><figcaption class=\"wp-element-caption\">S\u00e9oul \u2013 Cor\u00e9e : Bras tatou\u00e9<\/figcaption><\/figure>\n<\/div>\n\n\n<div class=\"wp-block-columns is-layout-flex wp-container-core-columns-is-layout-9d6595d7 wp-block-columns-is-layout-flex\">\n<div class=\"wp-block-column is-layout-flow wp-block-column-is-layout-flow\">\n<h2 class=\"wp-block-heading\"><a href=\"https:\/\/meridiens.org\/meridienjmstephf\/?p=2038\">Acupuncture, psoriasis et insuffisance surr\u00e9nalienne<\/a><\/h2>\n\n\n\n<figure class=\"wp-block-image size-full\"><a href=\"https:\/\/meridiens.org\/meridienjmstephf\/?p=2038\"><img loading=\"lazy\" decoding=\"async\" width=\"1573\" height=\"919\" src=\"https:\/\/meridiens.org\/meridienjmstephf\/wp-content\/uploads\/2025\/09\/Mer-Morte-Jordanie.jpg\" alt=\"Bain recouvert de boue noire dans la Mer Morte \u2013 Jordanie\" class=\"wp-image-2020\" srcset=\"https:\/\/meridiens.org\/meridienjmstephf\/wp-content\/uploads\/2025\/09\/Mer-Morte-Jordanie.jpg 1573w, https:\/\/meridiens.org\/meridienjmstephf\/wp-content\/uploads\/2025\/09\/Mer-Morte-Jordanie-300x175.jpg 300w, https:\/\/meridiens.org\/meridienjmstephf\/wp-content\/uploads\/2025\/09\/Mer-Morte-Jordanie-1024x598.jpg 1024w, https:\/\/meridiens.org\/meridienjmstephf\/wp-content\/uploads\/2025\/09\/Mer-Morte-Jordanie-768x449.jpg 768w, https:\/\/meridiens.org\/meridienjmstephf\/wp-content\/uploads\/2025\/09\/Mer-Morte-Jordanie-1536x897.jpg 1536w, https:\/\/meridiens.org\/meridienjmstephf\/wp-content\/uploads\/2025\/09\/Mer-Morte-Jordanie-624x365.jpg 624w\" sizes=\"auto, (max-width: 1573px) 100vw, 1573px\" \/><\/a><figcaption class=\"wp-element-caption\">Bain recouvert de boue noire dans la Mer Morte \u2013 Jordanie<\/figcaption><\/figure>\n\n\n\n<p class=\"has-small-font-size\"><strong>R\u00e9sum\u00e9 :<\/strong>&nbsp;<em>Introduction.<\/em>&nbsp;Le psoriasis est une maladie inflammatoire multifactorielle de la peau. Outre une pr\u00e9disposition g\u00e9n\u00e9tique, les facteurs psychologiques, tels que les chocs affectifs, stress, etc., interviennent par l\u2019interm\u00e9diaire d\u2019une s\u00e9cr\u00e9tion accrue de neurom\u00e9diateurs et d\u2019hormones surr\u00e9naliennes, comme le cortisol.&nbsp; L\u2019objectif de ce travail est de savoir si l\u2019acupuncture et techniques associ\u00e9es (\u00e9lectroacupuncture, moxibustion, neurostimulation \u00e9lectrique transcutan\u00e9e appliqu\u00e9e aux points d\u2019acupuncture (TEAS) peuvent am\u00e9liorer la qualit\u00e9 de vie voire gu\u00e9rir les patients atteints de psoriasis sans entra\u00eener d\u2019effets ind\u00e9sirables comme une insuffisance surr\u00e9nalienne. Cette \u00e9tude fait suite \u00e0 la plainte d\u2019un patient trait\u00e9 pendant deux ans et qui se d\u00e9couvre une insuffisance surr\u00e9nale concomitante \u00e0 l\u2019arr\u00eat de l\u2019acupuncture.&nbsp;<\/p>\n\n\n\n<p class=\"has-small-font-size\"><em>M\u00e9thodes.<\/em>&nbsp;A partir de ce cas clinique de psoriasis en gouttes \u00e9tendu ayant b\u00e9n\u00e9fici\u00e9 d\u2019un traitement cortico\u00efde \u00e0 la fois sous forme topique que per os pendant vingt ans, la discussion \u00e9tablira un \u00e9tat des lieux des essais comparatifs randomis\u00e9s (ECR) et des m\u00e9ta-analyses des traitements par acupuncture et techniques associ\u00e9es. L\u2019acupuncture exp\u00e9rimentale est abord\u00e9e \u00e9galement, permettant de mieux appr\u00e9hender les m\u00e9canismes neurophysiologiques de l\u2019action de l\u2019acupuncture sur l\u2019axe hypotalamo-hypophyso-surr\u00e9nalien et la s\u00e9cr\u00e9tion de cortisol.&nbsp;<\/p>\n\n\n\n<p class=\"has-small-font-size\"><em>R\u00e9sultats.&nbsp;<\/em>L\u2019utilisation de l\u2019acupuncture et techniques associ\u00e9es potentialise les effets du traitement usuel de dermocortico\u00efdes mais sans entra\u00eener comme ceux-ci une \u00e9ventuelle insuffisance surr\u00e9nale souvent en rapport avec des doses et des dur\u00e9es de traitement non recommand\u00e9es en pratique courante. Gr\u00e2ce \u00e0 l\u2019acupuncture, on observe dans la majorit\u00e9 des cas une diminution de la concentration plasmatique du cortisol au pr\u00e9alable \u00e9lev\u00e9e et qui sera, de ce fait, r\u00e9gul\u00e9e de mani\u00e8re cybern\u00e9tique.&nbsp;<\/p>\n\n\n<div class=\"wp-block-image\">\n<figure class=\"aligncenter size-full\"><a href=\"https:\/\/meridiens.org\/meridienjmstephf\/?p=2038\"><img loading=\"lazy\" decoding=\"async\" width=\"1574\" height=\"1049\" src=\"https:\/\/meridiens.org\/meridienjmstephf\/wp-content\/uploads\/2025\/09\/thanaka-protection-solaire-Birmanie-1.jpg\" alt=\"Protection solaire avec le thanaka \u2013 Birmanie\" class=\"wp-image-2014\" srcset=\"https:\/\/meridiens.org\/meridienjmstephf\/wp-content\/uploads\/2025\/09\/thanaka-protection-solaire-Birmanie-1.jpg 1574w, https:\/\/meridiens.org\/meridienjmstephf\/wp-content\/uploads\/2025\/09\/thanaka-protection-solaire-Birmanie-1-300x200.jpg 300w, https:\/\/meridiens.org\/meridienjmstephf\/wp-content\/uploads\/2025\/09\/thanaka-protection-solaire-Birmanie-1-1024x682.jpg 1024w, https:\/\/meridiens.org\/meridienjmstephf\/wp-content\/uploads\/2025\/09\/thanaka-protection-solaire-Birmanie-1-768x512.jpg 768w, https:\/\/meridiens.org\/meridienjmstephf\/wp-content\/uploads\/2025\/09\/thanaka-protection-solaire-Birmanie-1-1536x1024.jpg 1536w, https:\/\/meridiens.org\/meridienjmstephf\/wp-content\/uploads\/2025\/09\/thanaka-protection-solaire-Birmanie-1-624x416.jpg 624w\" sizes=\"auto, (max-width: 1574px) 100vw, 1574px\" \/><\/a><figcaption class=\"wp-element-caption\">Protection solaire avec le thanaka \u2013 Birmanie<\/figcaption><\/figure>\n<\/div>\n\n\n<p class=\"has-small-font-size\"><em>Conclusion.<\/em>&nbsp;Selon les preuves issues des ECR et des \u00e9tudes exp\u00e9rimentales, l\u2019acupuncture et techniques associ\u00e9es doivent rejoindre le panel de soins du psoriasis et s\u2019int\u00e9grer dans le cadre de la m\u00e9decine int\u00e9grative. On ne peut que la recommander avec un grade C de faible niveau de preuve scientifique selon les recommandations de la Haute Autorit\u00e9 de Sant\u00e9 fran\u00e7aise (HAS).<\/p>\n<\/div>\n\n\n\n<div class=\"wp-block-column is-layout-flow wp-block-column-is-layout-flow\">\n<h2 class=\"wp-block-heading\"><a href=\"https:\/\/meridiens.org\/meridienjmstephf\/?p=2059\">Le traitement des rides en acupuncture esth\u00e9tique<\/a><\/h2>\n\n\n<div class=\"wp-block-image\">\n<figure class=\"aligncenter size-large\"><a href=\"https:\/\/meridiens.org\/meridienjmstephf\/?p=2059\"><img loading=\"lazy\" decoding=\"async\" width=\"1024\" height=\"532\" src=\"https:\/\/meridiens.org\/meridienjmstephf\/wp-content\/uploads\/2025\/09\/Rides-Pusan-Coree-du-Sud-1024x532.jpg\" alt=\"Comment ne pas avoir de rides \u00e0 Pusan \u2013 Cor\u00e9e du Sud\" class=\"wp-image-2016\" srcset=\"https:\/\/meridiens.org\/meridienjmstephf\/wp-content\/uploads\/2025\/09\/Rides-Pusan-Coree-du-Sud-1024x532.jpg 1024w, https:\/\/meridiens.org\/meridienjmstephf\/wp-content\/uploads\/2025\/09\/Rides-Pusan-Coree-du-Sud-300x156.jpg 300w, https:\/\/meridiens.org\/meridienjmstephf\/wp-content\/uploads\/2025\/09\/Rides-Pusan-Coree-du-Sud-768x399.jpg 768w, https:\/\/meridiens.org\/meridienjmstephf\/wp-content\/uploads\/2025\/09\/Rides-Pusan-Coree-du-Sud-1536x798.jpg 1536w, https:\/\/meridiens.org\/meridienjmstephf\/wp-content\/uploads\/2025\/09\/Rides-Pusan-Coree-du-Sud-624x324.jpg 624w, https:\/\/meridiens.org\/meridienjmstephf\/wp-content\/uploads\/2025\/09\/Rides-Pusan-Coree-du-Sud.jpg 1800w\" sizes=\"auto, (max-width: 1024px) 100vw, 1024px\" \/><\/a><figcaption class=\"wp-element-caption\">Comment ne pas avoir de rides \u00e0 Pusan \u2013 Cor\u00e9e du Sud<\/figcaption><\/figure>\n<\/div>\n\n\n<p class=\"has-small-font-size\">Madame I.S., infirmi\u00e8re dans un centre hospitalier de la r\u00e9gion parisienne, vient de \u00ab&nbsp;subir&nbsp;\u00bb trois s\u00e9ances d\u2019acupuncture sur le visage pour traiter ses rides. Elle va en toute confiance chez ce m\u00e9decin g\u00e9n\u00e9raliste qui pratique l\u2019acupuncture (s\u00e9ance de 30 mn sur deux patientes group\u00e9es dans des cabines pendant qu\u2019une troisi\u00e8me consultation est r\u00e9alis\u00e9e en m\u00e9decine g\u00e9n\u00e9rale).<\/p>\n\n\n\n<p class=\"has-small-font-size\"><em>\u00ab&nbsp;&nbsp;Apr\u00e8s des renseignements d\u2019ordre administratif, mais aucun sur mes ant\u00e9c\u00e9dents m\u00e9dicaux, la s\u00e9ance commence. Je me suis d\u2019embl\u00e9e \u00e9tonn\u00e9e de l\u2019absence de passage d\u2019un produit antiseptique sur ma peau avant la s\u00e9ance. Pas de commentaire particulier. Ce m\u00e9decin m\u2019a remis les aiguilles dans un tube \u00e0 essai pour les rapporter \u00e0 la s\u00e9ance suivante. Seconde s\u00e9ance&nbsp;: m\u00eame technique avec encore plus d\u2019aiguilles\u2026une quarantaine environ !!<\/em>&nbsp;(figure 1)&nbsp;<em>Et une douleur qui m\u2019a fait monter les larmes aux yeux. Les aiguilles sont d\u00e9pos\u00e9es dans un plateau et \u00ab&nbsp;arros\u00e9es&nbsp;\u00bb d\u2019alcool \u00e0 70\u00b0 pendant une minute \u00e0 peine\u2026Je repars ensanglant\u00e9e\u2026<\/em><\/p>\n\n\n\n<p class=\"has-small-font-size\"><\/p>\n\n\n\n<h1 class=\"wp-block-heading has-medium-font-size\"><a href=\"https:\/\/meridiens.org\/meridienjmstephf\/?p=2078\">Psoriasis<\/a><\/h1>\n\n\n<div class=\"wp-block-image\">\n<figure class=\"aligncenter size-full\"><img loading=\"lazy\" decoding=\"async\" width=\"410\" height=\"288\" src=\"https:\/\/meridiens.org\/meridienjmstephf\/wp-content\/uploads\/2025\/09\/pso.jpg\" alt=\"\" class=\"wp-image-2024\" srcset=\"https:\/\/meridiens.org\/meridienjmstephf\/wp-content\/uploads\/2025\/09\/pso.jpg 410w, https:\/\/meridiens.org\/meridienjmstephf\/wp-content\/uploads\/2025\/09\/pso-300x211.jpg 300w\" sizes=\"auto, (max-width: 410px) 100vw, 410px\" \/><\/figure>\n<\/div>\n\n\n<p class=\"has-small-font-size\">J\u2019ai un cas de psoriasis tr\u00e8s difficile. J\u2019ai commenc\u00e9 \u00e0 traiter le sentiment&nbsp;<em>nu&nbsp;<\/em>(col\u00e8re), \u00ab&nbsp;stagnation -nouure de&nbsp;<em>qi&nbsp;<\/em>de foie avec d\u00e9gagement de chaleur du Sang&nbsp;\u00bb\u2026 J\u2019ai aussi trait\u00e9 la partie liquidienne pour redonner de l\u2019Eau. Ensuite, j\u2019ai utilis\u00e9 le y<em>angqiaomai&nbsp;<\/em>\u00e0 chaque s\u00e9ance et j\u2019ai eu de bons r\u00e9sultats, am\u00e9liorant notablement le d\u00e9s\u00e9quilibre \u00e9nerg\u00e9tique observ\u00e9 aux pouls et \u00e0 la langue. Mais persiste l\u2019\u00e9ryth\u00e8me psoriasique bien que sans prurit sur le visage, surtout au niveau des plis nasaux. J\u2019ai de bons r\u00e9sultats localement quand je traite avec le 4GI et le 11 GI, mais en peu de jours le probl\u00e8me r\u00e9appara\u00eet. Quelle autre technique pourrais je utiliser ? Pouvez vous me conseiller pour un meilleur diagnostic diff\u00e9rentiel ?&nbsp;<\/p>\n\n\n\n<figure class=\"wp-block-image size-full\"><a href=\"https:\/\/meridiens.org\/meridienjmstephf\/?p=2078\"><img loading=\"lazy\" decoding=\"async\" width=\"1574\" height=\"1049\" src=\"https:\/\/meridiens.org\/meridienjmstephf\/wp-content\/uploads\/2025\/09\/Miami-Floride-tatouage.jpg\" alt=\"Tatouage \u2013 Miami \u2013 Floride - USA\" class=\"wp-image-2026\" srcset=\"https:\/\/meridiens.org\/meridienjmstephf\/wp-content\/uploads\/2025\/09\/Miami-Floride-tatouage.jpg 1574w, https:\/\/meridiens.org\/meridienjmstephf\/wp-content\/uploads\/2025\/09\/Miami-Floride-tatouage-300x200.jpg 300w, https:\/\/meridiens.org\/meridienjmstephf\/wp-content\/uploads\/2025\/09\/Miami-Floride-tatouage-1024x682.jpg 1024w, https:\/\/meridiens.org\/meridienjmstephf\/wp-content\/uploads\/2025\/09\/Miami-Floride-tatouage-768x512.jpg 768w, https:\/\/meridiens.org\/meridienjmstephf\/wp-content\/uploads\/2025\/09\/Miami-Floride-tatouage-1536x1024.jpg 1536w, https:\/\/meridiens.org\/meridienjmstephf\/wp-content\/uploads\/2025\/09\/Miami-Floride-tatouage-624x416.jpg 624w\" sizes=\"auto, (max-width: 1574px) 100vw, 1574px\" \/><\/a><figcaption class=\"wp-element-caption\">Tatouage \u2013 Miami \u2013 Floride &#8211; USA<\/figcaption><\/figure>\n<\/div>\n<\/div>\n\n\n\n<h4 class=\"wp-block-heading\">&nbsp;<\/h4>\n\n\n\n<p><\/p>\n","protected":false},"excerpt":{"rendered":"<p>Acupuncture, psoriasis et insuffisance surr\u00e9nalienne R\u00e9sum\u00e9 :&nbsp;Introduction.&nbsp;Le psoriasis est une maladie inflammatoire multifactorielle de la peau. Outre une pr\u00e9disposition g\u00e9n\u00e9tique, les facteurs psychologiques, tels que les chocs affectifs, stress, etc., interviennent par l\u2019interm\u00e9diaire d\u2019une s\u00e9cr\u00e9tion accrue de neurom\u00e9diateurs et d\u2019hormones surr\u00e9naliennes, comme le cortisol.&nbsp; L\u2019objectif de ce travail est de savoir si l\u2019acupuncture et techniques [&hellip;]<\/p>\n","protected":false},"author":1,"featured_media":0,"parent":0,"menu_order":0,"comment_status":"closed","ping_status":"closed","template":"","meta":{"footnotes":""},"class_list":["post-1741","page","type-page","status-publish","hentry"],"_links":{"self":[{"href":"https:\/\/meridiens.org\/meridienjmstephf\/index.php?rest_route=\/wp\/v2\/pages\/1741","targetHints":{"allow":["GET"]}}],"collection":[{"href":"https:\/\/meridiens.org\/meridienjmstephf\/index.php?rest_route=\/wp\/v2\/pages"}],"about":[{"href":"https:\/\/meridiens.org\/meridienjmstephf\/index.php?rest_route=\/wp\/v2\/types\/page"}],"author":[{"embeddable":true,"href":"https:\/\/meridiens.org\/meridienjmstephf\/index.php?rest_route=\/wp\/v2\/users\/1"}],"replies":[{"embeddable":true,"href":"https:\/\/meridiens.org\/meridienjmstephf\/index.php?rest_route=%2Fwp%2Fv2%2Fcomments&post=1741"}],"version-history":[{"count":27,"href":"https:\/\/meridiens.org\/meridienjmstephf\/index.php?rest_route=\/wp\/v2\/pages\/1741\/revisions"}],"predecessor-version":[{"id":2088,"href":"https:\/\/meridiens.org\/meridienjmstephf\/index.php?rest_route=\/wp\/v2\/pages\/1741\/revisions\/2088"}],"wp:attachment":[{"href":"https:\/\/meridiens.org\/meridienjmstephf\/index.php?rest_route=%2Fwp%2Fv2%2Fmedia&parent=1741"}],"curies":[{"name":"wp","href":"https:\/\/api.w.org\/{rel}","templated":true}]}}