{"id":1743,"date":"2025-12-24T16:07:39","date_gmt":"2025-12-24T16:07:39","guid":{"rendered":"https:\/\/meridiens.org\/meridienjmstephf\/?page_id=1743"},"modified":"2025-12-25T18:40:59","modified_gmt":"2025-12-25T18:40:59","slug":"orl","status":"publish","type":"page","link":"https:\/\/meridiens.org\/meridienjmstephf\/?page_id=1743","title":{"rendered":"ORL"},"content":{"rendered":"<div class=\"wp-block-image\">\n<figure class=\"aligncenter size-full is-resized\"><img loading=\"lazy\" decoding=\"async\" width=\"1742\" height=\"1161\" src=\"https:\/\/meridiens.org\/meridienjmstephf\/wp-content\/uploads\/2025\/12\/Cathedrale-Saint-Jacques-de-Sibenik-1431-1535-Dalmatie-Croatie.jpg\" alt=\"T\u00eate de la frise ext\u00e9rieure de la Cath\u00e9drale Saint-Jacques de \u0160ibenik (1431 \u2013 1535) \u2013 Dalmatie- Croatie\" class=\"wp-image-3423\" style=\"width:900px\" srcset=\"https:\/\/meridiens.org\/meridienjmstephf\/wp-content\/uploads\/2025\/12\/Cathedrale-Saint-Jacques-de-Sibenik-1431-1535-Dalmatie-Croatie.jpg 1742w, https:\/\/meridiens.org\/meridienjmstephf\/wp-content\/uploads\/2025\/12\/Cathedrale-Saint-Jacques-de-Sibenik-1431-1535-Dalmatie-Croatie-300x200.jpg 300w, https:\/\/meridiens.org\/meridienjmstephf\/wp-content\/uploads\/2025\/12\/Cathedrale-Saint-Jacques-de-Sibenik-1431-1535-Dalmatie-Croatie-1024x682.jpg 1024w, https:\/\/meridiens.org\/meridienjmstephf\/wp-content\/uploads\/2025\/12\/Cathedrale-Saint-Jacques-de-Sibenik-1431-1535-Dalmatie-Croatie-768x512.jpg 768w, https:\/\/meridiens.org\/meridienjmstephf\/wp-content\/uploads\/2025\/12\/Cathedrale-Saint-Jacques-de-Sibenik-1431-1535-Dalmatie-Croatie-1536x1024.jpg 1536w, https:\/\/meridiens.org\/meridienjmstephf\/wp-content\/uploads\/2025\/12\/Cathedrale-Saint-Jacques-de-Sibenik-1431-1535-Dalmatie-Croatie-624x416.jpg 624w\" sizes=\"auto, (max-width: 1742px) 100vw, 1742px\" \/><figcaption class=\"wp-element-caption\">T\u00eate de la frise ext\u00e9rieure de la Cath\u00e9drale Saint-Jacques de \u0160ibenik (1431 \u2013 1535) \u2013 Dalmatie- Croatie<\/figcaption><\/figure>\n<\/div>\n\n\n<h2 class=\"wp-block-heading\"><a href=\"https:\/\/meridiens.org\/meridienjmstephf\/?p=3533\">Prophylaxie de la rhinite allergique saisonni\u00e8re : \u00e9tude d\u2019un protocole de traitement chronoacupunctural \u00e0 partir d\u2019un cas clinique p\u00e9diatrique<\/a><\/h2>\n\n\n<div class=\"wp-block-image\">\n<figure class=\"aligncenter size-full is-resized\"><img loading=\"lazy\" decoding=\"async\" width=\"1907\" height=\"1252\" src=\"https:\/\/meridiens.org\/meridienjmstephf\/wp-content\/uploads\/2025\/12\/Igreja-do-Santissimo-Sacramento-XVIIIe-Pelourinho-Salvador-De-Bahia-Pelourinho-Bresil.jpg\" alt=\"Igreja do Santissimo Sacramento (XVIIIe) - Pelourinho - Salvador De Bahia - Pelourinho - Br\u00e9sil\" class=\"wp-image-3545\" style=\"width:900px\" srcset=\"https:\/\/meridiens.org\/meridienjmstephf\/wp-content\/uploads\/2025\/12\/Igreja-do-Santissimo-Sacramento-XVIIIe-Pelourinho-Salvador-De-Bahia-Pelourinho-Bresil.jpg 1907w, https:\/\/meridiens.org\/meridienjmstephf\/wp-content\/uploads\/2025\/12\/Igreja-do-Santissimo-Sacramento-XVIIIe-Pelourinho-Salvador-De-Bahia-Pelourinho-Bresil-300x197.jpg 300w, https:\/\/meridiens.org\/meridienjmstephf\/wp-content\/uploads\/2025\/12\/Igreja-do-Santissimo-Sacramento-XVIIIe-Pelourinho-Salvador-De-Bahia-Pelourinho-Bresil-1024x672.jpg 1024w, https:\/\/meridiens.org\/meridienjmstephf\/wp-content\/uploads\/2025\/12\/Igreja-do-Santissimo-Sacramento-XVIIIe-Pelourinho-Salvador-De-Bahia-Pelourinho-Bresil-768x504.jpg 768w, https:\/\/meridiens.org\/meridienjmstephf\/wp-content\/uploads\/2025\/12\/Igreja-do-Santissimo-Sacramento-XVIIIe-Pelourinho-Salvador-De-Bahia-Pelourinho-Bresil-1536x1008.jpg 1536w, https:\/\/meridiens.org\/meridienjmstephf\/wp-content\/uploads\/2025\/12\/Igreja-do-Santissimo-Sacramento-XVIIIe-Pelourinho-Salvador-De-Bahia-Pelourinho-Bresil-624x410.jpg 624w\" sizes=\"auto, (max-width: 1907px) 100vw, 1907px\" \/><figcaption class=\"wp-element-caption\">Igreja do Santissimo Sacramento (XVIIIe) &#8211; Pelourinho &#8211; Salvador De Bahia &#8211; Pelourinho &#8211; Br\u00e9sil<\/figcaption><\/figure>\n<\/div>\n\n\n<p><strong>R\u00e9sum\u00e9.<\/strong>&nbsp;<em>Introduction.<\/em>&nbsp;La base de la M\u00e9decine Chinoise s\u2019appuie sur le concept du Temps et de ses Rythmes. Les Branches Terrestres (\u5730\u652f,&nbsp;<em>d\u00eczh\u012b<\/em>) et les Troncs C\u00e9lestes (\u5929\u5e72,&nbsp;<em>ti\u0101ng\u0101n<\/em>), \u00e0 l\u2019origine du cycle sexag\u00e9simal, permettent de pr\u00e9voir l\u2019\u00e9mergence d\u2019une \u00e9ventuelle chronopathologie. \u00c0 diff\u00e9rencier de la rhinite perannuelle, la rhinite saisonni\u00e8re en rapport avec certains facteurs environnementaux est de ce fait l\u2019une de ces chronopathologies que l\u2019on pourrait pr\u00e9venir.<\/p>\n\n\n\n<p><em>M\u00e9thodes.<\/em>&nbsp;Une \u00e9tude \u00e9pid\u00e9miologique de type cas-t\u00e9moins portant sur sept-mille-trois-cent-quarante-deux actes vus en cabinet m\u00e9dical a \u00e9valu\u00e9 ainsi les possibles liaisons entre les saisons et la chronopathologie. Un protocole de traitement acupunctural appliqu\u00e9 par moxibustion \u00e9lectrique chez un enfant pr\u00e9sentant une rhinite allergique saisonni\u00e8re invalidante a \u00e9t\u00e9 ainsi mis en place.<\/p>\n\n\n\n<p><em>R\u00e9sultats.<\/em>&nbsp;Il s\u2019av\u00e8re que la finesse des observations chinoises corr\u00e9lant ainsi les allergies au printemps avec le couple&nbsp;<em>zujueyin<\/em>&nbsp;(Foie) \u2013&nbsp;<em>zushaoyang<\/em>&nbsp;(V\u00e9sicule-Biliaire) est confirm\u00e9e, selon la m\u00e9thode du cosinor, par la d\u00e9couverte d\u2019un rythme circannuel des syndromes allergiques avec une acrophase printani\u00e8re. Par ailleurs, ce protocole mis en pratique chaque ann\u00e9e chez cet enfant vu \u00e0 la fin de l\u2019hiver, et cela pendant neuf ans, a permis de r\u00e9duire nettement la prise des antihistaminiques. La qualit\u00e9 de vie s\u2019en est trouv\u00e9e am\u00e9lior\u00e9e avec disparition quasi-compl\u00e8te de la rhinite, de la conjonctivite et du prurit. La recherche du mode d\u2019action physiopathologique par acupuncture exp\u00e9rimentale, l\u2019\u00e9tat des lieux des m\u00e9ta-analyses et des essais comparatifs randomis\u00e9s (ECR) objectivent qu\u2019effectivement la chronoth\u00e9rapie par acupuncture \u00e0 vis\u00e9e pr\u00e9ventive offre une perspective de traitement non n\u00e9gligeable dans la rhinite allergique saisonni\u00e8re.<\/p>\n\n\n\n<p><em>Conclusion<\/em>. La chronoacupuncture et ses techniques associ\u00e9es apportent une contribution utile, efficace et sans effets ind\u00e9sirables dans la prophylaxie de la rhinite allergique saisonni\u00e8re.<\/p>\n\n\n\n<p>&nbsp;<strong>Mots cl\u00e9s :<\/strong>&nbsp;Moxibustion \u2013 allergie \u2013 rhinite allergique saisonni\u00e8re \u2013 chronoacupuncture \u2013 printemps \u2013 cosinor \u2013 prophylaxie \u2013 p\u00e9diatrie<\/p>\n\n\n<div class=\"wp-block-image\">\n<figure class=\"aligncenter size-full is-resized\"><a href=\"https:\/\/meridiens.org\/meridienjmstephf\/?p=3533\"><img loading=\"lazy\" decoding=\"async\" width=\"1886\" height=\"1061\" src=\"https:\/\/meridiens.org\/meridienjmstephf\/wp-content\/uploads\/2025\/12\/Cathedrale-de-Lausanne-XII-XIIIe-Vue-sur-le-lac-Leman-Suisse.jpg\" alt=\"Cath\u00e9drale de Lausanne (XII- XIIIe) - Vue sur le lac L\u00e9man - Suisse\" class=\"wp-image-3559\" style=\"width:900px\" srcset=\"https:\/\/meridiens.org\/meridienjmstephf\/wp-content\/uploads\/2025\/12\/Cathedrale-de-Lausanne-XII-XIIIe-Vue-sur-le-lac-Leman-Suisse.jpg 1886w, https:\/\/meridiens.org\/meridienjmstephf\/wp-content\/uploads\/2025\/12\/Cathedrale-de-Lausanne-XII-XIIIe-Vue-sur-le-lac-Leman-Suisse-300x169.jpg 300w, https:\/\/meridiens.org\/meridienjmstephf\/wp-content\/uploads\/2025\/12\/Cathedrale-de-Lausanne-XII-XIIIe-Vue-sur-le-lac-Leman-Suisse-1024x576.jpg 1024w, https:\/\/meridiens.org\/meridienjmstephf\/wp-content\/uploads\/2025\/12\/Cathedrale-de-Lausanne-XII-XIIIe-Vue-sur-le-lac-Leman-Suisse-768x432.jpg 768w, https:\/\/meridiens.org\/meridienjmstephf\/wp-content\/uploads\/2025\/12\/Cathedrale-de-Lausanne-XII-XIIIe-Vue-sur-le-lac-Leman-Suisse-1536x864.jpg 1536w, https:\/\/meridiens.org\/meridienjmstephf\/wp-content\/uploads\/2025\/12\/Cathedrale-de-Lausanne-XII-XIIIe-Vue-sur-le-lac-Leman-Suisse-624x351.jpg 624w\" sizes=\"auto, (max-width: 1886px) 100vw, 1886px\" \/><\/a><figcaption class=\"wp-element-caption\">Cath\u00e9drale de Lausanne (XII- XIIIe) &#8211; Vue sur le lac L\u00e9man &#8211; Suisse<\/figcaption><\/figure>\n<\/div>\n\n\n<h2 class=\"wp-block-heading\"><a href=\"https:\/\/meridiens.org\/meridienjmstephf\/?p=3452\">Anosmie, \u00e0 propos d\u2019un cas clinique : int\u00e9r\u00eat de l\u2019acupuncture et techniques associ\u00e9es<\/a><\/h2>\n\n\n\n<p><strong>R\u00e9sum\u00e9.&nbsp;<\/strong><em>Introduction.<\/em>&nbsp;L\u2019anosmie, secondaire \u00e0 une destruction du neuro\u00e9pith\u00e9lium olfactif peut avoir pour \u00e9tiologies les rhinites, sinusites li\u00e9es \u00e0 des infections virales, les obstructions nasales en rapport avec une allergie, les tumeurs, la destruction des voies centrales comme la maladie d\u2019Alzheimer, la scl\u00e9rose en plaques ou les traumatismes cr\u00e2niens. En dehors des traitements li\u00e9s \u00e0 l\u2019obstruction du flux nasal, aucune th\u00e9rapeutique n\u2019a prouv\u00e9 son efficacit\u00e9. Qu\u2019en est-il de l\u2019acupuncture et techniques associ\u00e9es&nbsp;?&nbsp;<em>M\u00e9thodes.&nbsp;<\/em>A partir d\u2019une \u00e9tude de cas d\u2019une femme de 58 ans pr\u00e9sentant une anosmie associ\u00e9e \u00e0 une agueusie, survenue dix ans auparavant \u00e0 la suite d\u2019un accident de ski, un protocole de soins s\u2019int\u00e9ressera \u00e0 traiter le Mouvement&nbsp;<em>taiyin<\/em>&nbsp;(Poumons-Rate) et le couple&nbsp;<em>shouyangming \u2013 shoutaiyin<\/em>&nbsp;en \u00e9lectroacupuncture (EA) \u00e0 une fr\u00e9quence de 1,2 Hz sur les points&nbsp;<em>sanyinjiao&nbsp;<\/em>(Rt6),&nbsp;<em>gongsun<\/em>&nbsp;(Rt4),<em>&nbsp;hegu<\/em>&nbsp;(GI4),&nbsp;<em>yingxiang<\/em>&nbsp;(GI20) mais aussi par acupuncture manuelle sur&nbsp;<em>quchi<\/em>&nbsp;(GI11),&nbsp;<em>zhongfu<\/em>&nbsp;(P1),&nbsp;<em>shangyang&nbsp;<\/em>(GI1),&nbsp;<em>yinbai<\/em>&nbsp;(Rt1),&nbsp;<em>zhangmen<\/em>&nbsp;(F13),&nbsp;<em>lieque<\/em>&nbsp;(P7),&nbsp;<em>yintang&nbsp;<\/em>(M-HN-3),&nbsp;<em>zhongwan<\/em>&nbsp;(VC12),&nbsp;<em>tianzhu&nbsp;<\/em>(V10). Ce protocole est discut\u00e9 \u00e0 lumi\u00e8re des m\u00e9canismes physiopathologiques selon la m\u00e9decine chinoise, la m\u00e9decine fond\u00e9e sur les preuves et \u00e9galement selon l\u2019acupuncture exp\u00e9rimentale.&nbsp;<em>R\u00e9sultats<\/em>. L\u2019am\u00e9lioration des troubles olfactifs et dans une moindre mesure l\u2019agueusie, est obtenue en quelques s\u00e9ances et maintenue de mani\u00e8re durable. L\u2019effet pourrait s\u2019expliquer par une action via les facteurs neurotrophiques, comme le&nbsp; facteur de croissance nerveuse (NGF) ou le facteur neurotrophique d\u00e9riv\u00e9 du cerveau (BDNF).&nbsp;<em>Conclusion<\/em>. L\u2019acupuncture et EA, sans effets ind\u00e9sirables, peut \u00eatre une option \u00e0 envisager dans ces anosmies secondaires.<\/p>\n\n\n<div class=\"wp-block-image\">\n<figure class=\"aligncenter size-full is-resized\"><a href=\"https:\/\/meridiens.org\/meridienjmstephf\/?p=3452\"><img loading=\"lazy\" decoding=\"async\" width=\"1475\" height=\"983\" src=\"https:\/\/meridiens.org\/meridienjmstephf\/wp-content\/uploads\/2025\/12\/Tete-dOrphee-en-basalte-Glyptothek-Munich-460-AEC.jpg\" alt=\"T\u00eate d\u2019Orph\u00e9e en basalte \u2013 460 AEC- Glyptothek \u2013 Munich \u2013 Allemagne\" class=\"wp-image-3449\" style=\"width:900px\" srcset=\"https:\/\/meridiens.org\/meridienjmstephf\/wp-content\/uploads\/2025\/12\/Tete-dOrphee-en-basalte-Glyptothek-Munich-460-AEC.jpg 1475w, https:\/\/meridiens.org\/meridienjmstephf\/wp-content\/uploads\/2025\/12\/Tete-dOrphee-en-basalte-Glyptothek-Munich-460-AEC-300x200.jpg 300w, https:\/\/meridiens.org\/meridienjmstephf\/wp-content\/uploads\/2025\/12\/Tete-dOrphee-en-basalte-Glyptothek-Munich-460-AEC-1024x682.jpg 1024w, https:\/\/meridiens.org\/meridienjmstephf\/wp-content\/uploads\/2025\/12\/Tete-dOrphee-en-basalte-Glyptothek-Munich-460-AEC-768x512.jpg 768w, https:\/\/meridiens.org\/meridienjmstephf\/wp-content\/uploads\/2025\/12\/Tete-dOrphee-en-basalte-Glyptothek-Munich-460-AEC-624x416.jpg 624w\" sizes=\"auto, (max-width: 1475px) 100vw, 1475px\" \/><\/a><figcaption class=\"wp-element-caption\">T\u00eate d\u2019Orph\u00e9e en basalte \u2013 460 AEC- Glyptothek \u2013 Munich \u2013 Allemagne<\/figcaption><\/figure>\n<\/div>","protected":false},"excerpt":{"rendered":"<p>Prophylaxie de la rhinite allergique saisonni\u00e8re : \u00e9tude d\u2019un protocole de traitement chronoacupunctural \u00e0 partir d\u2019un cas clinique p\u00e9diatrique R\u00e9sum\u00e9.&nbsp;Introduction.&nbsp;La base de la M\u00e9decine Chinoise s\u2019appuie sur le concept du Temps et de ses Rythmes. Les Branches Terrestres (\u5730\u652f,&nbsp;d\u00eczh\u012b) et les Troncs C\u00e9lestes (\u5929\u5e72,&nbsp;ti\u0101ng\u0101n), \u00e0 l\u2019origine du cycle sexag\u00e9simal, permettent de pr\u00e9voir l\u2019\u00e9mergence d\u2019une \u00e9ventuelle [&hellip;]<\/p>\n","protected":false},"author":1,"featured_media":0,"parent":0,"menu_order":0,"comment_status":"closed","ping_status":"closed","template":"","meta":{"footnotes":""},"class_list":["post-1743","page","type-page","status-publish","hentry"],"_links":{"self":[{"href":"https:\/\/meridiens.org\/meridienjmstephf\/index.php?rest_route=\/wp\/v2\/pages\/1743","targetHints":{"allow":["GET"]}}],"collection":[{"href":"https:\/\/meridiens.org\/meridienjmstephf\/index.php?rest_route=\/wp\/v2\/pages"}],"about":[{"href":"https:\/\/meridiens.org\/meridienjmstephf\/index.php?rest_route=\/wp\/v2\/types\/page"}],"author":[{"embeddable":true,"href":"https:\/\/meridiens.org\/meridienjmstephf\/index.php?rest_route=\/wp\/v2\/users\/1"}],"replies":[{"embeddable":true,"href":"https:\/\/meridiens.org\/meridienjmstephf\/index.php?rest_route=%2Fwp%2Fv2%2Fcomments&post=1743"}],"version-history":[{"count":12,"href":"https:\/\/meridiens.org\/meridienjmstephf\/index.php?rest_route=\/wp\/v2\/pages\/1743\/revisions"}],"predecessor-version":[{"id":3566,"href":"https:\/\/meridiens.org\/meridienjmstephf\/index.php?rest_route=\/wp\/v2\/pages\/1743\/revisions\/3566"}],"wp:attachment":[{"href":"https:\/\/meridiens.org\/meridienjmstephf\/index.php?rest_route=%2Fwp%2Fv2%2Fmedia&parent=1743"}],"curies":[{"name":"wp","href":"https:\/\/api.w.org\/{rel}","templated":true}]}}