{"id":1745,"date":"2025-09-11T15:04:49","date_gmt":"2025-09-11T15:04:49","guid":{"rendered":"https:\/\/meridiens.org\/meridienjmstephf\/?page_id=1745"},"modified":"2025-12-16T07:38:47","modified_gmt":"2025-12-16T07:38:47","slug":"gastro-enterologie","status":"publish","type":"page","link":"https:\/\/meridiens.org\/meridienjmstephf\/?page_id=1745","title":{"rendered":"Gastro-ent\u00e9rologie"},"content":{"rendered":"<div class=\"wp-block-image\">\n<figure class=\"aligncenter size-full is-resized\"><img loading=\"lazy\" decoding=\"async\" width=\"1541\" height=\"929\" src=\"https:\/\/meridiens.org\/meridienjmstephf\/wp-content\/uploads\/2025\/12\/piments-au-marche-de-Pakse-Laos.jpg\" alt=\"piments au march\u00e9 de Pakse - Laos\" class=\"wp-image-3135\" style=\"width:1000px\" srcset=\"https:\/\/meridiens.org\/meridienjmstephf\/wp-content\/uploads\/2025\/12\/piments-au-marche-de-Pakse-Laos.jpg 1541w, https:\/\/meridiens.org\/meridienjmstephf\/wp-content\/uploads\/2025\/12\/piments-au-marche-de-Pakse-Laos-300x181.jpg 300w, https:\/\/meridiens.org\/meridienjmstephf\/wp-content\/uploads\/2025\/12\/piments-au-marche-de-Pakse-Laos-1024x617.jpg 1024w, https:\/\/meridiens.org\/meridienjmstephf\/wp-content\/uploads\/2025\/12\/piments-au-marche-de-Pakse-Laos-768x463.jpg 768w, https:\/\/meridiens.org\/meridienjmstephf\/wp-content\/uploads\/2025\/12\/piments-au-marche-de-Pakse-Laos-1536x926.jpg 1536w, https:\/\/meridiens.org\/meridienjmstephf\/wp-content\/uploads\/2025\/12\/piments-au-marche-de-Pakse-Laos-624x376.jpg 624w\" sizes=\"auto, (max-width: 1541px) 100vw, 1541px\" \/><figcaption class=\"wp-element-caption\">piments au march\u00e9 de Pakse &#8211; Laos<\/figcaption><\/figure>\n<\/div>\n\n\n<h2 class=\"wp-block-heading\"><a href=\"https:\/\/meridiens.org\/meridienjmstephf\/?p=3146\" target=\"_blank\" rel=\"noreferrer noopener\">Traitement de la constipation chronique par acupuncture<\/a><\/h2>\n\n\n\n<p><strong>R\u00e9sum\u00e9 :<\/strong>&nbsp;Traiter la constipation par acupuncture avec une seule aiguille au point&nbsp;<em>tianshu<\/em>&nbsp;25 E en piq\u00fbre profonde avec \u00e9lectro-stimulation est la gageure que Zhao Hong a r\u00e9alis\u00e9e avec succ\u00e8s en Chine. Apr\u00e8s une description \u00e9tiologique selon la m\u00e9decine occidentale, l\u2019auteur donne la nosologie de la constipation selon la m\u00e9decine traditionnelle chinoise et explique sa fa\u00e7on de proc\u00e9der. Zhao Hong offre aussi un traitement par le massage et l\u2019auriculoth\u00e9rapie. Notons que cet article a fait l\u2019objet d\u2019une communication \u00e0 S\u00e9ville en juin 2003.&nbsp;<em>(NDT&nbsp;: Jean-Marc St\u00e9phan).&nbsp;<\/em><\/p>\n","protected":false},"excerpt":{"rendered":"<p>Traitement de la constipation chronique par acupuncture R\u00e9sum\u00e9 :&nbsp;Traiter la constipation par acupuncture avec une seule aiguille au point&nbsp;tianshu&nbsp;25 E en piq\u00fbre profonde avec \u00e9lectro-stimulation est la gageure que Zhao Hong a r\u00e9alis\u00e9e avec succ\u00e8s en Chine. Apr\u00e8s une description \u00e9tiologique selon la m\u00e9decine occidentale, l\u2019auteur donne la nosologie de la constipation selon la m\u00e9decine [&hellip;]<\/p>\n","protected":false},"author":1,"featured_media":0,"parent":0,"menu_order":0,"comment_status":"closed","ping_status":"closed","template":"","meta":{"footnotes":""},"class_list":["post-1745","page","type-page","status-publish","hentry"],"_links":{"self":[{"href":"https:\/\/meridiens.org\/meridienjmstephf\/index.php?rest_route=\/wp\/v2\/pages\/1745","targetHints":{"allow":["GET"]}}],"collection":[{"href":"https:\/\/meridiens.org\/meridienjmstephf\/index.php?rest_route=\/wp\/v2\/pages"}],"about":[{"href":"https:\/\/meridiens.org\/meridienjmstephf\/index.php?rest_route=\/wp\/v2\/types\/page"}],"author":[{"embeddable":true,"href":"https:\/\/meridiens.org\/meridienjmstephf\/index.php?rest_route=\/wp\/v2\/users\/1"}],"replies":[{"embeddable":true,"href":"https:\/\/meridiens.org\/meridienjmstephf\/index.php?rest_route=%2Fwp%2Fv2%2Fcomments&post=1745"}],"version-history":[{"count":9,"href":"https:\/\/meridiens.org\/meridienjmstephf\/index.php?rest_route=\/wp\/v2\/pages\/1745\/revisions"}],"predecessor-version":[{"id":3179,"href":"https:\/\/meridiens.org\/meridienjmstephf\/index.php?rest_route=\/wp\/v2\/pages\/1745\/revisions\/3179"}],"wp:attachment":[{"href":"https:\/\/meridiens.org\/meridienjmstephf\/index.php?rest_route=%2Fwp%2Fv2%2Fmedia&parent=1745"}],"curies":[{"name":"wp","href":"https:\/\/api.w.org\/{rel}","templated":true}]}}