{"id":1751,"date":"2025-12-20T17:00:52","date_gmt":"2025-12-20T17:00:52","guid":{"rendered":"https:\/\/meridiens.org\/meridienjmstephf\/?page_id=1751"},"modified":"2025-12-21T16:11:06","modified_gmt":"2025-12-21T16:11:06","slug":"cancerologie","status":"publish","type":"page","link":"https:\/\/meridiens.org\/meridienjmstephf\/?page_id=1751","title":{"rendered":"Canc\u00e9rologie"},"content":{"rendered":"\n<figure class=\"wp-block-image size-full is-resized\"><img loading=\"lazy\" decoding=\"async\" width=\"1800\" height=\"1166\" src=\"https:\/\/meridiens.org\/meridienjmstephf\/wp-content\/uploads\/2025\/12\/crabe-suncheon-bay-coree-du-Sud-1-scaled-1.jpg\" alt=\"Crabe\u00a0chiromantes haematocheir\u00a0de la baie Suncheon, Jeollanam-do, Cor\u00e9e du Sud\" class=\"wp-image-3250\" style=\"width:900px\" srcset=\"https:\/\/meridiens.org\/meridienjmstephf\/wp-content\/uploads\/2025\/12\/crabe-suncheon-bay-coree-du-Sud-1-scaled-1.jpg 1800w, https:\/\/meridiens.org\/meridienjmstephf\/wp-content\/uploads\/2025\/12\/crabe-suncheon-bay-coree-du-Sud-1-scaled-1-300x194.jpg 300w, https:\/\/meridiens.org\/meridienjmstephf\/wp-content\/uploads\/2025\/12\/crabe-suncheon-bay-coree-du-Sud-1-scaled-1-1024x663.jpg 1024w, https:\/\/meridiens.org\/meridienjmstephf\/wp-content\/uploads\/2025\/12\/crabe-suncheon-bay-coree-du-Sud-1-scaled-1-768x497.jpg 768w, https:\/\/meridiens.org\/meridienjmstephf\/wp-content\/uploads\/2025\/12\/crabe-suncheon-bay-coree-du-Sud-1-scaled-1-1536x995.jpg 1536w, https:\/\/meridiens.org\/meridienjmstephf\/wp-content\/uploads\/2025\/12\/crabe-suncheon-bay-coree-du-Sud-1-scaled-1-624x404.jpg 624w\" sizes=\"auto, (max-width: 1800px) 100vw, 1800px\" \/><figcaption class=\"wp-element-caption\">Crabe&nbsp;chiromantes haematocheir&nbsp;de la baie Suncheon, Jeollanam-do, Cor\u00e9e du Sud<\/figcaption><\/figure>\n\n\n\n<div class=\"wp-block-columns is-layout-flex wp-container-core-columns-is-layout-9d6595d7 wp-block-columns-is-layout-flex\">\n<div class=\"wp-block-column is-layout-flow wp-block-column-is-layout-flow\">\n<h2 class=\"wp-block-heading\"><a href=\"https:\/\/meridiens.org\/meridienjmstephf\/?p=3257\">Asth\u00e9nie : Int\u00e9r\u00eat De L\u2019acupuncture Au Cours D\u2019un Protocole De Chimioth\u00e9rapie (Carboplatine-Paclitaxel)<\/a><\/h2>\n\n\n<div class=\"wp-block-image\">\n<figure class=\"aligncenter size-full\"><a href=\"https:\/\/meridiens.org\/meridienjmstephf\/?p=3257\"><img loading=\"lazy\" decoding=\"async\" width=\"1530\" height=\"861\" src=\"https:\/\/meridiens.org\/meridienjmstephf\/wp-content\/uploads\/2025\/12\/andre-fougeron-la-cuisiniere-endormie-1947.jpg\" alt=\"Andr\u00e9 Fougeron (1913-1998). La cuisini\u00e8re endormie 1947 \u2013 Roubaix Mus\u00e9e de la Piscine\" class=\"wp-image-3260\" srcset=\"https:\/\/meridiens.org\/meridienjmstephf\/wp-content\/uploads\/2025\/12\/andre-fougeron-la-cuisiniere-endormie-1947.jpg 1530w, https:\/\/meridiens.org\/meridienjmstephf\/wp-content\/uploads\/2025\/12\/andre-fougeron-la-cuisiniere-endormie-1947-300x169.jpg 300w, https:\/\/meridiens.org\/meridienjmstephf\/wp-content\/uploads\/2025\/12\/andre-fougeron-la-cuisiniere-endormie-1947-1024x576.jpg 1024w, https:\/\/meridiens.org\/meridienjmstephf\/wp-content\/uploads\/2025\/12\/andre-fougeron-la-cuisiniere-endormie-1947-768x432.jpg 768w, https:\/\/meridiens.org\/meridienjmstephf\/wp-content\/uploads\/2025\/12\/andre-fougeron-la-cuisiniere-endormie-1947-624x351.jpg 624w\" sizes=\"auto, (max-width: 1530px) 100vw, 1530px\" \/><\/a><figcaption class=\"wp-element-caption\">Andr\u00e9 Fougeron (1913-1998). La cuisini\u00e8re endormie 1947 \u2013 Roubaix Mus\u00e9e de la Piscine<\/figcaption><\/figure>\n<\/div>\n\n\n<p class=\"has-small-font-size\"><strong>R\u00e9sum\u00e9&nbsp;:<\/strong>&nbsp;Les protocoles de chimioth\u00e9rapie entra\u00eenent des effets secondaires difficiles \u00e0 \u00e9viter, apparaissant d\u00e8s le d\u00e9but du traitement anticanc\u00e9reux et pouvant persister m\u00eame des mois apr\u00e8s la fin de ce traitement. Ainsi, qu\u2019elle soit en rapport avec la chimioth\u00e9rapie ou la radioth\u00e9rapie, l\u2019asth\u00e9nie li\u00e9e au cancer est un probl\u00e8me tr\u00e8s fr\u00e9quent. La description d\u2019un cas clinique d\u2019un cancer de l\u2019ovaire suivi pendant quatre mois montre l\u2019int\u00e9r\u00eat de l\u2019acupuncture associ\u00e9e \u00e0 la moxibustion et l\u2019\u00e9lectroacupuncture&nbsp;sur la fatigue mais aussi les troubles&nbsp;neuropathiques&nbsp;et gastro-intestinaux en fonction de la diff\u00e9renciation des syndromes (<em>zheng<\/em>). Nous proposons un protocole de traitement&nbsp;acupunctural&nbsp;qui permet d\u2019am\u00e9liorer l\u2019\u00e9tat du patient tout au long de son traitement chimioth\u00e9rapique. Ainsi l\u2019acupuncture qui objective dans des essais contr\u00f4l\u00e9s randomis\u00e9s pr\u00e9liminaires un b\u00e9n\u00e9fice certain, n\u00e9cessitant n\u00e9anmoins la confirmation par des essais cliniques de grande puissance, semble efficace dans la fatigue li\u00e9e au cancer quel que soit son stade et&nbsp;se doit donc d\u2019entrer dans le panel de soins de sant\u00e9 que l\u2019oncologue peut offrir \u00e0 son malade.&nbsp;<\/p>\n<\/div>\n\n\n\n<div class=\"wp-block-column is-layout-flow wp-block-column-is-layout-flow\">\n<h2 class=\"wp-block-heading\"><a href=\"https:\/\/meridiens.org\/meridienjmstephf\/?p=3255\">Acupuncture dans la fatigue li\u00e9e au cancer<\/a><\/h2>\n\n\n\n<p class=\"has-small-font-size\"><strong>R\u00e9sum\u00e9&nbsp;:<\/strong>&nbsp;Qu\u2019elle soit en rapport avec la chimioth\u00e9rapie ou la radioth\u00e9rapie, la fatigue li\u00e9e au cancer est un probl\u00e8me tr\u00e8s fr\u00e9quent apparaissant d\u00e8s le d\u00e9but du traitement anticanc\u00e9reux et pouvant persister m\u00eame des mois apr\u00e8s la fin de ce traitement. Son d\u00e9pistage et son \u00e9valuation devraient donc \u00eatre recommand\u00e9s syst\u00e9matiquement. A l\u2019exclusion des th\u00e9rapies des causes facilement identifiables comme une an\u00e9mie ou une d\u00e9pression, le traitement habituel fait appel \u00e0 une prise en charge favorisant les techniques d\u2019\u00e9conomie d\u2019\u00e9nergie, une approche pharmacologique, psychologique et une r\u00e9habilitation physique. Une autre possibilit\u00e9 souvent ignor\u00e9e fait intervenir l\u2019acupuncture qui objective dans des essais contr\u00f4l\u00e9s randomis\u00e9s pr\u00e9liminaires un b\u00e9n\u00e9fice certain qui doit \u00eatre confirm\u00e9 par des essais cliniques de grande puissance. L\u2019acupuncture semble ainsi efficace dans la fatigue li\u00e9e au cancer quel que soit son stade et&nbsp;se doit donc d\u2019entrer dans le panel de soins de sant\u00e9 que l\u2019oncologue peut offrir \u00e0 son malade.&nbsp;<\/p>\n\n\n<div class=\"wp-block-image\">\n<figure class=\"aligncenter size-full is-resized\"><a href=\"https:\/\/meridiens.org\/meridienjmstephf\/?p=3255\"><img loading=\"lazy\" decoding=\"async\" width=\"613\" height=\"994\" src=\"https:\/\/meridiens.org\/meridienjmstephf\/wp-content\/uploads\/2025\/12\/paul-Serusier-la-fatigue.jpg\" alt=\"Paul S\u00e9rusier \u2013 Les Porteuses d\u2019eau ou la Fatigue (1897) \u2013 Mus\u00e9e des Beaux-Arts de Brest\" class=\"wp-image-3262\" style=\"width:400px\" srcset=\"https:\/\/meridiens.org\/meridienjmstephf\/wp-content\/uploads\/2025\/12\/paul-Serusier-la-fatigue.jpg 613w, https:\/\/meridiens.org\/meridienjmstephf\/wp-content\/uploads\/2025\/12\/paul-Serusier-la-fatigue-185x300.jpg 185w\" sizes=\"auto, (max-width: 613px) 100vw, 613px\" \/><\/a><figcaption class=\"wp-element-caption\">Paul S\u00e9rusier \u2013 Les Porteuses d\u2019eau ou la Fatigue (1897) \u2013 Mus\u00e9e des Beaux-Arts de Brest<\/figcaption><\/figure>\n<\/div><\/div>\n\n\n\n<div class=\"wp-block-column is-layout-flow wp-block-column-is-layout-flow\">\n<h2 class=\"wp-block-heading\"><a href=\"https:\/\/meridiens.org\/meridienjmstephf\/?p=3253\">Electroacupuncture et contr\u00f4le des vomissements chimio-induits<\/a><\/h2>\n\n\n<div class=\"wp-block-image\">\n<figure class=\"aligncenter size-full\"><a href=\"https:\/\/meridiens.org\/meridienjmstephf\/?p=3253\"><img loading=\"lazy\" decoding=\"async\" width=\"1404\" height=\"1200\" src=\"https:\/\/meridiens.org\/meridienjmstephf\/wp-content\/uploads\/2025\/12\/crabe2.jpg\" alt=\"Fort de France, Martinique : Fresque murale - France\" class=\"wp-image-3264\" srcset=\"https:\/\/meridiens.org\/meridienjmstephf\/wp-content\/uploads\/2025\/12\/crabe2.jpg 1404w, https:\/\/meridiens.org\/meridienjmstephf\/wp-content\/uploads\/2025\/12\/crabe2-300x256.jpg 300w, https:\/\/meridiens.org\/meridienjmstephf\/wp-content\/uploads\/2025\/12\/crabe2-1024x875.jpg 1024w, https:\/\/meridiens.org\/meridienjmstephf\/wp-content\/uploads\/2025\/12\/crabe2-768x656.jpg 768w, https:\/\/meridiens.org\/meridienjmstephf\/wp-content\/uploads\/2025\/12\/crabe2-624x533.jpg 624w\" sizes=\"auto, (max-width: 1404px) 100vw, 1404px\" \/><\/a><figcaption class=\"wp-element-caption\">Fort de France, Martinique : Fresque murale &#8211; France<\/figcaption><\/figure>\n<\/div>\n\n\n<p class=\"has-small-font-size\"><strong>Question&nbsp;:<\/strong><\/p>\n\n\n\n<p class=\"has-small-font-size\">L\u2019\u00e9lectroacupuncture est-elle efficace dans les vomissements induits par une chimioth\u00e9rapie hautement \u00e9m\u00e9tique&nbsp;? Cette efficacit\u00e9 est-elle sp\u00e9cifique&nbsp;?<\/p>\n\n\n\n<p class=\"has-small-font-size\"><strong>Plan exp\u00e9rimental&nbsp;:&nbsp;<\/strong>Essai clinique randomis\u00e9, \u00e9lectroacupuncture versus puncture minimale et versus absence d\u2019\u00e9lectroacupuncture.<\/p>\n\n\n\n<p class=\"has-small-font-size\">&nbsp;<strong>Cadre&nbsp;:&nbsp;<\/strong>clinique de canc\u00e9rologie dans un centre hospitalier universitaire californien (USA)<\/p>\n\n\n\n<p class=\"has-small-font-size\">&nbsp;<strong>Patients&nbsp;:<\/strong>&nbsp;L\u2019\u00e9tude fut r\u00e9alis\u00e9e entre mars 1996 et d\u00e9cembre 1997. Un formulaire de consentement \u00e9clair\u00e9 sign\u00e9 par les patientes fut demand\u00e9 lors de l\u2019hospitalisation pour la chimioth\u00e9rapie. Le protocole d\u2019\u00e9tude fut approuv\u00e9 par le comit\u00e9 scientifique local et revu par le comit\u00e9 institutionnel de protection du sujet humain.<\/p>\n<\/div>\n<\/div>\n\n\n\n<p><\/p>\n","protected":false},"excerpt":{"rendered":"<p>Asth\u00e9nie : Int\u00e9r\u00eat De L\u2019acupuncture Au Cours D\u2019un Protocole De Chimioth\u00e9rapie (Carboplatine-Paclitaxel) R\u00e9sum\u00e9&nbsp;:&nbsp;Les protocoles de chimioth\u00e9rapie entra\u00eenent des effets secondaires difficiles \u00e0 \u00e9viter, apparaissant d\u00e8s le d\u00e9but du traitement anticanc\u00e9reux et pouvant persister m\u00eame des mois apr\u00e8s la fin de ce traitement. Ainsi, qu\u2019elle soit en rapport avec la chimioth\u00e9rapie ou la radioth\u00e9rapie, l\u2019asth\u00e9nie li\u00e9e [&hellip;]<\/p>\n","protected":false},"author":1,"featured_media":0,"parent":0,"menu_order":0,"comment_status":"closed","ping_status":"closed","template":"","meta":{"footnotes":""},"class_list":["post-1751","page","type-page","status-publish","hentry"],"_links":{"self":[{"href":"https:\/\/meridiens.org\/meridienjmstephf\/index.php?rest_route=\/wp\/v2\/pages\/1751","targetHints":{"allow":["GET"]}}],"collection":[{"href":"https:\/\/meridiens.org\/meridienjmstephf\/index.php?rest_route=\/wp\/v2\/pages"}],"about":[{"href":"https:\/\/meridiens.org\/meridienjmstephf\/index.php?rest_route=\/wp\/v2\/types\/page"}],"author":[{"embeddable":true,"href":"https:\/\/meridiens.org\/meridienjmstephf\/index.php?rest_route=\/wp\/v2\/users\/1"}],"replies":[{"embeddable":true,"href":"https:\/\/meridiens.org\/meridienjmstephf\/index.php?rest_route=%2Fwp%2Fv2%2Fcomments&post=1751"}],"version-history":[{"count":13,"href":"https:\/\/meridiens.org\/meridienjmstephf\/index.php?rest_route=\/wp\/v2\/pages\/1751\/revisions"}],"predecessor-version":[{"id":3306,"href":"https:\/\/meridiens.org\/meridienjmstephf\/index.php?rest_route=\/wp\/v2\/pages\/1751\/revisions\/3306"}],"wp:attachment":[{"href":"https:\/\/meridiens.org\/meridienjmstephf\/index.php?rest_route=%2Fwp%2Fv2%2Fmedia&parent=1751"}],"curies":[{"name":"wp","href":"https:\/\/api.w.org\/{rel}","templated":true}]}}