{"id":220,"date":"2025-08-21T12:37:27","date_gmt":"2025-08-21T12:37:27","guid":{"rendered":"https:\/\/meridiens.org\/meridienjmstephf\/?page_id=220"},"modified":"2026-04-06T08:43:09","modified_gmt":"2026-04-06T08:43:09","slug":"les-liens","status":"publish","type":"page","link":"https:\/\/meridiens.org\/meridienjmstephf\/?page_id=220","title":{"rendered":"Les Liens"},"content":{"rendered":"<div class=\"wp-block-image\">\n<figure class=\"aligncenter size-large\"><img loading=\"lazy\" decoding=\"async\" width=\"1024\" height=\"520\" src=\"https:\/\/meridiens.org\/meridienjmstephf\/wp-content\/uploads\/2025\/08\/liens-1024x520.jpg\" alt=\"\" class=\"wp-image-221\" srcset=\"https:\/\/meridiens.org\/meridienjmstephf\/wp-content\/uploads\/2025\/08\/liens-1024x520.jpg 1024w, https:\/\/meridiens.org\/meridienjmstephf\/wp-content\/uploads\/2025\/08\/liens-300x152.jpg 300w, https:\/\/meridiens.org\/meridienjmstephf\/wp-content\/uploads\/2025\/08\/liens-768x390.jpg 768w, https:\/\/meridiens.org\/meridienjmstephf\/wp-content\/uploads\/2025\/08\/liens-624x317.jpg 624w, https:\/\/meridiens.org\/meridienjmstephf\/wp-content\/uploads\/2025\/08\/liens.jpg 1391w\" sizes=\"auto, (max-width: 1024px) 100vw, 1024px\" \/><figcaption class=\"wp-element-caption\">Filets de p\u00eache \u2013 Pornic \u2013 Loire Atlantique \u2013 Pays de la Loire \u2013 France<\/figcaption><\/figure>\n<\/div>\n\n\n<ul class=\"wp-block-list\">\n<li><strong><a href=\"https:\/\/acupuncture-medic.fr\/\" target=\"_blank\" rel=\"noreferrer noopener\">Le site de la FAFORMEC<\/a>\u00a0<\/strong>est le portail d\u2019acc\u00e8s au site professionnel de tous les acupuncteurs fran\u00e7ais : annuaire, base de donn\u00e9es, agenda, liens, forum de discussion etc..<\/li>\n\n\n\n<li><a href=\"https:\/\/acupuncture-medic.fr\/trouver-un-medecin-acupuncteur\/\" target=\"_blank\" rel=\"noreferrer noopener\"><strong>Annuaire National des M\u00e9decins Acupuncteurs (FAFORMEC)&nbsp;<\/strong><\/a><\/li>\n\n\n\n<li><a href=\"https:\/\/www.meridiens.org\/\" target=\"_blank\" rel=\"noreferrer noopener\"><strong>M\u00e9ridiens&nbsp;:<\/strong><\/a>&nbsp;le site de&nbsp;l\u2019\u00e9cole Fran\u00e7aise d\u2019acupuncture&nbsp;et de l\u2019association scientifique des m\u00e9decins acupuncteurs de France est en ligne depuis le 25 janvier 2000. Tous les num\u00e9ros de la revue M\u00e9ridiens y sont r\u00e9f\u00e9renc\u00e9s depuis l\u2019ann\u00e9e 1967. Vous y lirez aussi&nbsp;les derniers articles.<\/li>\n\n\n\n<li><strong><a href=\"https:\/\/www.meridiens.org\/AcuMox\/\" target=\"_blank\" rel=\"noreferrer noopener\">Acupuncture &amp; Moxibustion<\/a>&nbsp;<\/strong>:&nbsp;la&nbsp;revue fran\u00e7aise d\u2019acupuncture de r\u00e9f\u00e9rence n\u00e9e de la fusion de \u00ab&nbsp;M\u00e9ridiens&nbsp;\u00bb et de \u00ab&nbsp;la Revue fran\u00e7aise de m\u00e9decine traditionnelle chinoise&nbsp;\u00bb.<\/li>\n\n\n\n<li><strong><a href=\"http:\/\/www.acudoc2.com\/\" target=\"_blank\" rel=\"noreferrer noopener\">ACUDOC2<\/a>&nbsp;<\/strong>est une&nbsp;base de donn\u00e9es sp\u00e9cialis\u00e9e en acupuncture et en m\u00e9decine traditionnelle chinoise<\/li>\n\n\n\n<li><strong><a href=\"https:\/\/www.acupuncture-medicale.org\/gestionacumoxi\/obslille.asp\" target=\"_blank\" rel=\"noreferrer noopener\">DIU acupuncture obst\u00e9tricale<\/a>&nbsp;<\/strong>de Lille<\/li>\n\n\n\n<li>La m\u00e9decine fond\u00e9e sur les preuves (EBM : Evidence Based Medicine) est une d\u00e9marche m\u00e9thodique et raisonn\u00e9e qui permet d\u2019adapter ses connaissances en prenant en compte les derni\u00e8res avanc\u00e9es diagnostiques et th\u00e9rapeutiques.&nbsp;Voici un site&nbsp;<a href=\"https:\/\/wiki-mtc.org\/doku.php\" target=\"_blank\" rel=\"noreferrer noopener\">d<strong>\u2019EBM consacr\u00e9 \u00e0 l\u2019acupuncture.<\/strong><\/a><\/li>\n\n\n\n<li>Le Syndicat National des M\u00e9decins Acupuncteurs de France&nbsp;<strong>:&nbsp;<a href=\"https:\/\/www.meridiens.org\/acumedsyn.org\/\" target=\"_blank\" rel=\"noreferrer noopener\">acumedsyn.org<\/a><\/strong><\/li>\n<\/ul>\n","protected":false},"excerpt":{"rendered":"","protected":false},"author":1,"featured_media":0,"parent":0,"menu_order":0,"comment_status":"closed","ping_status":"closed","template":"","meta":{"footnotes":""},"class_list":["post-220","page","type-page","status-publish","hentry"],"_links":{"self":[{"href":"https:\/\/meridiens.org\/meridienjmstephf\/index.php?rest_route=\/wp\/v2\/pages\/220","targetHints":{"allow":["GET"]}}],"collection":[{"href":"https:\/\/meridiens.org\/meridienjmstephf\/index.php?rest_route=\/wp\/v2\/pages"}],"about":[{"href":"https:\/\/meridiens.org\/meridienjmstephf\/index.php?rest_route=\/wp\/v2\/types\/page"}],"author":[{"embeddable":true,"href":"https:\/\/meridiens.org\/meridienjmstephf\/index.php?rest_route=\/wp\/v2\/users\/1"}],"replies":[{"embeddable":true,"href":"https:\/\/meridiens.org\/meridienjmstephf\/index.php?rest_route=%2Fwp%2Fv2%2Fcomments&post=220"}],"version-history":[{"count":2,"href":"https:\/\/meridiens.org\/meridienjmstephf\/index.php?rest_route=\/wp\/v2\/pages\/220\/revisions"}],"predecessor-version":[{"id":3845,"href":"https:\/\/meridiens.org\/meridienjmstephf\/index.php?rest_route=\/wp\/v2\/pages\/220\/revisions\/3845"}],"wp:attachment":[{"href":"https:\/\/meridiens.org\/meridienjmstephf\/index.php?rest_route=%2Fwp%2Fv2%2Fmedia&parent=220"}],"curies":[{"name":"wp","href":"https:\/\/api.w.org\/{rel}","templated":true}]}}