{"id":3,"date":"2025-08-18T21:13:20","date_gmt":"2025-08-18T21:13:20","guid":{"rendered":"http:\/\/meridiens.org\/meridienjmstephf\/?page_id=3"},"modified":"2025-08-18T22:12:58","modified_gmt":"2025-08-18T22:12:58","slug":"privacy-policy","status":"publish","type":"page","link":"https:\/\/meridiens.org\/meridienjmstephf\/?page_id=3","title":{"rendered":"Politique de Confidentialit\u00e9"},"content":{"rendered":"\n<p><strong>Mission-Audience<br><\/strong><br>Ce site a pour mission d\u2019informer ses visiteurs \u00e0 propos de l\u2019acupuncture et de la m\u00e9decine traditionnelle chinoise.<\/p>\n\n\n\n<p>Il est financ\u00e9 uniquement par le Dr Jean-Marc St\u00e9phan qui ne signale aucun conflit d\u2019int\u00e9r\u00eat en rapport avec d\u2019\u00e9ventuels sources publicitaires, la publicit\u00e9 n\u2019\u00e9tant pas admise.<\/p>\n\n\n\n<p>Par ailleurs, il n&rsquo;y a aucun lien d\u2019int\u00e9r\u00eat concernant des organisations sanitaires ou des entreprises et \u00e9tablissements produisant ou exploitant des produits de sant\u00e9 ou des organismes de conseil intervenant sur ces produits, au regard des articles L. 4113-13 et R. 4113-110 du Code de la sant\u00e9 publique.<\/p>\n\n\n\n<p>Les informations fournies sur ce site sont destin\u00e9es \u00e0 la fois aux professionnels de sant\u00e9 et au Grand Public.<\/p>\n\n\n\n<p>N\u00e9anmoins, l\u2019information diffus\u00e9e vers le Grand Public est destin\u00e9e \u00e0 encourager, et non \u00e0 remplacer, les relations existantes entre patient et m\u00e9decin.<\/p>\n\n\n\n<p><strong>CONFIDENTIALITE ET DONNEES PERSONNELLES<\/strong><br>Aucune donn\u00e9e personnelle n\u2019est recueillie sur ce site et de ce fait, selon le JORF n\u00b0128 du 3 juin 2006, une d\u00e9claration au CNIL (Commission Nationale Informatique et Libert\u00e9) conform\u00e9ment aux dispositions de la Loi n\u00b0 78-17 du 6 janvier 1978 relative \u00e0 l\u2019informatique, aux fichiers et aux libert\u00e9s est inutile.<\/p>\n\n\n\n<h5 class=\"wp-block-heading\"><strong>COOKIES<\/strong>&nbsp;et donn\u00e9es de navigation<\/h5>\n\n\n\n<p>Comme vous ne pouvez pas d\u00e9poser de commentaires sur ce site, aucun enregistrement de nom, d\u2019adresse de messagerie et de site web n\u2019est r\u00e9alis\u00e9 dans les cookies qui facilitent votre navigation. Ces cookies tiers non-fonctionnels sont destin\u00e9s \u00e0 r\u00e9colter des statistiques de visite et ainsi am\u00e9liorer ce site en permanence. Pour ce faire, j\u2019utilise les donn\u00e9es Jetpack qui me permet de stocker les donn\u00e9es ainsi recueillies sur un serveur h\u00e9berg\u00e9 en France par OVH.<\/p>\n\n\n\n<p>Un cookie est un petit fichier de texte et de chiffres que nous sauvegardons sur notre serveur.<\/p>\n\n\n\n<p>Un cookie ne permet pas d\u2019identifier directement un utilisateur (il ne contient ni nom ni pr\u00e9nom ou autre information personnelle), mais le navigateur de votre terminal ou l\u2019application, g\u00e9n\u00e9ralement mobile, utilis\u00e9e. Il permet toutefois de suivre les actions d\u2019un m\u00eame utilisateur \u00e0 l\u2019aide de l\u2019identifiant unique contenu dans le fichier cookie.<\/p>\n\n\n\n<p><\/p>\n","protected":false},"excerpt":{"rendered":"<p>Mission-AudienceCe site a pour mission d\u2019informer ses visiteurs \u00e0 propos de l\u2019acupuncture et de la m\u00e9decine traditionnelle chinoise. Il est financ\u00e9 uniquement par le Dr Jean-Marc St\u00e9phan qui ne signale aucun conflit d\u2019int\u00e9r\u00eat en rapport avec d\u2019\u00e9ventuels sources publicitaires, la publicit\u00e9 n\u2019\u00e9tant pas admise. Par ailleurs, il n&rsquo;y a aucun lien d\u2019int\u00e9r\u00eat concernant des organisations [&hellip;]<\/p>\n","protected":false},"author":1,"featured_media":0,"parent":0,"menu_order":0,"comment_status":"closed","ping_status":"open","template":"","meta":{"footnotes":""},"class_list":["post-3","page","type-page","status-publish","hentry"],"_links":{"self":[{"href":"https:\/\/meridiens.org\/meridienjmstephf\/index.php?rest_route=\/wp\/v2\/pages\/3","targetHints":{"allow":["GET"]}}],"collection":[{"href":"https:\/\/meridiens.org\/meridienjmstephf\/index.php?rest_route=\/wp\/v2\/pages"}],"about":[{"href":"https:\/\/meridiens.org\/meridienjmstephf\/index.php?rest_route=\/wp\/v2\/types\/page"}],"author":[{"embeddable":true,"href":"https:\/\/meridiens.org\/meridienjmstephf\/index.php?rest_route=\/wp\/v2\/users\/1"}],"replies":[{"embeddable":true,"href":"https:\/\/meridiens.org\/meridienjmstephf\/index.php?rest_route=%2Fwp%2Fv2%2Fcomments&post=3"}],"version-history":[{"count":2,"href":"https:\/\/meridiens.org\/meridienjmstephf\/index.php?rest_route=\/wp\/v2\/pages\/3\/revisions"}],"predecessor-version":[{"id":51,"href":"https:\/\/meridiens.org\/meridienjmstephf\/index.php?rest_route=\/wp\/v2\/pages\/3\/revisions\/51"}],"wp:attachment":[{"href":"https:\/\/meridiens.org\/meridienjmstephf\/index.php?rest_route=%2Fwp%2Fv2%2Fmedia&parent=3"}],"curies":[{"name":"wp","href":"https:\/\/api.w.org\/{rel}","templated":true}]}}