{"id":40,"date":"2025-08-18T21:55:16","date_gmt":"2025-08-18T21:55:16","guid":{"rendered":"https:\/\/meridiens.org\/meridienjmstephf\/?page_id=40"},"modified":"2025-11-01T05:59:18","modified_gmt":"2025-11-01T05:59:18","slug":"dr-jean-marc-stephan","status":"publish","type":"page","link":"https:\/\/meridiens.org\/meridienjmstephf\/?page_id=40","title":{"rendered":"P\u00e9diatrie"},"content":{"rendered":"<div class=\"wp-block-image is-style-default\">\n<figure class=\"aligncenter size-full is-resized\"><img loading=\"lazy\" decoding=\"async\" width=\"1410\" height=\"787\" src=\"https:\/\/meridiens.org\/meridienjmstephf\/wp-content\/uploads\/2025\/08\/Santiago-Atitlan-Guatemala-1567m.jpg\" alt=\"Santiago-Atitlan-Guatemala-1567m\" class=\"wp-image-68\" style=\"width:1000px\" srcset=\"https:\/\/meridiens.org\/meridienjmstephf\/wp-content\/uploads\/2025\/08\/Santiago-Atitlan-Guatemala-1567m.jpg 1410w, https:\/\/meridiens.org\/meridienjmstephf\/wp-content\/uploads\/2025\/08\/Santiago-Atitlan-Guatemala-1567m-300x167.jpg 300w, https:\/\/meridiens.org\/meridienjmstephf\/wp-content\/uploads\/2025\/08\/Santiago-Atitlan-Guatemala-1567m-1024x572.jpg 1024w, https:\/\/meridiens.org\/meridienjmstephf\/wp-content\/uploads\/2025\/08\/Santiago-Atitlan-Guatemala-1567m-768x429.jpg 768w, https:\/\/meridiens.org\/meridienjmstephf\/wp-content\/uploads\/2025\/08\/Santiago-Atitlan-Guatemala-1567m-1200x670.jpg 1200w\" sizes=\"auto, (max-width: 1410px) 100vw, 1410px\" \/><figcaption class=\"wp-element-caption\">Santiago-Atitlan-Guatemala-1567m<\/figcaption><\/figure>\n<\/div>\n\n\n<div class=\"wp-block-columns alignwide is-layout-flex wp-container-core-columns-is-layout-9d6595d7 wp-block-columns-is-layout-flex\">\n<div class=\"wp-block-column is-layout-flow wp-block-column-is-layout-flow\" style=\"flex-basis:33.33%\">\n<h1 class=\"wp-block-heading\"><a href=\"https:\/\/meridiens.org\/meridienjmstephf\/?p=100\" data-type=\"post\" data-id=\"100\"><strong>L\u2019acupuncture a-t-elle sa place dans les coliques du nourrisson<\/strong><\/a><\/h1>\n\n\n\n<div class=\"wp-block-group\"><div class=\"wp-block-group__inner-container is-layout-constrained wp-block-group-is-layout-constrained\">\n<div class=\"wp-block-group\"><div class=\"wp-block-group__inner-container is-layout-constrained wp-block-group-is-layout-constrained\"><div class=\"wp-block-image\">\n<figure class=\"aligncenter size-full\"><a href=\"https:\/\/meridiens.org\/meridienjmstephf\/?p=100\"><img loading=\"lazy\" decoding=\"async\" width=\"1800\" height=\"1123\" src=\"https:\/\/meridiens.org\/meridienjmstephf\/wp-content\/uploads\/2025\/08\/Travail-des-noix-de-cajou-village-pres-de-Banjul-frontiere-senegalo-gambienne-Gambie-scaled-1.jpg\" alt=\"Travail des noix de cajou - village pr\u00e8s de Banjul - fronti\u00e8re s\u00e9n\u00e9galo-gambienne - Gambie\" class=\"wp-image-71\" srcset=\"https:\/\/meridiens.org\/meridienjmstephf\/wp-content\/uploads\/2025\/08\/Travail-des-noix-de-cajou-village-pres-de-Banjul-frontiere-senegalo-gambienne-Gambie-scaled-1.jpg 1800w, https:\/\/meridiens.org\/meridienjmstephf\/wp-content\/uploads\/2025\/08\/Travail-des-noix-de-cajou-village-pres-de-Banjul-frontiere-senegalo-gambienne-Gambie-scaled-1-300x187.jpg 300w, https:\/\/meridiens.org\/meridienjmstephf\/wp-content\/uploads\/2025\/08\/Travail-des-noix-de-cajou-village-pres-de-Banjul-frontiere-senegalo-gambienne-Gambie-scaled-1-1024x639.jpg 1024w, https:\/\/meridiens.org\/meridienjmstephf\/wp-content\/uploads\/2025\/08\/Travail-des-noix-de-cajou-village-pres-de-Banjul-frontiere-senegalo-gambienne-Gambie-scaled-1-768x479.jpg 768w, https:\/\/meridiens.org\/meridienjmstephf\/wp-content\/uploads\/2025\/08\/Travail-des-noix-de-cajou-village-pres-de-Banjul-frontiere-senegalo-gambienne-Gambie-scaled-1-1536x958.jpg 1536w, https:\/\/meridiens.org\/meridienjmstephf\/wp-content\/uploads\/2025\/08\/Travail-des-noix-de-cajou-village-pres-de-Banjul-frontiere-senegalo-gambienne-Gambie-scaled-1-1200x749.jpg 1200w\" sizes=\"auto, (max-width: 1800px) 100vw, 1800px\" \/><\/a><figcaption class=\"wp-element-caption\">Travail des noix de cajou &#8211; village pr\u00e8s de Banjul &#8211; fronti\u00e8re s\u00e9n\u00e9galo-gambienne &#8211; Gambie<\/figcaption><\/figure>\n<\/div>\n\n\n<div class=\"wp-block-group\"><div class=\"wp-block-group__inner-container is-layout-constrained wp-block-group-is-layout-constrained\">\n<p class=\"has-small-font-size\">Dans cette r\u00e9cente publication en 2021 du m\u00eame essai ACU-COL (d\u00e9j\u00e0 publi\u00e9 en 2017, les auteurs font une analyse secondaire de l\u2019efficacit\u00e9 de deux types d\u2019acupuncture minimaliste par rapport \u00e0 l\u2019absence d\u2019acupuncture sur les habitudes de selles, de sommeil et d\u2019alimentation chez des nourrissons atteints de coliques infantiles.&nbsp;<\/p>\n\n\n\n<p><strong>Plan Exp\u00e9rimental<\/strong><\/p>\n\n\n\n<p class=\"has-small-font-size\">Essai randomis\u00e9 \u00e0 trois bras, r\u00e9alis\u00e9 en double aveugle chez 147 nourrissons, selon un protocole publi\u00e9 en 2015.<\/p>\n\n\n\n<p class=\"has-small-font-size\">\u2013 groupe A (n=48)&nbsp;: acupuncture standardis\u00e9e au point 4GI (<em>hegu<\/em>) pendant 5 secondes,<\/p>\n\n\n\n<p class=\"has-small-font-size\">\u2013 groupe B (n = 49)&nbsp;: acupuncture semi-standardis\u00e9e en fonction des sympt\u00f4mes (5 points au maximum) pendant 30 secondes.<\/p>\n\n\n\n<p class=\"has-small-font-size\">\u2013 groupe C (n = 48)&nbsp;: ne b\u00e9n\u00e9ficie pas d\u2019acupuncture.<\/p>\n\n\n\n<p><strong>Cadre<\/strong><\/p>\n\n\n\n<p class=\"has-small-font-size\">Quatre centres m\u00e9dicaux p\u00e9diatriques localis\u00e9s dans quatre comt\u00e9s en Su\u00e8de, o\u00f9 sont propos\u00e9s gratuitement pour tout b\u00e9b\u00e9 pendant les trois premiers mois&nbsp;de vie sept visites pour les peser et mesurer. <\/p>\n<\/div><\/div>\n<\/div><\/div>\n<\/div><\/div>\n\n\n<div class=\"wp-block-image\">\n<figure class=\"aligncenter size-full\"><a href=\"https:\/\/meridiens.org\/meridienjmstephf\/?p=100\"><img loading=\"lazy\" decoding=\"async\" width=\"1370\" height=\"874\" src=\"https:\/\/meridiens.org\/meridienjmstephf\/wp-content\/uploads\/2025\/08\/enfant-de-lethnie-NaXi-a-Lijiang-Yunnan-Chine.jpg\" alt=\"Enfant de l'ethnie NaXi \u00e0 Lijiang Yunnan - Chine\" class=\"wp-image-72\" srcset=\"https:\/\/meridiens.org\/meridienjmstephf\/wp-content\/uploads\/2025\/08\/enfant-de-lethnie-NaXi-a-Lijiang-Yunnan-Chine.jpg 1370w, https:\/\/meridiens.org\/meridienjmstephf\/wp-content\/uploads\/2025\/08\/enfant-de-lethnie-NaXi-a-Lijiang-Yunnan-Chine-300x191.jpg 300w, https:\/\/meridiens.org\/meridienjmstephf\/wp-content\/uploads\/2025\/08\/enfant-de-lethnie-NaXi-a-Lijiang-Yunnan-Chine-1024x653.jpg 1024w, https:\/\/meridiens.org\/meridienjmstephf\/wp-content\/uploads\/2025\/08\/enfant-de-lethnie-NaXi-a-Lijiang-Yunnan-Chine-768x490.jpg 768w, https:\/\/meridiens.org\/meridienjmstephf\/wp-content\/uploads\/2025\/08\/enfant-de-lethnie-NaXi-a-Lijiang-Yunnan-Chine-1200x766.jpg 1200w\" sizes=\"auto, (max-width: 1370px) 100vw, 1370px\" \/><\/a><figcaption class=\"wp-element-caption\">Enfant de l&rsquo;ethnie NaXi \u00e0 Lijiang Yunnan &#8211; Chine<\/figcaption><\/figure>\n<\/div><\/div>\n\n\n\n<div class=\"wp-block-column is-layout-flow wp-block-column-is-layout-flow\">\n<h1 class=\"wp-block-heading\"><a href=\"https:\/\/meridiens.org\/meridienjmstephf\/?p=189\" data-type=\"post\" data-id=\"189\"><strong>Les troubles du sommeil du nourrisson : traitement par stimulation \u00e9lectro-acupuncturale<\/strong><\/a><\/h1>\n\n\n<div class=\"wp-block-image\">\n<figure class=\"aligncenter size-full is-resized\"><a href=\"https:\/\/meridiens.org\/meridienjmstephf\/?p=189\"><img loading=\"lazy\" decoding=\"async\" width=\"1521\" height=\"1014\" src=\"https:\/\/meridiens.org\/meridienjmstephf\/wp-content\/uploads\/2025\/08\/Mere-et-enfant-Yunnan-Chine.jpg\" alt=\"M\u00e8re et enfant - Yunnan - Chine\" class=\"wp-image-73\" style=\"width:560px\" srcset=\"https:\/\/meridiens.org\/meridienjmstephf\/wp-content\/uploads\/2025\/08\/Mere-et-enfant-Yunnan-Chine.jpg 1521w, https:\/\/meridiens.org\/meridienjmstephf\/wp-content\/uploads\/2025\/08\/Mere-et-enfant-Yunnan-Chine-300x200.jpg 300w, https:\/\/meridiens.org\/meridienjmstephf\/wp-content\/uploads\/2025\/08\/Mere-et-enfant-Yunnan-Chine-1024x683.jpg 1024w, https:\/\/meridiens.org\/meridienjmstephf\/wp-content\/uploads\/2025\/08\/Mere-et-enfant-Yunnan-Chine-768x512.jpg 768w, https:\/\/meridiens.org\/meridienjmstephf\/wp-content\/uploads\/2025\/08\/Mere-et-enfant-Yunnan-Chine-1200x800.jpg 1200w\" sizes=\"auto, (max-width: 1521px) 100vw, 1521px\" \/><\/a><figcaption class=\"wp-element-caption\">M\u00e8re et enfant &#8211; Yunnan &#8211; Chine<\/figcaption><\/figure>\n<\/div>\n\n\n<p class=\"has-text-align-left has-small-font-size\"><strong>R\u00e9sum\u00e9:&nbsp;<\/strong>Les troubles du sommeil du nourrisson, motif fr\u00e9quent de consultation, peuvent b\u00e9n\u00e9ficier d\u2019un traitement \u00e9lectroacupunctural associant stimulation cutan\u00e9e et \u00e9lectro-acupuncture des \u00ab&nbsp;fosses du Qi&nbsp;\u00bb : Neiguan (MC6), Daling (MC7), Shenmen (C7), Taiyuan (P9), Zhaohai (R6), Shenmai (V62), Yintang (HM1) et Baihui (VG20).&nbsp;<br>Apr\u00e8s un rappel de d\u00e9finition de l\u2019insomnie selon la m\u00e9decine occidentale, puis selon la m\u00e9decine traditionnelle chinoise, l\u2019\u00e9tude commentera le choix des points en fonction des Textes, le tout appliqu\u00e9 \u00e0 la physiologie propre du nourrisson. Auparavant, six observations auront permis d\u2019illustrer les diff\u00e9rents propos.&nbsp;<strong>Mots cl\u00e9s :<\/strong>&nbsp;Electro-acupuncture, P\u00e9diatrie, Insomnie, Sommeil, Yin &amp; Yang Chiao Mai, Shen, Jing Qi, Wei Qi, Rong Qi, Xue.<\/p>\n\n\n<div class=\"wp-block-image\">\n<figure class=\"aligncenter size-full is-resized\"><a href=\"https:\/\/meridiens.org\/meridienjmstephf\/?p=189\"><img loading=\"lazy\" decoding=\"async\" width=\"1262\" height=\"848\" src=\"https:\/\/meridiens.org\/meridienjmstephf\/wp-content\/uploads\/2025\/08\/enfants-de-lethnie-NaXi-a-Lijiang-Yunnan-Chine-2.jpg\" alt=\"Enfants de l'ethnie NaXi \u00e0 Lijiang - Yunnan - Chine\" class=\"wp-image-85\" style=\"width:600px\" srcset=\"https:\/\/meridiens.org\/meridienjmstephf\/wp-content\/uploads\/2025\/08\/enfants-de-lethnie-NaXi-a-Lijiang-Yunnan-Chine-2.jpg 1262w, https:\/\/meridiens.org\/meridienjmstephf\/wp-content\/uploads\/2025\/08\/enfants-de-lethnie-NaXi-a-Lijiang-Yunnan-Chine-2-300x202.jpg 300w, https:\/\/meridiens.org\/meridienjmstephf\/wp-content\/uploads\/2025\/08\/enfants-de-lethnie-NaXi-a-Lijiang-Yunnan-Chine-2-1024x688.jpg 1024w, https:\/\/meridiens.org\/meridienjmstephf\/wp-content\/uploads\/2025\/08\/enfants-de-lethnie-NaXi-a-Lijiang-Yunnan-Chine-2-768x516.jpg 768w, https:\/\/meridiens.org\/meridienjmstephf\/wp-content\/uploads\/2025\/08\/enfants-de-lethnie-NaXi-a-Lijiang-Yunnan-Chine-2-1200x806.jpg 1200w\" sizes=\"auto, (max-width: 1262px) 100vw, 1262px\" \/><\/a><figcaption class=\"wp-element-caption\">Enfants de l&rsquo;ethnie NaXi \u00e0 Lijiang &#8211; Yunnan &#8211; Chine<\/figcaption><\/figure>\n<\/div>\n\n\n<p class=\"has-text-align-left has-small-font-size\"><strong>Summary<\/strong><strong>:<\/strong>&nbsp;The sleeping disorders of the newborn, frequent motive of consultation may have the benefit of an electroacupunctural treatement associating cutaneous stimulation and electroacupuncture of \u00ab&nbsp;the fosses du Qi&nbsp;\u00bb (Qi holes) : Neiguan (MH6), Daling (MH7), Shenmen (H7), Taiyuan (LU9), Zhaohai (K6), Shenmai (BL62), Yintang (EP1) et Baihui (GV20).<br>After recalling the defenition of insomnia according to occidental medicine, then according to chinese traditional medicine, the study will explain the choice of the points according to the texts, the whole applied to the particular physiology of the newborn. Previously, six observations will have illustraded these various purposes.<\/p>\n<\/div>\n<\/div>\n\n\n\n<p><\/p>\n","protected":false},"excerpt":{"rendered":"<p>L\u2019acupuncture a-t-elle sa place dans les coliques du nourrisson Dans cette r\u00e9cente publication en 2021 du m\u00eame essai ACU-COL (d\u00e9j\u00e0 publi\u00e9 en 2017, les auteurs font une analyse secondaire de l\u2019efficacit\u00e9 de deux types d\u2019acupuncture minimaliste par rapport \u00e0 l\u2019absence d\u2019acupuncture sur les habitudes de selles, de sommeil et d\u2019alimentation chez des nourrissons atteints de [&hellip;]<\/p>\n","protected":false},"author":1,"featured_media":0,"parent":0,"menu_order":0,"comment_status":"closed","ping_status":"closed","template":"","meta":{"footnotes":""},"class_list":["post-40","page","type-page","status-publish","hentry"],"_links":{"self":[{"href":"https:\/\/meridiens.org\/meridienjmstephf\/index.php?rest_route=\/wp\/v2\/pages\/40","targetHints":{"allow":["GET"]}}],"collection":[{"href":"https:\/\/meridiens.org\/meridienjmstephf\/index.php?rest_route=\/wp\/v2\/pages"}],"about":[{"href":"https:\/\/meridiens.org\/meridienjmstephf\/index.php?rest_route=\/wp\/v2\/types\/page"}],"author":[{"embeddable":true,"href":"https:\/\/meridiens.org\/meridienjmstephf\/index.php?rest_route=\/wp\/v2\/users\/1"}],"replies":[{"embeddable":true,"href":"https:\/\/meridiens.org\/meridienjmstephf\/index.php?rest_route=%2Fwp%2Fv2%2Fcomments&post=40"}],"version-history":[{"count":60,"href":"https:\/\/meridiens.org\/meridienjmstephf\/index.php?rest_route=\/wp\/v2\/pages\/40\/revisions"}],"predecessor-version":[{"id":2887,"href":"https:\/\/meridiens.org\/meridienjmstephf\/index.php?rest_route=\/wp\/v2\/pages\/40\/revisions\/2887"}],"wp:attachment":[{"href":"https:\/\/meridiens.org\/meridienjmstephf\/index.php?rest_route=%2Fwp%2Fv2%2Fmedia&parent=40"}],"curies":[{"name":"wp","href":"https:\/\/api.w.org\/{rel}","templated":true}]}}