{"id":696,"date":"2025-08-27T20:19:26","date_gmt":"2025-08-27T20:19:26","guid":{"rendered":"https:\/\/meridiens.org\/meridienjmstephf\/?page_id=696"},"modified":"2025-09-02T09:11:20","modified_gmt":"2025-09-02T09:11:20","slug":"cardiologie","status":"publish","type":"page","link":"https:\/\/meridiens.org\/meridienjmstephf\/?page_id=696","title":{"rendered":"Cardiologie"},"content":{"rendered":"<div class=\"wp-block-image\">\n<figure class=\"aligncenter size-full is-resized\"><img loading=\"lazy\" decoding=\"async\" width=\"1013\" height=\"555\" src=\"https:\/\/meridiens.org\/meridienjmstephf\/wp-content\/uploads\/2025\/08\/jeff-Koons.jpg\" alt=\"C\u0153ur suspendu de Jeff Koons, exposition Centre Pompidou Paris \u2013 France- 2015\" class=\"wp-image-728\" style=\"width:900px\" srcset=\"https:\/\/meridiens.org\/meridienjmstephf\/wp-content\/uploads\/2025\/08\/jeff-Koons.jpg 1013w, https:\/\/meridiens.org\/meridienjmstephf\/wp-content\/uploads\/2025\/08\/jeff-Koons-300x164.jpg 300w, https:\/\/meridiens.org\/meridienjmstephf\/wp-content\/uploads\/2025\/08\/jeff-Koons-768x421.jpg 768w, https:\/\/meridiens.org\/meridienjmstephf\/wp-content\/uploads\/2025\/08\/jeff-Koons-624x342.jpg 624w\" sizes=\"auto, (max-width: 1013px) 100vw, 1013px\" \/><figcaption class=\"wp-element-caption\">C\u0153ur suspendu de Jeff Koons, exposition Centre Pompidou Paris \u2013 France- 2015<\/figcaption><\/figure>\n<\/div>\n\n\n<p class=\"has-text-color has-background has-link-color has-small-font-size wp-elements-7e506b0905673b0b7eac2053be93d6db\" style=\"color:#faf9eb;background-color:#1b2176\"><strong>Jeff Koons&nbsp;<\/strong>est un artiste contemporain am\u00e9ricain connu pour ses sculptures et ses installations audacieuses. N\u00e9 le 21 janvier 1955 \u00e0 York, en Pennsylvanie, Koons est l\u2019une des figures les plus influentes de l\u2019art contemporain depuis les ann\u00e9es 1980. Son travail explore les concepts de la pop culture, de la consommation, du kitsch et de la c\u00e9l\u00e9brit\u00e9. Koons utilise souvent des mat\u00e9riaux tels que l\u2019acier inoxydable, le verre et le plastique pour cr\u00e9er des sculptures monumentales repr\u00e9sentant des objets du quotidien, des animaux ou des personnages. Ses \u0153uvres ont suscit\u00e9 \u00e0 la fois des \u00e9loges et des controverses, mais elles ont ind\u00e9niablement marqu\u00e9 le paysage de l\u2019art contemporain.<\/p>\n\n\n\n<div class=\"wp-block-columns is-layout-flex wp-container-core-columns-is-layout-9d6595d7 wp-block-columns-is-layout-flex\">\n<div class=\"wp-block-column is-layout-flow wp-block-column-is-layout-flow\">\n<h2 class=\"wp-block-heading\"><strong><a href=\"https:\/\/meridiens.org\/meridienjmstephf\/?p=698\" data-type=\"post\" data-id=\"698\">Angor chronique stable&nbsp; et \u00e9lectroacupuncture&nbsp;: un essai contr\u00f4l\u00e9 randomis\u00e9 \u00e0 quatre bras<\/a><\/strong><\/h2>\n\n\n\n<p><strong>R\u00c9SUM\u00c9<\/strong><\/p>\n\n\n\n<p><strong>&nbsp;<\/strong><strong>Question<\/strong><\/p>\n\n\n\n<p>\u2013 Evaluer l\u2019innocuit\u00e9 et l\u2019efficacit\u00e9 de l\u2019\u00e9lectroacupuncture dans l\u2019angor chronique stable (ACS) comme traitement adjuvant aux traitements anti-angineux pour r\u00e9duire la fr\u00e9quence des crises d\u2019angine de poitrine. L\u2019ACS est d\u00e9fini selon les crit\u00e8res de l\u2019American College of Cardiology et de l\u2019American Heart Association comme une crise d\u2019angor survenant au moins deux fois par semaine.<\/p>\n\n\n\n<p>\u2013 Valider les caract\u00e9ristiques de sp\u00e9cificit\u00e9 des points d\u2019acupuncture bas\u00e9s sur les m\u00e9ridiens.<\/p>\n\n\n\n<p><strong>&nbsp;<\/strong><strong>Plan exp\u00e9rimental<\/strong><\/p>\n\n\n\n<p>Essai contr\u00f4l\u00e9 randomis\u00e9 multicentrique avec analyse en intention de traiter, \u00e0 quatre bras&nbsp;par randomisation centrale selon un ratio de 1: 1: 1: 1.<\/p>\n\n\n<div class=\"wp-block-image\">\n<figure class=\"aligncenter size-full\"><a href=\"https:\/\/meridiens.org\/meridienjmstephf\/?p=698\"><img loading=\"lazy\" decoding=\"async\" width=\"1594\" height=\"903\" src=\"https:\/\/meridiens.org\/meridienjmstephf\/wp-content\/uploads\/2025\/08\/Coeur-selon-Nicki-de-St-Phalle-Paris-France.jpg\" alt=\"C\u0153ur selon Nicki de St Phalle \u2013 Paris \u2013 France\" class=\"wp-image-731\" srcset=\"https:\/\/meridiens.org\/meridienjmstephf\/wp-content\/uploads\/2025\/08\/Coeur-selon-Nicki-de-St-Phalle-Paris-France.jpg 1594w, https:\/\/meridiens.org\/meridienjmstephf\/wp-content\/uploads\/2025\/08\/Coeur-selon-Nicki-de-St-Phalle-Paris-France-300x170.jpg 300w, https:\/\/meridiens.org\/meridienjmstephf\/wp-content\/uploads\/2025\/08\/Coeur-selon-Nicki-de-St-Phalle-Paris-France-1024x580.jpg 1024w, https:\/\/meridiens.org\/meridienjmstephf\/wp-content\/uploads\/2025\/08\/Coeur-selon-Nicki-de-St-Phalle-Paris-France-768x435.jpg 768w, https:\/\/meridiens.org\/meridienjmstephf\/wp-content\/uploads\/2025\/08\/Coeur-selon-Nicki-de-St-Phalle-Paris-France-1536x870.jpg 1536w, https:\/\/meridiens.org\/meridienjmstephf\/wp-content\/uploads\/2025\/08\/Coeur-selon-Nicki-de-St-Phalle-Paris-France-624x353.jpg 624w\" sizes=\"auto, (max-width: 1594px) 100vw, 1594px\" \/><\/a><figcaption class=\"wp-element-caption\">C\u0153ur selon Nicki de St Phalle \u2013 Paris \u2013 France<\/figcaption><\/figure>\n<\/div>\n\n\n<p class=\"has-background has-small-font-size\" style=\"background:linear-gradient(135deg,rgb(238,238,238) 79%,rgb(169,184,195) 100%)\">La Basilique du Sacr\u00e9-C\u0153ur est l\u2019un des monuments embl\u00e9matiques de Paris. Situ\u00e9e au sommet de la colline de Montmartre, elle domine la skyline de la ville et offre une vue imprenable sur Paris. Cette magnifique \u00e9glise catholique romaine a \u00e9t\u00e9 construite \u00e0 la fin du XIXe si\u00e8cle en hommage au Sacr\u00e9-C\u0153ur de J\u00e9sus, une d\u00e9votion importante dans la religion catholique. Son architecture est caract\u00e9ristique du style romano-byzantin, avec ses d\u00f4mes, ses vo\u00fbtes et ses mosa\u00efques. La basilique est un lieu de culte, mais aussi une attraction touristique majeure. Les visiteurs peuvent admirer les d\u00e9tails architecturaux de l\u2019ext\u00e9rieur de l\u2019\u00e9glise, ainsi que l\u2019int\u00e9rieur orn\u00e9 de magnifiques \u0153uvres d\u2019art religieuses. L\u2019un des points forts de la visite est sans aucun doute la mont\u00e9e des marches jusqu\u2019\u00e0 la terrasse panoramique, d\u2019o\u00f9 l\u2019on peut profiter d\u2019une vue panoramique \u00e0 couper le souffle sur Paris.<\/p>\n\n\n\n<p><\/p>\n<\/div>\n\n\n\n<div class=\"wp-block-column is-layout-flow wp-block-column-is-layout-flow\">\n<h2 class=\"wp-block-heading\"><a href=\"https:\/\/meridiens.org\/meridienjmstephf\/?p=700\" data-type=\"post\" data-id=\"700\">Hypertension Art\u00e9rielle Et Acupuncture : \u00c0 Propos D\u2019une Observation<\/a><\/h2>\n\n\n<div class=\"wp-block-image\">\n<figure class=\"aligncenter size-full\"><a href=\"https:\/\/meridiens.org\/meridienjmstephf\/?p=700\"><img loading=\"lazy\" decoding=\"async\" width=\"1632\" height=\"918\" src=\"https:\/\/meridiens.org\/meridienjmstephf\/wp-content\/uploads\/2025\/08\/Hakone-Kanagawa-Japon.jpg\" alt=\"Vall\u00e9e Owakudani \u2013 crat\u00e8re d\u00e9gageant sous la pression des fumeroles de soufre et de sulfure d\u2019hydrog\u00e8ne \u2013 Hakone-Kanagawa-Japon.\" class=\"wp-image-732\" srcset=\"https:\/\/meridiens.org\/meridienjmstephf\/wp-content\/uploads\/2025\/08\/Hakone-Kanagawa-Japon.jpg 1632w, https:\/\/meridiens.org\/meridienjmstephf\/wp-content\/uploads\/2025\/08\/Hakone-Kanagawa-Japon-300x169.jpg 300w, https:\/\/meridiens.org\/meridienjmstephf\/wp-content\/uploads\/2025\/08\/Hakone-Kanagawa-Japon-1024x576.jpg 1024w, https:\/\/meridiens.org\/meridienjmstephf\/wp-content\/uploads\/2025\/08\/Hakone-Kanagawa-Japon-768x432.jpg 768w, https:\/\/meridiens.org\/meridienjmstephf\/wp-content\/uploads\/2025\/08\/Hakone-Kanagawa-Japon-1536x864.jpg 1536w, https:\/\/meridiens.org\/meridienjmstephf\/wp-content\/uploads\/2025\/08\/Hakone-Kanagawa-Japon-624x351.jpg 624w\" sizes=\"auto, (max-width: 1632px) 100vw, 1632px\" \/><\/a><figcaption class=\"wp-element-caption\">Vall\u00e9e Owakudani \u2013 crat\u00e8re d\u00e9gageant sous la pression des fumeroles de soufre et de sulfure d\u2019hydrog\u00e8ne \u2013 Hakone-Kanagawa-Japon.<\/figcaption><\/figure>\n<\/div>\n\n\n<p class=\"has-small-font-size\"><strong>R\u00e9sum\u00e9&nbsp;<\/strong>:&nbsp;<em>Introduction.<\/em>&nbsp;L\u2019objectif de ce travail est d\u2019\u00e9valuer la possibilit\u00e9 d\u2019utiliser l\u2019acupuncture dans l\u2019hypertension art\u00e9rielle.&nbsp;<em>M\u00e9thodes.&nbsp;<\/em>Une \u00e9tude d\u2019un cas clinique d\u2019une hypertension art\u00e9rielle de grade 3 permet d\u2019\u00e9tudier un protocole de traitement d\u2019acupuncture suivant les&nbsp;<em>zheng<\/em>. Apr\u00e8s un rappel de la classification g\u00e9n\u00e9ralement admise et de la physiopathologie selon la M\u00e9decine Traditionnelle Chinoise (MTC), un \u00e9tat des lieux des essais contr\u00f4l\u00e9s randomis\u00e9s est r\u00e9alis\u00e9.&nbsp;<em>R\u00e9sultats.<\/em>&nbsp;L\u2019acupuncture ne doit pas \u00eatre utilis\u00e9e en monoth\u00e9rapie. Cependant, selon les preuves issues de m\u00e9ta-analyses, on peut maintenant consid\u00e9rer sa contribution utile et efficace en adjonction \u00e0 la th\u00e9rapeutique usuelle.&nbsp;<em>Conclusion.&nbsp;<\/em>Il n\u2019existe pas de preuves suffisantes d\u2019efficacit\u00e9 pour que l\u2019acupuncture fasse partie en monoth\u00e9rapie du panel de soins de sant\u00e9 dans l\u2019HTA.<\/p>\n\n\n<div class=\"wp-block-image\">\n<figure class=\"aligncenter size-full\"><a href=\"https:\/\/meridiens.org\/meridienjmstephf\/?p=700\"><img loading=\"lazy\" decoding=\"async\" width=\"1450\" height=\"984\" src=\"https:\/\/meridiens.org\/meridienjmstephf\/wp-content\/uploads\/2025\/08\/Paris-du-haut-de-la-Basilique-du-Sacre-Coeur.jpg\" alt=\"Paris \u2013 du haut de la Basilique du Sacr\u00e9-C\u0153ur (XIXe EC)\" class=\"wp-image-733\" srcset=\"https:\/\/meridiens.org\/meridienjmstephf\/wp-content\/uploads\/2025\/08\/Paris-du-haut-de-la-Basilique-du-Sacre-Coeur.jpg 1450w, https:\/\/meridiens.org\/meridienjmstephf\/wp-content\/uploads\/2025\/08\/Paris-du-haut-de-la-Basilique-du-Sacre-Coeur-300x204.jpg 300w, https:\/\/meridiens.org\/meridienjmstephf\/wp-content\/uploads\/2025\/08\/Paris-du-haut-de-la-Basilique-du-Sacre-Coeur-1024x695.jpg 1024w, https:\/\/meridiens.org\/meridienjmstephf\/wp-content\/uploads\/2025\/08\/Paris-du-haut-de-la-Basilique-du-Sacre-Coeur-768x521.jpg 768w, https:\/\/meridiens.org\/meridienjmstephf\/wp-content\/uploads\/2025\/08\/Paris-du-haut-de-la-Basilique-du-Sacre-Coeur-624x423.jpg 624w\" sizes=\"auto, (max-width: 1450px) 100vw, 1450px\" \/><\/a><figcaption class=\"wp-element-caption\">Paris \u2013 du haut de la Basilique du Sacr\u00e9-C\u0153ur (XIXe EC)<\/figcaption><\/figure>\n<\/div><\/div>\n<\/div>\n\n\n\n<p><\/p>\n","protected":false},"excerpt":{"rendered":"<p>Jeff Koons&nbsp;est un artiste contemporain am\u00e9ricain connu pour ses sculptures et ses installations audacieuses. N\u00e9 le 21 janvier 1955 \u00e0 York, en Pennsylvanie, Koons est l\u2019une des figures les plus influentes de l\u2019art contemporain depuis les ann\u00e9es 1980. Son travail explore les concepts de la pop culture, de la consommation, du kitsch et de la [&hellip;]<\/p>\n","protected":false},"author":1,"featured_media":0,"parent":0,"menu_order":0,"comment_status":"closed","ping_status":"closed","template":"","meta":{"footnotes":""},"class_list":["post-696","page","type-page","status-publish","hentry"],"_links":{"self":[{"href":"https:\/\/meridiens.org\/meridienjmstephf\/index.php?rest_route=\/wp\/v2\/pages\/696","targetHints":{"allow":["GET"]}}],"collection":[{"href":"https:\/\/meridiens.org\/meridienjmstephf\/index.php?rest_route=\/wp\/v2\/pages"}],"about":[{"href":"https:\/\/meridiens.org\/meridienjmstephf\/index.php?rest_route=\/wp\/v2\/types\/page"}],"author":[{"embeddable":true,"href":"https:\/\/meridiens.org\/meridienjmstephf\/index.php?rest_route=\/wp\/v2\/users\/1"}],"replies":[{"embeddable":true,"href":"https:\/\/meridiens.org\/meridienjmstephf\/index.php?rest_route=%2Fwp%2Fv2%2Fcomments&post=696"}],"version-history":[{"count":10,"href":"https:\/\/meridiens.org\/meridienjmstephf\/index.php?rest_route=\/wp\/v2\/pages\/696\/revisions"}],"predecessor-version":[{"id":1172,"href":"https:\/\/meridiens.org\/meridienjmstephf\/index.php?rest_route=\/wp\/v2\/pages\/696\/revisions\/1172"}],"wp:attachment":[{"href":"https:\/\/meridiens.org\/meridienjmstephf\/index.php?rest_route=%2Fwp%2Fv2%2Fmedia&parent=696"}],"curies":[{"name":"wp","href":"https:\/\/api.w.org\/{rel}","templated":true}]}}