{"id":711,"date":"2025-08-27T20:42:48","date_gmt":"2025-08-27T20:42:48","guid":{"rendered":"https:\/\/meridiens.org\/meridienjmstephf\/?page_id=711"},"modified":"2025-09-03T09:14:04","modified_gmt":"2025-09-03T09:14:04","slug":"electroacupuncture-et-autres-techniques","status":"publish","type":"page","link":"https:\/\/meridiens.org\/meridienjmstephf\/?page_id=711","title":{"rendered":"Electroacupuncture et autres techniques"},"content":{"rendered":"<div class=\"wp-block-image is-style-default\">\n<figure class=\"aligncenter size-full is-resized\"><img loading=\"lazy\" decoding=\"async\" width=\"1574\" height=\"803\" src=\"https:\/\/meridiens.org\/meridienjmstephf\/wp-content\/uploads\/2025\/08\/electrique-Japon_Kyoto-3-e1756890774722.jpg\" alt=\"C\u00e2bles \u00e9lectriques \u00e0 Kyoto (Japon)\" class=\"wp-image-852\" style=\"width:900px\" srcset=\"https:\/\/meridiens.org\/meridienjmstephf\/wp-content\/uploads\/2025\/08\/electrique-Japon_Kyoto-3-e1756890774722.jpg 1574w, https:\/\/meridiens.org\/meridienjmstephf\/wp-content\/uploads\/2025\/08\/electrique-Japon_Kyoto-3-e1756890774722-300x153.jpg 300w, https:\/\/meridiens.org\/meridienjmstephf\/wp-content\/uploads\/2025\/08\/electrique-Japon_Kyoto-3-e1756890774722-1024x522.jpg 1024w, https:\/\/meridiens.org\/meridienjmstephf\/wp-content\/uploads\/2025\/08\/electrique-Japon_Kyoto-3-e1756890774722-768x392.jpg 768w, https:\/\/meridiens.org\/meridienjmstephf\/wp-content\/uploads\/2025\/08\/electrique-Japon_Kyoto-3-e1756890774722-1536x784.jpg 1536w, https:\/\/meridiens.org\/meridienjmstephf\/wp-content\/uploads\/2025\/08\/electrique-Japon_Kyoto-3-e1756890774722-624x318.jpg 624w\" sizes=\"auto, (max-width: 1574px) 100vw, 1574px\" \/><figcaption class=\"wp-element-caption\">C\u00e2bles \u00e9lectriques \u00e0 Kyoto (Japon)<\/figcaption><\/figure>\n<\/div>\n\n\n<p class=\"has-background has-small-font-size\" style=\"background:linear-gradient(135deg,rgb(238,238,238) 83%,rgb(169,184,195) 100%)\"><strong>Kyoto&nbsp;<\/strong>est situ\u00e9e dans la r\u00e9gion de Kansai, au centre de l\u2019\u00eele principale du Japon, Honshu. Elle se trouve \u00e0 environ 400 kilom\u00e8tres \u00e0 l\u2019ouest de Tokyo. L\u2019histoire de Kyoto remonte \u00e0 plus de 1 200 ans. De 794 \u00e0 1868, Kyoto a \u00e9t\u00e9 la capitale du Japon pendant la p\u00e9riode de l\u2019histoire du pays appel\u00e9e l\u2019\u00e9poque de Heian. Pendant cette p\u00e9riode, la ville \u00e9tait connue sous le nom de Heian-kyo. Kyoto \u00e9tait souvent le lieu de r\u00e9sidence des empereurs japonais et le centre politique et culturel du pays. En raison de son riche h\u00e9ritage historique, Kyoto abrite de nombreux monuments historiques et culturels. La ville compte plus de 1 600 temples bouddhistes, plusieurs palais imp\u00e9riaux, des jardins traditionnels, des sanctuaires shinto, et des quartiers pr\u00e9serv\u00e9s qui refl\u00e8tent l\u2019architecture et le mode de vie japonais traditionnels. Certains des sites les plus c\u00e9l\u00e8bres de Kyoto comprennent le temple Kinkaku-ji (Pavillon d\u2019or), le temple de Kiyomizu-dera, le ch\u00e2teau de Nijo, et le sanctuaire de Fushimi Inari Taisha. Kyoto compte actuellement environ 1,46 million d\u2019habitants.<\/p>\n\n\n\n<div class=\"wp-block-columns is-layout-flex wp-container-core-columns-is-layout-9d6595d7 wp-block-columns-is-layout-flex\">\n<div class=\"wp-block-column is-layout-flow wp-block-column-is-layout-flow\">\n<h2 class=\"wp-block-heading\"><a href=\"https:\/\/meridiens.org\/meridienjmstephf\/?p=716\" data-type=\"post\" data-id=\"716\">Moxibustion : \u00e9tude synth\u00e9tique et int\u00e9r\u00eat en obst\u00e9trique<\/a><\/h2>\n\n\n\n<figure class=\"wp-block-image size-full\"><a href=\"https:\/\/meridiens.org\/meridienjmstephf\/?p=716\"><img loading=\"lazy\" decoding=\"async\" width=\"1800\" height=\"1144\" src=\"https:\/\/meridiens.org\/meridienjmstephf\/wp-content\/uploads\/2025\/08\/Cremation-au-temple-de-Pashupatinath-Katmandou-Nepal.jpg\" alt=\"Cr\u00e9mation au temple de Pashupatinath \u2013 Katmandou \u2013 N\u00e9pal\" class=\"wp-image-856\" srcset=\"https:\/\/meridiens.org\/meridienjmstephf\/wp-content\/uploads\/2025\/08\/Cremation-au-temple-de-Pashupatinath-Katmandou-Nepal.jpg 1800w, https:\/\/meridiens.org\/meridienjmstephf\/wp-content\/uploads\/2025\/08\/Cremation-au-temple-de-Pashupatinath-Katmandou-Nepal-300x191.jpg 300w, https:\/\/meridiens.org\/meridienjmstephf\/wp-content\/uploads\/2025\/08\/Cremation-au-temple-de-Pashupatinath-Katmandou-Nepal-1024x651.jpg 1024w, https:\/\/meridiens.org\/meridienjmstephf\/wp-content\/uploads\/2025\/08\/Cremation-au-temple-de-Pashupatinath-Katmandou-Nepal-768x488.jpg 768w, https:\/\/meridiens.org\/meridienjmstephf\/wp-content\/uploads\/2025\/08\/Cremation-au-temple-de-Pashupatinath-Katmandou-Nepal-1536x976.jpg 1536w, https:\/\/meridiens.org\/meridienjmstephf\/wp-content\/uploads\/2025\/08\/Cremation-au-temple-de-Pashupatinath-Katmandou-Nepal-624x397.jpg 624w\" sizes=\"auto, (max-width: 1800px) 100vw, 1800px\" \/><\/a><figcaption class=\"wp-element-caption\">Cr\u00e9mation au temple de Pashupatinath \u2013 Katmandou \u2013 N\u00e9pal<\/figcaption><\/figure>\n\n\n\n<p class=\"has-small-font-size\"><strong>R\u00e9sum\u00e9<\/strong>&nbsp;:&nbsp;<em>Introduction.<\/em>&nbsp;L\u2019objectif de ce travail est d\u2019\u00e9valuer la possibilit\u00e9 d\u2019utiliser la moxibustion en obst\u00e9trique.&nbsp;<em>M\u00e9thodes.<\/em>&nbsp;Apr\u00e8s avoir \u00e9tudi\u00e9 l\u2019origine, les diff\u00e9rentes vari\u00e9t\u00e9s, puis d\u00e9crit les caract\u00e9ristiques g\u00e9n\u00e9rales de la moxibustion, \u00e0 savoir les effets thermiques, \u00e9lectromagn\u00e9tiques et pharmacologiques, cette \u00e9tude synth\u00e9tique s\u2019int\u00e9ressera aux effets secondaires et la s\u00e9curit\u00e9. Des \u00e9tudes de cas concernant l\u2019int\u00e9r\u00eat de la moxibustion dans les versions pour pr\u00e9sentation de si\u00e8ge seront \u00e0 la base de la discussion faisant un \u00e9tat des lieux des m\u00e9ta-analyses et des essais comparatifs randomis\u00e9s (ECR) ainsi que d\u2019une explication th\u00e9orique des m\u00e9canismes d\u2019action de la moxibustion. M\u00eame approche concernant le syndrome douloureux pelvien gravidique (syndrome de Lacomme) et les douleurs lombaires basses. Les autres applications de la moxibustion, telles l\u2019asth\u00e9nie, l\u2019acc\u00e9l\u00e9ration du travail seront \u00e9galement \u00e9tudi\u00e9es.&nbsp;<\/p>\n\n\n\n<figure class=\"wp-block-image size-full\"><a href=\"https:\/\/meridiens.org\/meridienjmstephf\/?p=716\"><img loading=\"lazy\" decoding=\"async\" width=\"1423\" height=\"958\" src=\"https:\/\/meridiens.org\/meridienjmstephf\/wp-content\/uploads\/2025\/08\/Kandy-Sri-Lanka-Ceylan.jpg\" alt=\"Goudronnage de route \u00e0 Kandy \u2013 Sri Lanka (Ceylan)\" class=\"wp-image-858\" srcset=\"https:\/\/meridiens.org\/meridienjmstephf\/wp-content\/uploads\/2025\/08\/Kandy-Sri-Lanka-Ceylan.jpg 1423w, https:\/\/meridiens.org\/meridienjmstephf\/wp-content\/uploads\/2025\/08\/Kandy-Sri-Lanka-Ceylan-300x202.jpg 300w, https:\/\/meridiens.org\/meridienjmstephf\/wp-content\/uploads\/2025\/08\/Kandy-Sri-Lanka-Ceylan-1024x689.jpg 1024w, https:\/\/meridiens.org\/meridienjmstephf\/wp-content\/uploads\/2025\/08\/Kandy-Sri-Lanka-Ceylan-768x517.jpg 768w, https:\/\/meridiens.org\/meridienjmstephf\/wp-content\/uploads\/2025\/08\/Kandy-Sri-Lanka-Ceylan-624x420.jpg 624w\" sizes=\"auto, (max-width: 1423px) 100vw, 1423px\" \/><\/a><figcaption class=\"wp-element-caption\">Goudronnage de route \u00e0 Kandy \u2013 Sri Lanka (Ceylan)<\/figcaption><\/figure>\n\n\n\n<p class=\"has-small-font-size\"><em>R\u00e9sultats.&nbsp;<\/em>Il est souhaitable que la moxibustion soit propos\u00e9e dans le panel des soins de sant\u00e9 \u00e0 offrir aux femmes enceintes associ\u00e9e ou non aux autres techniques comme l\u2019acupuncture ou l\u2019\u00e9lectroacupuncture.&nbsp;<em>Conclusion<\/em>. La moxibustion peut \u00eatre utilis\u00e9e seule ou en association avec le traitement classique dans le cadre de la m\u00e9decine int\u00e9grative. Selon les preuves issues des m\u00e9ta-analyses, des ECR, on peut consid\u00e9rer sa contribution utile, efficace et sans effets ind\u00e9sirables. N\u00e9anmoins, du fait de nombreux biais (population insuffisante, grande h\u00e9t\u00e9rog\u00e9n\u00e9it\u00e9 des ECR, etc.), il est n\u00e9cessaire de r\u00e9aliser des ECR de grande qualit\u00e9 m\u00e9thodologique pour que l\u2019on puisse proposer la moxibustion en obst\u00e9trique avec un grade A de preuve scientifique \u00e9tablie selon la Haute Autorit\u00e9 de Sant\u00e9 fran\u00e7aise.<\/p>\n<\/div>\n\n\n\n<div class=\"wp-block-column is-layout-flow wp-block-column-is-layout-flow\">\n<h2 class=\"wp-block-heading\"><a href=\"https:\/\/meridiens.org\/meridienjmstephf\/?p=718\" data-type=\"post\" data-id=\"718\">Laser de faible puissance et utilisation en acupuncture : principes physiques et m\u00e9canismes d\u2019action<\/a><\/h2>\n\n\n\n<figure class=\"wp-block-image size-full is-resized\"><a href=\"https:\/\/meridiens.org\/meridienjmstephf\/?p=718\"><img loading=\"lazy\" decoding=\"async\" width=\"1866\" height=\"1203\" src=\"https:\/\/meridiens.org\/meridienjmstephf\/wp-content\/uploads\/2025\/08\/Concert-Lille.jpg\" alt=\"Concert au Palais Rameau \u2013 Lille \u2013 France\" class=\"wp-image-862\" style=\"width:800px\" srcset=\"https:\/\/meridiens.org\/meridienjmstephf\/wp-content\/uploads\/2025\/08\/Concert-Lille.jpg 1866w, https:\/\/meridiens.org\/meridienjmstephf\/wp-content\/uploads\/2025\/08\/Concert-Lille-300x193.jpg 300w, https:\/\/meridiens.org\/meridienjmstephf\/wp-content\/uploads\/2025\/08\/Concert-Lille-1024x660.jpg 1024w, https:\/\/meridiens.org\/meridienjmstephf\/wp-content\/uploads\/2025\/08\/Concert-Lille-768x495.jpg 768w, https:\/\/meridiens.org\/meridienjmstephf\/wp-content\/uploads\/2025\/08\/Concert-Lille-1536x990.jpg 1536w, https:\/\/meridiens.org\/meridienjmstephf\/wp-content\/uploads\/2025\/08\/Concert-Lille-624x402.jpg 624w\" sizes=\"auto, (max-width: 1866px) 100vw, 1866px\" \/><\/a><figcaption class=\"wp-element-caption\">Concert au Palais Rameau \u2013 Lille \u2013 France<\/figcaption><\/figure>\n\n\n\n<p class=\"has-small-font-size\"><strong>R\u00e9sum\u00e9&nbsp;:&nbsp;<\/strong>Une technique associ\u00e9e \u00e0 l\u2019acupuncture est le laser de faible puissance. Utilis\u00e9e sur le point d\u2019acupuncture, l\u2019\u00e9mission laser peut remplacer l\u2019aiguille. La connaissance de ses caract\u00e9ristiques physiques (longueur d\u2019onde, \u00e9nergie, puissance, irradiance, fluence) est primordiale pour un effet optimal de la th\u00e9rapie par acupuncture laser (TAL). Les \u00e9tudes exp\u00e9rimentales montrent que les effets photobiologiques r\u00e9sultent d\u2019effets directs avec stimulation de la microcirculation (effets sur l\u2019angiogen\u00e8se, stimulation trophique au niveau cellulaire) qui engendrent \u00e0 leur tour des effets indirects : anti-inflammatoires, antalgiques, trophiques, antiallergiques, effets de d\u00e9toxification par activation des radicaux libres. La TAL a donc un int\u00e9r\u00eat notable pour tous ceux craignant les aiguilles et doit faire partie du panel de soins de la m\u00e9decine moderne. N\u00e9anmoins des essais contr\u00f4l\u00e9s randomis\u00e9s sont n\u00e9cessaires pour mieux d\u00e9finir les param\u00e8tres d\u2019un traitement optimal.<\/p>\n\n\n\n<h2 class=\"wp-block-heading\"><a href=\"https:\/\/meridiens.org\/meridienjmstephf\/?p=724\" data-type=\"post\" data-id=\"724\">\u00c9lectroacupuncture : modalit\u00e9s techniques et implications pratiques dans les algies<\/a><\/h2>\n\n\n<div class=\"wp-block-image\">\n<figure class=\"aligncenter size-full\"><a href=\"https:\/\/meridiens.org\/meridienjmstephf\/?p=724\"><img loading=\"lazy\" decoding=\"async\" width=\"1573\" height=\"1049\" src=\"https:\/\/meridiens.org\/meridienjmstephf\/wp-content\/uploads\/2025\/08\/electrique-Japon_Kyoto1.jpg\" alt=\"Cables \u00e9lectriques et transformateurs dans les rues de Kyoto \u2013 Japon\" class=\"wp-image-864\" srcset=\"https:\/\/meridiens.org\/meridienjmstephf\/wp-content\/uploads\/2025\/08\/electrique-Japon_Kyoto1.jpg 1573w, https:\/\/meridiens.org\/meridienjmstephf\/wp-content\/uploads\/2025\/08\/electrique-Japon_Kyoto1-300x200.jpg 300w, https:\/\/meridiens.org\/meridienjmstephf\/wp-content\/uploads\/2025\/08\/electrique-Japon_Kyoto1-1024x683.jpg 1024w, https:\/\/meridiens.org\/meridienjmstephf\/wp-content\/uploads\/2025\/08\/electrique-Japon_Kyoto1-768x512.jpg 768w, https:\/\/meridiens.org\/meridienjmstephf\/wp-content\/uploads\/2025\/08\/electrique-Japon_Kyoto1-1536x1024.jpg 1536w, https:\/\/meridiens.org\/meridienjmstephf\/wp-content\/uploads\/2025\/08\/electrique-Japon_Kyoto1-624x416.jpg 624w\" sizes=\"auto, (max-width: 1573px) 100vw, 1573px\" \/><\/a><figcaption class=\"wp-element-caption\">Cables \u00e9lectriques et transformateurs dans les rues de Kyoto \u2013 Japon<\/figcaption><\/figure>\n<\/div>\n\n\n<p class=\"has-small-font-size\"><strong>R\u00e9sum\u00e9&nbsp;:<\/strong>&nbsp;De nombreux param\u00e8tres interviennent dans l\u2019analg\u00e9sie \u00e9lectroacupuncturale&nbsp;: la&nbsp; fr\u00e9quence, l\u2019intensit\u00e9, la dur\u00e9e d\u2019impulsion, le temps d\u2019intervention. On devra tenir compte \u00e0 la fois du d\u00e9veloppement de la tol\u00e9rance souvent li\u00e9 \u00e0 l\u2019octapeptide chol\u00e9cystokinine (CCK-8) ou \u00e0 la nociceptine, mais aussi de la variabilit\u00e9 individuelle \u00e0 l\u2019\u00e9lectroacupuncture (EA). Chez le rat, l\u2019effet optimum dans les algies par action de l\u2019EA sera obtenu globalement en stimulant par alternance en basse (2 Hz) et haute fr\u00e9quence (100 Hz) ou simplement \u00e0 la fr\u00e9quence de 15 Hz, de fa\u00e7on \u00e0 ce que les quatre sortes de peptides opio\u00efdes (endorphines, enk\u00e9phalines, endomorphines et dynorphine) soient lib\u00e9r\u00e9es simultan\u00e9ment. Il s\u2019agira \u00e9galement de ne pas d\u00e9passer les 30 minutes de stimulation sous peine de d\u00e9clencher le syst\u00e8me anti-opio\u00efde.<\/p>\n<\/div>\n\n\n\n<div class=\"wp-block-column is-layout-flow wp-block-column-is-layout-flow\">\n<h2 class=\"wp-block-heading\"><a href=\"https:\/\/meridiens.org\/meridienjmstephf\/?p=722\" data-type=\"post\" data-id=\"722\">Champs magn\u00e9tiques statiques et acupuncture : int\u00e9r\u00eat dans l\u2019antalgie ?<\/a><\/h2>\n\n\n<div class=\"wp-block-image\">\n<figure class=\"aligncenter size-full is-resized\"><a href=\"https:\/\/meridiens.org\/meridienjmstephf\/?p=722\"><img loading=\"lazy\" decoding=\"async\" width=\"1398\" height=\"1049\" src=\"https:\/\/meridiens.org\/meridienjmstephf\/wp-content\/uploads\/2025\/08\/eiffel.jpg\" alt=\"La tour Eiffel \u2013 Paris \u2013 France\" class=\"wp-image-866\" style=\"width:800px\" srcset=\"https:\/\/meridiens.org\/meridienjmstephf\/wp-content\/uploads\/2025\/08\/eiffel.jpg 1398w, https:\/\/meridiens.org\/meridienjmstephf\/wp-content\/uploads\/2025\/08\/eiffel-300x225.jpg 300w, https:\/\/meridiens.org\/meridienjmstephf\/wp-content\/uploads\/2025\/08\/eiffel-1024x768.jpg 1024w, https:\/\/meridiens.org\/meridienjmstephf\/wp-content\/uploads\/2025\/08\/eiffel-768x576.jpg 768w, https:\/\/meridiens.org\/meridienjmstephf\/wp-content\/uploads\/2025\/08\/eiffel-624x468.jpg 624w\" sizes=\"auto, (max-width: 1398px) 100vw, 1398px\" \/><\/a><figcaption class=\"wp-element-caption\">La tour Eiffel \u2013 Paris \u2013 France<\/figcaption><\/figure>\n<\/div>\n\n\n<p class=\"has-small-font-size\"><strong>R\u00e9sum\u00e9&nbsp;:&nbsp;<\/strong><em>Objectif.&nbsp;<\/em>Les champs magn\u00e9tiques statiques (CMS) engendr\u00e9s par les aimants pourraient-ils avoir un effet b\u00e9n\u00e9fique dans l\u2019am\u00e9lioration des algies&nbsp;?&nbsp;<em>M\u00e9thodes.<\/em>&nbsp;Les m\u00e9canismes biologiques des effets antalgiques des CMS sont \u00e9tudi\u00e9s en exp\u00e9rimentation animale. Une \u00e9tude de la revue de litt\u00e9rature (revues syst\u00e9matiques et m\u00e9ta-analyses) est r\u00e9alis\u00e9e concernant l\u2019application des aimants en un point quelconque de la peau ou sur les points sp\u00e9cifiques d\u2019acupuncture.&nbsp;<em>R\u00e9sultats.<\/em>On ne peut pas recommander l\u2019usage des CMS dans un but th\u00e9rapeutique antalgique. De m\u00eame, les preuves de l\u2019efficacit\u00e9 antalgique des dispositifs magn\u00e9tiques sur des points d\u2019acupuncture sont insuffisantes.&nbsp;<em>Conclusions.<\/em>&nbsp;Malgr\u00e9 quelques essais cliniques montrant une certaine efficacit\u00e9 dans les douleurs&nbsp;musculo-squelettiques, il est n\u00e9anmoins n\u00e9cessaire de r\u00e9aliser des essais contr\u00f4l\u00e9s randomis\u00e9s \u00e0 haute qualit\u00e9 m\u00e9thodologique.&nbsp;<\/p>\n\n\n\n<h2 class=\"wp-block-heading\"><a href=\"https:\/\/meridiens.org\/meridienjmstephf\/?p=714\" data-type=\"post\" data-id=\"714\">M\u00e9canismes neurophysiologiques de l\u2019\u00e9lectroacupuncture dans les algies<\/a><\/h2>\n\n\n\n<p class=\"has-small-font-size\"><strong>R\u00e9sum\u00e9&nbsp;:&nbsp;&nbsp;<\/strong>D\u00e8s la fin des ann\u00e9es 1970, les m\u00e9canismes neurophysiologiques de l\u2019\u00e9lectroacupuncture dans les algies commencent \u00e0 \u00eatre d\u00e9voil\u00e9s. Les peptides opio\u00efdes endog\u00e8nes (endorphines, enk\u00e9phalines, dynorphines, endomorphines) et leurs r\u00e9cepteurs \u00b5,&nbsp; \u03ba , \u03b4, le syst\u00e8me anti-opio\u00efde (nociceptine, CCK-8\u2026), le glutamate et ses r\u00e9cepteurs ionotropiques AMPA, KA, NMDA et enfin le syst\u00e8me inhibiteur descendant faisant intervenir s\u00e9rotonine et cath\u00e9colamines sont les diff\u00e9rents m\u00e9canismes que l\u2019\u00e9lectroacupuncture active en fonction de la fr\u00e9quence \u00e9lectrique. Par l\u2019exploration exp\u00e9rimentale chez l\u2019animal, mais aussi chez l\u2019homme par les techniques d\u2019imagerie (IRM fonctionnelle, tomographie par \u00e9mission de positons), on sait maintenant que les aires c\u00e9r\u00e9brales activ\u00e9es correspondent \u00e0 celles impliqu\u00e9es dans la douleur (par activation ou inactivation) : syst\u00e8mes hypothalamique, limbique et paralimbique, mais aussi tronc c\u00e9r\u00e9bral et corne dorsale de la moelle \u00e9pini\u00e8re.&nbsp;<\/p>\n\n\n<div class=\"wp-block-image\">\n<figure class=\"aligncenter size-full is-resized\"><a href=\"https:\/\/meridiens.org\/meridienjmstephf\/?p=714\"><img loading=\"lazy\" decoding=\"async\" width=\"1631\" height=\"944\" src=\"https:\/\/meridiens.org\/meridienjmstephf\/wp-content\/uploads\/2025\/08\/elec-2.jpg\" alt=\"Pont Dom-Lu\u00eds \u2013 Porto \u2013 Portugal\" class=\"wp-image-872\" style=\"width:800px\" srcset=\"https:\/\/meridiens.org\/meridienjmstephf\/wp-content\/uploads\/2025\/08\/elec-2.jpg 1631w, https:\/\/meridiens.org\/meridienjmstephf\/wp-content\/uploads\/2025\/08\/elec-2-300x174.jpg 300w, https:\/\/meridiens.org\/meridienjmstephf\/wp-content\/uploads\/2025\/08\/elec-2-1024x593.jpg 1024w, https:\/\/meridiens.org\/meridienjmstephf\/wp-content\/uploads\/2025\/08\/elec-2-768x445.jpg 768w, https:\/\/meridiens.org\/meridienjmstephf\/wp-content\/uploads\/2025\/08\/elec-2-1536x889.jpg 1536w, https:\/\/meridiens.org\/meridienjmstephf\/wp-content\/uploads\/2025\/08\/elec-2-624x361.jpg 624w\" sizes=\"auto, (max-width: 1631px) 100vw, 1631px\" \/><\/a><figcaption class=\"wp-element-caption\">Pont Dom-Lu\u00eds \u2013 Porto \u2013 Portugal<\/figcaption><\/figure>\n<\/div><\/div>\n<\/div>\n\n\n\n<p><\/p>\n\n\n\n<p><\/p>\n\n\n\n<p><\/p>\n","protected":false},"excerpt":{"rendered":"<p>Kyoto&nbsp;est situ\u00e9e dans la r\u00e9gion de Kansai, au centre de l\u2019\u00eele principale du Japon, Honshu. Elle se trouve \u00e0 environ 400 kilom\u00e8tres \u00e0 l\u2019ouest de Tokyo. L\u2019histoire de Kyoto remonte \u00e0 plus de 1 200 ans. De 794 \u00e0 1868, Kyoto a \u00e9t\u00e9 la capitale du Japon pendant la p\u00e9riode de l\u2019histoire du pays appel\u00e9e [&hellip;]<\/p>\n","protected":false},"author":1,"featured_media":0,"parent":0,"menu_order":0,"comment_status":"closed","ping_status":"closed","template":"","meta":{"footnotes":""},"class_list":["post-711","page","type-page","status-publish","hentry"],"_links":{"self":[{"href":"https:\/\/meridiens.org\/meridienjmstephf\/index.php?rest_route=\/wp\/v2\/pages\/711","targetHints":{"allow":["GET"]}}],"collection":[{"href":"https:\/\/meridiens.org\/meridienjmstephf\/index.php?rest_route=\/wp\/v2\/pages"}],"about":[{"href":"https:\/\/meridiens.org\/meridienjmstephf\/index.php?rest_route=\/wp\/v2\/types\/page"}],"author":[{"embeddable":true,"href":"https:\/\/meridiens.org\/meridienjmstephf\/index.php?rest_route=\/wp\/v2\/users\/1"}],"replies":[{"embeddable":true,"href":"https:\/\/meridiens.org\/meridienjmstephf\/index.php?rest_route=%2Fwp%2Fv2%2Fcomments&post=711"}],"version-history":[{"count":22,"href":"https:\/\/meridiens.org\/meridienjmstephf\/index.php?rest_route=\/wp\/v2\/pages\/711\/revisions"}],"predecessor-version":[{"id":1235,"href":"https:\/\/meridiens.org\/meridienjmstephf\/index.php?rest_route=\/wp\/v2\/pages\/711\/revisions\/1235"}],"wp:attachment":[{"href":"https:\/\/meridiens.org\/meridienjmstephf\/index.php?rest_route=%2Fwp%2Fv2%2Fmedia&parent=711"}],"curies":[{"name":"wp","href":"https:\/\/api.w.org\/{rel}","templated":true}]}}